{"id":28539,"date":"2026-02-27T00:42:25","date_gmt":"2026-02-27T00:42:25","guid":{"rendered":"https:\/\/nordicmart.andreevmaster.com\/product\/hylde-med-4-stofskuffer-beige-2\/"},"modified":"2026-02-27T09:19:43","modified_gmt":"2026-02-27T09:19:43","slug":"hylde-med-4-stofskuffer-beige-2","status":"publish","type":"product","link":"https:\/\/nordicmart.andreevmaster.com\/da\/vare\/hylde-med-4-stofskuffer-beige-2\/","title":{"rendered":"Hylde med 4 stofskuffer Beige"},"content":{"rendered":"<p>Den stilfulde foldegarderobe fra Songmics er den ideelle l\u00f8sning til hurtig og perfekt organisering!   Det best\u00e5r af et robust st\u00e5lr\u00f8rsstel og robust fleecestof. Det giver st\u00f8vfri og ren opbevaring af t\u00f8jet. Garderoben er meget pladsbesparende, s\u00e5 den passer ind i alle hj\u00f8rner! Denne foldbare tekstilgarderobe med 8 skuffer giver masser af plads til dit t\u00f8j, dine sko osv.  Det er ekstremt let og ideelt til transport. Skabet er ikke kun praktisk til opbevaring af t\u00f8j og andre ting, men fungerer ogs\u00e5 som dekoration og skaber mode og trends. Det skaber en p\u00e6n og ryddelig atmosf\u00e6re i dit hjem! Bem\u00e6rkninger: &#8211; Ikke egnet til fugtigt t\u00f8j. &#8211; Tr\u00e6k ikke voldsomt i den. &#8211; M\u00e5 ikke vaskes med vand. &#8211; Betr\u00e6k af fleecestof kan ikke vaskes med vand.produktoplysninger: &#8211; Farve: beige &#8211; M\u00e5l: 45 x 84,5 x 38 cm (B x H x D) &#8211; Materiale: fleecestof, st\u00e5lr\u00f8r &#8211; Skuffem\u00e5l: 41 x 16,5 x 35 cm Leveringsomfang: &#8211; 1 x skuffeskab<\/p>\n","protected":false},"excerpt":{"rendered":"<p>Den stilfulde foldegarderobe fra Songmics er den ideelle l\u00f8sning til hurtig og perfekt organisering! Det best\u00e5r af et robust st\u00e5lr\u00f8rsstel og robust fleecestof. Det giver st\u00f8vfri og ren opbevaring af t\u00f8jet. Garderoben er meget pladsbesparende, s\u00e5 den passer ind i alle hj\u00f8rner! Denne foldbare tekstilgarderobe med 8 skuffer giver masser af plads til dit t\u00f8j, [&hellip;]<\/p>\n","protected":false},"featured_media":0,"comment_status":"open","ping_status":"closed","template":"","meta":[],"product_brand":[],"product_cat":[31],"product_tag":[],"class_list":{"0":"post-28539","1":"product","2":"type-product","3":"status-publish","5":"product_cat-uncategorized-da","7":"first","8":"instock","9":"shipping-taxable","10":"product-type-simple"},"_links":{"self":[{"href":"https:\/\/nordicmart.andreevmaster.com\/da\/wp-json\/wp\/v2\/product\/28539","targetHints":{"allow":["GET"]}}],"collection":[{"href":"https:\/\/nordicmart.andreevmaster.com\/da\/wp-json\/wp\/v2\/product"}],"about":[{"href":"https:\/\/nordicmart.andreevmaster.com\/da\/wp-json\/wp\/v2\/types\/product"}],"replies":[{"embeddable":true,"href":"https:\/\/nordicmart.andreevmaster.com\/da\/wp-json\/wp\/v2\/comments?post=28539"}],"wp:attachment":[{"href":"https:\/\/nordicmart.andreevmaster.com\/da\/wp-json\/wp\/v2\/media?parent=28539"}],"wp:term":[{"taxonomy":"product_brand","embeddable":true,"href":"https:\/\/nordicmart.andreevmaster.com\/da\/wp-json\/wp\/v2\/product_brand?post=28539"},{"taxonomy":"product_cat","embeddable":true,"href":"https:\/\/nordicmart.andreevmaster.com\/da\/wp-json\/wp\/v2\/product_cat?post=28539"},{"taxonomy":"product_tag","embeddable":true,"href":"https:\/\/nordicmart.andreevmaster.com\/da\/wp-json\/wp\/v2\/product_tag?post=28539"}],"curies":[{"name":"wp","href":"https:\/\/api.w.org\/{rel}","templated":true}]}}