{"id":28537,"date":"2026-02-27T00:42:24","date_gmt":"2026-02-27T00:42:24","guid":{"rendered":"https:\/\/nordicmart.andreevmaster.com\/product\/hylde-med-4-stofskuffer-sort-2\/"},"modified":"2026-02-27T09:19:43","modified_gmt":"2026-02-27T09:19:43","slug":"hylde-med-4-stofskuffer-sort-2","status":"publish","type":"product","link":"https:\/\/nordicmart.andreevmaster.com\/da\/vare\/hylde-med-4-stofskuffer-sort-2\/","title":{"rendered":"Hylde med 4 stofskuffer sort"},"content":{"rendered":"<p>Udnyt hvert hj\u00f8rne af dit hjemDette skuffeskab fra SONGMICS giver masser af plads til dit t\u00f8j eller andre ting, og med en st\u00f8rrelse p\u00e5 45 x 38 x 84,5 cm (L x B x H) og en v\u00e6gt p\u00e5 kun 3 kg er det stadig s\u00e5 kompakt, at du kan placere det i ethvert hj\u00f8rne af dit hjem. Den smarte kommode er ogs\u00e5 et dekorativt m\u00f8bel, som du kan bruge til at give dit hjem et frisk pust. Beskyt dine ejendeleOpbevar ikke dine yndlingsting p\u00e5 et rodet sted fuld af st\u00f8v! Dette sideskab er udstyret med en robust metalramme og 4 \u00e5ndbare og fugtbestandige stofskuffer. Det giver derfor dine ejendele masser af plads og beskytter dem mod st\u00f8v og snavs. Ekstremt alsidigTakket v\u00e6re kommodens store kapacitet kan du opbevare en r\u00e6kke forskellige ting som leget\u00f8j, t\u00f8j eller skrivematerialer i de 4 skuffer. Placer dette skuffeskab ved siden af din seng i sovev\u00e6relset, i stuen, entr\u00e9en, b\u00f8rnev\u00e6relset, kontoret eller et hvilket som helst andet rum, du kan komme i tanke om. Produktdetaljer- Farve: Sort- Materiale: Tekstilkomposit, metalr\u00f8r, plast- St\u00f8rrelse: 45 x 38 x 84,5 cm (L x B x H)- V\u00e6gt: 3 kg- Maks. statisk belastningskapacitet pr. skuffe: 2 kg- Maks. statisk belastningskapacitet i alt: 8 kgLeveringsomfang- 1 x skuffeskab- 1 x brugsanvisningSONGMICS vejledning- Brug venligst ikke produktet udend\u00f8rs.<\/p>\n","protected":false},"excerpt":{"rendered":"<p>Udnyt hvert hj\u00f8rne af dit hjemDette skuffeskab fra SONGMICS giver masser af plads til dit t\u00f8j eller andre ting, og med en st\u00f8rrelse p\u00e5 45 x 38 x 84,5 cm (L x B x H) og en v\u00e6gt p\u00e5 kun 3 kg er det stadig s\u00e5 kompakt, at du kan placere det i ethvert hj\u00f8rne [&hellip;]<\/p>\n","protected":false},"featured_media":0,"comment_status":"open","ping_status":"closed","template":"","meta":[],"product_brand":[],"product_cat":[31],"product_tag":[],"class_list":{"0":"post-28537","1":"product","2":"type-product","3":"status-publish","5":"product_cat-uncategorized-da","7":"first","8":"instock","9":"shipping-taxable","10":"product-type-simple"},"_links":{"self":[{"href":"https:\/\/nordicmart.andreevmaster.com\/da\/wp-json\/wp\/v2\/product\/28537","targetHints":{"allow":["GET"]}}],"collection":[{"href":"https:\/\/nordicmart.andreevmaster.com\/da\/wp-json\/wp\/v2\/product"}],"about":[{"href":"https:\/\/nordicmart.andreevmaster.com\/da\/wp-json\/wp\/v2\/types\/product"}],"replies":[{"embeddable":true,"href":"https:\/\/nordicmart.andreevmaster.com\/da\/wp-json\/wp\/v2\/comments?post=28537"}],"wp:attachment":[{"href":"https:\/\/nordicmart.andreevmaster.com\/da\/wp-json\/wp\/v2\/media?parent=28537"}],"wp:term":[{"taxonomy":"product_brand","embeddable":true,"href":"https:\/\/nordicmart.andreevmaster.com\/da\/wp-json\/wp\/v2\/product_brand?post=28537"},{"taxonomy":"product_cat","embeddable":true,"href":"https:\/\/nordicmart.andreevmaster.com\/da\/wp-json\/wp\/v2\/product_cat?post=28537"},{"taxonomy":"product_tag","embeddable":true,"href":"https:\/\/nordicmart.andreevmaster.com\/da\/wp-json\/wp\/v2\/product_tag?post=28537"}],"curies":[{"name":"wp","href":"https:\/\/api.w.org\/{rel}","templated":true}]}}