{"id":28535,"date":"2026-02-27T00:42:24","date_gmt":"2026-02-27T00:42:24","guid":{"rendered":"https:\/\/nordicmart.andreevmaster.com\/product\/royal-tidlos-sengebord-hvid\/"},"modified":"2026-02-27T09:19:42","modified_gmt":"2026-02-27T09:19:42","slug":"royal-tidlos-sengebord-hvid","status":"publish","type":"product","link":"https:\/\/nordicmart.andreevmaster.com\/da\/vare\/royal-tidlos-sengebord-hvid\/","title":{"rendered":"Royal tidl\u00f8s sengebord hvid"},"content":{"rendered":"<p>Royal sengebordet kombinerer elegant design med maksimal funktionalitet og tilbyder en l\u00f8sning skr\u00e6ddersyet til behovene hos b\u00e5de yngre og \u00e6ldre b\u00f8rn, samt for\u00e6ldre. Dens kompakte st\u00f8rrelse g\u00f8r det muligt at placere det hvor som helst i hjemmet og giver det perfekte komplement til ethvert rum med komfort og stil.   <\/p>\n<p>N\u00f8gleegenskaber:<\/p>\n<p>-Praktisk opbevaring: To skuffer p\u00e5 GTV kuglelejer giver plads til de mest n\u00f8dvendige nipsting<br \/>\n-Elegance og ergonomi: Denne unikke funktion kombinerer ergonomiske, smukke og gyldne runde retro greb, som ikke kun forbedrer brugerkomforten, men ogs\u00e5 giver et distintivt, sofistikeret udseende.<br \/>\n-Alsidedighed i brug: Passer perfekt til Royal sengen med m\u00e5l 90&#215;200, men dens fleksibilitet tillader parring med forskellige senge, b\u00e5de i et b\u00f8rnev\u00e6relse og i for\u00e6ldrenes sovev\u00e6relse.<br \/>\n-Sikre materialer: Opfylder europ\u00e6iske sikkerhedsstandarder, med b\u00f8rnevenlige vandbaserede lakker.   <\/p>\n<p>Materialer og finish:<br \/>\n-Ben: lakeret b\u00f8getr\u00e6<br \/>\n-Top og skuffefronter: Lakeret MDF plade<br \/>\n-Sider: laminatplade<br \/>\n-Skuffesider og bagsider, bundbinding: laminatplade Vandbaserede lakker brugt i lakeringsprocessen er sikre for b\u00f8rn og certificeret i henhold til EN71\/3 standarden for b\u00f8rnem\u00f8bler og leget\u00f8j. <\/p>\n<p>M\u00e5l:<br \/>\n-H\u00f8jde: 59 cm<br \/>\n-Dybde: 40 cm<br \/>\n-Bredde: 51 cm <\/p>\n<p>Tilg\u00e6ngelige farver:<br \/>\n-Tidl\u00f8s hvid <\/p>\n<p>Plejeinstruktioner:<br \/>\nM\u00f8blerne skal t\u00f8rres af med en bl\u00f8d bomuldsklud fugtet med vand eller et m\u00f8belplejeprodukt for at bevare dens sk\u00f8nhed og holdbarhed i \u00e5revis.   <\/p>\n<p>Yderligere oplysninger:<br \/>\nM\u00f8blerne leveres i pakker til selvmontering, med letforst\u00e5elige instruktioner og n\u00f8dvendigt udstyr.<\/p>\n","protected":false},"excerpt":{"rendered":"<p>Royal sengebordet kombinerer elegant design med maksimal funktionalitet og tilbyder en l\u00f8sning skr\u00e6ddersyet til behovene hos b\u00e5de yngre og \u00e6ldre b\u00f8rn, samt for\u00e6ldre. Dens kompakte st\u00f8rrelse g\u00f8r det muligt at placere det hvor som helst i hjemmet og giver det perfekte komplement til ethvert rum med komfort og stil. N\u00f8gleegenskaber: -Praktisk opbevaring: To skuffer p\u00e5 [&hellip;]<\/p>\n","protected":false},"featured_media":0,"comment_status":"open","ping_status":"closed","template":"","meta":[],"product_brand":[],"product_cat":[31],"product_tag":[],"class_list":{"0":"post-28535","1":"product","2":"type-product","3":"status-publish","5":"product_cat-uncategorized-da","7":"first","8":"instock","9":"shipping-taxable","10":"purchasable","11":"product-type-simple"},"_links":{"self":[{"href":"https:\/\/nordicmart.andreevmaster.com\/da\/wp-json\/wp\/v2\/product\/28535","targetHints":{"allow":["GET"]}}],"collection":[{"href":"https:\/\/nordicmart.andreevmaster.com\/da\/wp-json\/wp\/v2\/product"}],"about":[{"href":"https:\/\/nordicmart.andreevmaster.com\/da\/wp-json\/wp\/v2\/types\/product"}],"replies":[{"embeddable":true,"href":"https:\/\/nordicmart.andreevmaster.com\/da\/wp-json\/wp\/v2\/comments?post=28535"}],"wp:attachment":[{"href":"https:\/\/nordicmart.andreevmaster.com\/da\/wp-json\/wp\/v2\/media?parent=28535"}],"wp:term":[{"taxonomy":"product_brand","embeddable":true,"href":"https:\/\/nordicmart.andreevmaster.com\/da\/wp-json\/wp\/v2\/product_brand?post=28535"},{"taxonomy":"product_cat","embeddable":true,"href":"https:\/\/nordicmart.andreevmaster.com\/da\/wp-json\/wp\/v2\/product_cat?post=28535"},{"taxonomy":"product_tag","embeddable":true,"href":"https:\/\/nordicmart.andreevmaster.com\/da\/wp-json\/wp\/v2\/product_tag?post=28535"}],"curies":[{"name":"wp","href":"https:\/\/api.w.org\/{rel}","templated":true}]}}