{"id":28533,"date":"2026-02-27T00:42:23","date_gmt":"2026-02-27T00:42:23","guid":{"rendered":"https:\/\/nordicmart.andreevmaster.com\/product\/royal-tidlos-hvid-puslebord\/"},"modified":"2026-02-27T09:19:42","modified_gmt":"2026-02-27T09:19:42","slug":"royal-tidlos-hvid-puslebord","status":"publish","type":"product","link":"https:\/\/nordicmart.andreevmaster.com\/da\/vare\/royal-tidlos-hvid-puslebord\/","title":{"rendered":"Royal tidl\u00f8s hvid puslebord"},"content":{"rendered":"<p>Luksus, fantasi, stil<br \/>\nKollektion til en rigtig prinsesse og en rigtig prins. Interi\u00f8ret, som hersker over fantastiske former, \u00e6dle finishes og stilfulde dekorationer. M\u00f8blerne til de mest kr\u00e6vende smag. For b\u00e5de sm\u00e5 og store elskere af designklassikere. <\/p>\n<p>Hovedfordele:<br \/>\n&#8211; sikkert, praktisk og komfortabelt sted, som g\u00f8r det lettere at skifte babyens bleer,<br \/>\n-udvider overfladen af kommoden, s\u00e5 barnet er sikkert og alle plejeprodukter er inden for r\u00e6kkevidde,<br \/>\n&#8211; passer perfekt til Royal kommoden,<br \/>\n&#8211; kan monteres p\u00e5 venstre og h\u00f8jre side samt i midten af kommoden,<br \/>\n&#8211; B\u00e5de samling og adskillelse er meget hurtig og nem; efter fjernelse ingen m\u00e6rker tilbage p\u00e5 kommoden,<br \/>\n&#8211; overholder de europ\u00e6iske sikkerhedsstandarder og normer. <\/p>\n<p>M\u00e5l (cm):<br \/>\nl\u00e6ngde: 75,8<br \/>\nbredde: 59,6<br \/>\nh\u00f8jde: 8 <\/p>\n<p>Yderligere oplysninger :<br \/>\n-tekstilindsatse \/ puslem\u00e5tter med maksimale m\u00e5l p\u00e5 56 cm x 75 cm kan fastg\u00f8res til pusleenheden<br \/>\n-maksimal v\u00e6gt af et barn p\u00e5 pusleenheden: 15kg <\/p>\n<p>Design og finish:<br \/>\n&#8211; MDF lakeret plade, <\/p>\n<p>De lakker, der bruges i produktionsprocessen, er sikre for b\u00f8rn og certificeret i henhold til EN71\/3 <\/p>\n<p>Farve:<br \/>\n&#8211; hvid (NCS S 0505-R70B) <\/p>\n<p>Brugsanvisning:<br \/>\nM\u00f8blerne skal t\u00f8rres af med en bl\u00f8d bomuldsklud fugtet med vand eller et m\u00f8belplejeprodukt. <\/p>\n<p>Samling:<br \/>\nM\u00f8blerne leveres i pakker til selvmontering. Detaljerede samlevejledninger findes i pakkerne sammen med udstyret.<\/p>\n","protected":false},"excerpt":{"rendered":"<p>Luksus, fantasi, stil Kollektion til en rigtig prinsesse og en rigtig prins. Interi\u00f8ret, som hersker over fantastiske former, \u00e6dle finishes og stilfulde dekorationer. M\u00f8blerne til de mest kr\u00e6vende smag. For b\u00e5de sm\u00e5 og store elskere af designklassikere. Hovedfordele: &#8211; sikkert, praktisk og komfortabelt sted, som g\u00f8r det lettere at skifte babyens bleer, -udvider overfladen af [&hellip;]<\/p>\n","protected":false},"featured_media":0,"comment_status":"open","ping_status":"closed","template":"","meta":[],"product_brand":[],"product_cat":[31],"product_tag":[],"class_list":{"0":"post-28533","1":"product","2":"type-product","3":"status-publish","5":"product_cat-uncategorized-da","7":"first","8":"instock","9":"shipping-taxable","10":"purchasable","11":"product-type-simple"},"_links":{"self":[{"href":"https:\/\/nordicmart.andreevmaster.com\/da\/wp-json\/wp\/v2\/product\/28533","targetHints":{"allow":["GET"]}}],"collection":[{"href":"https:\/\/nordicmart.andreevmaster.com\/da\/wp-json\/wp\/v2\/product"}],"about":[{"href":"https:\/\/nordicmart.andreevmaster.com\/da\/wp-json\/wp\/v2\/types\/product"}],"replies":[{"embeddable":true,"href":"https:\/\/nordicmart.andreevmaster.com\/da\/wp-json\/wp\/v2\/comments?post=28533"}],"wp:attachment":[{"href":"https:\/\/nordicmart.andreevmaster.com\/da\/wp-json\/wp\/v2\/media?parent=28533"}],"wp:term":[{"taxonomy":"product_brand","embeddable":true,"href":"https:\/\/nordicmart.andreevmaster.com\/da\/wp-json\/wp\/v2\/product_brand?post=28533"},{"taxonomy":"product_cat","embeddable":true,"href":"https:\/\/nordicmart.andreevmaster.com\/da\/wp-json\/wp\/v2\/product_cat?post=28533"},{"taxonomy":"product_tag","embeddable":true,"href":"https:\/\/nordicmart.andreevmaster.com\/da\/wp-json\/wp\/v2\/product_tag?post=28533"}],"curies":[{"name":"wp","href":"https:\/\/api.w.org\/{rel}","templated":true}]}}