{"id":28531,"date":"2026-02-27T00:42:23","date_gmt":"2026-02-27T00:42:23","guid":{"rendered":"https:\/\/nordicmart.andreevmaster.com\/product\/royal-tidlos-hvid-seng-90x200\/"},"modified":"2026-02-27T09:19:41","modified_gmt":"2026-02-27T09:19:41","slug":"royal-tidlos-hvid-seng-90x200","status":"publish","type":"product","link":"https:\/\/nordicmart.andreevmaster.com\/da\/vare\/royal-tidlos-hvid-seng-90x200\/","title":{"rendered":"Royal tidl\u00f8s hvid seng 90&#215;200"},"content":{"rendered":"<p>Luksus, fantasi, stil<br \/>\nKollektion til en rigtig prinsesse og en rigtig prins. Interi\u00f8ret, som hersker over fantastiske former, \u00e6dle finishes og stilfulde dekorationer. M\u00f8blerne til de mest kr\u00e6vende smag. For b\u00e5de sm\u00e5 og store elskere af designklassikere. <\/p>\n<p>Hovedfordele:<br \/>\n&#8211; standard st\u00f8rrelse af det \u00f8verste soveomr\u00e5de &#8211; madras og tekstiler kan nemt matches,<br \/>\n&#8211; en universal sikkerhedsr\u00e6ling kan tilf\u00f8jes for at forhindre fald ud (option),<br \/>\n&#8211; tr\u00e6ramme til madras inkluderet,<br \/>\n&#8211; overholder europ\u00e6iske sikkerhedsstandarder og normer. <\/p>\n<p>M\u00e5l (cm):<br \/>\nh\u00f8jde: 98<br \/>\ndybde: 97<br \/>\nbredde: 209,6 <\/p>\n<p>Design og finish:<br \/>\n&#8211; MDF lakeret plade,<br \/>\n&#8211; h\u00f8j kvalitet laminatplade modstandsdygtig over for skader og fugt, let at holde ren, <\/p>\n<p>De lakker, der bruges i produktionsprocessen, er sikre for b\u00f8rn og certificeret i henhold til EN71\/3 <\/p>\n<p>Farve:<br \/>\n&#8211; hvid (NCS S 0505-R70B) <\/p>\n<p>Brugsanvisning:<br \/>\nM\u00f8blerne skal t\u00f8rres af med en bl\u00f8d bomuldsklud fugtet med vand eller et m\u00f8belplejeprodukt. <\/p>\n<p>Samling:<br \/>\nM\u00f8blerne leveres i pakker til selvmontering. Detaljerede samlevejledninger findes i pakkerne sammen med udstyret<\/p>\n","protected":false},"excerpt":{"rendered":"<p>Luksus, fantasi, stil Kollektion til en rigtig prinsesse og en rigtig prins. Interi\u00f8ret, som hersker over fantastiske former, \u00e6dle finishes og stilfulde dekorationer. M\u00f8blerne til de mest kr\u00e6vende smag. For b\u00e5de sm\u00e5 og store elskere af designklassikere. Hovedfordele: &#8211; standard st\u00f8rrelse af det \u00f8verste soveomr\u00e5de &#8211; madras og tekstiler kan nemt matches, &#8211; en universal [&hellip;]<\/p>\n","protected":false},"featured_media":0,"comment_status":"open","ping_status":"closed","template":"","meta":[],"product_brand":[],"product_cat":[31],"product_tag":[],"class_list":{"0":"post-28531","1":"product","2":"type-product","3":"status-publish","5":"product_cat-uncategorized-da","7":"first","8":"instock","9":"shipping-taxable","10":"purchasable","11":"product-type-simple"},"_links":{"self":[{"href":"https:\/\/nordicmart.andreevmaster.com\/da\/wp-json\/wp\/v2\/product\/28531","targetHints":{"allow":["GET"]}}],"collection":[{"href":"https:\/\/nordicmart.andreevmaster.com\/da\/wp-json\/wp\/v2\/product"}],"about":[{"href":"https:\/\/nordicmart.andreevmaster.com\/da\/wp-json\/wp\/v2\/types\/product"}],"replies":[{"embeddable":true,"href":"https:\/\/nordicmart.andreevmaster.com\/da\/wp-json\/wp\/v2\/comments?post=28531"}],"wp:attachment":[{"href":"https:\/\/nordicmart.andreevmaster.com\/da\/wp-json\/wp\/v2\/media?parent=28531"}],"wp:term":[{"taxonomy":"product_brand","embeddable":true,"href":"https:\/\/nordicmart.andreevmaster.com\/da\/wp-json\/wp\/v2\/product_brand?post=28531"},{"taxonomy":"product_cat","embeddable":true,"href":"https:\/\/nordicmart.andreevmaster.com\/da\/wp-json\/wp\/v2\/product_cat?post=28531"},{"taxonomy":"product_tag","embeddable":true,"href":"https:\/\/nordicmart.andreevmaster.com\/da\/wp-json\/wp\/v2\/product_tag?post=28531"}],"curies":[{"name":"wp","href":"https:\/\/api.w.org\/{rel}","templated":true}]}}