{"id":28530,"date":"2026-02-27T00:42:22","date_gmt":"2026-02-27T00:42:22","guid":{"rendered":"https:\/\/nordicmart.andreevmaster.com\/product\/royal-tidlos-hvid-babyseng-70x140-sovesofa-70x140\/"},"modified":"2026-02-27T09:19:41","modified_gmt":"2026-02-27T09:19:41","slug":"royal-tidlos-hvid-babyseng-70x140-sovesofa-70x140","status":"publish","type":"product","link":"https:\/\/nordicmart.andreevmaster.com\/da\/vare\/royal-tidlos-hvid-babyseng-70x140-sovesofa-70x140\/","title":{"rendered":"Royal tidl\u00f8s hvid babyseng 70&#215;140 \/ sovesofa 70&#215;140"},"content":{"rendered":"<p>Luksus, fantasi, stil<br \/>\nKollektion til en rigtig prinsesse og en rigtig prins. Interi\u00f8ret, som hersker over fantastiske former, \u00e6dle finishes og stilfulde dekorationer. M\u00f8blerne til de mest kr\u00e6vende smag. For b\u00e5de sm\u00e5 og store elskere af designklassikere. <\/p>\n<p>Hovedfordele:<br \/>\n&#8211; tre aftagelige st\u00e6nger som en del af rammen p\u00e5 sengen enabling dit barn at komme ind og ud af sengen frit,<br \/>\n&#8211; tre niveauer af position af madrasbasen tilpasset barnets udvikling (58\/45,5\/28 cm fra gulvet),<br \/>\n&#8211; kan omdannes til en sofa, ved at fjerne en af rammerne,<br \/>\n&#8211; forberedt til fastg\u00f8relse af barrierer, der beskytter barnet mod at falde ud af sengen mens det sover (option),<br \/>\n-rummelig skuffe udstyret med hjul afsluttet med en gummistripe, sikker for dit gulv,<br \/>\n&#8211; overholder europ\u00e6iske sikkerhedsstandarder og normer. <\/p>\n<p>M\u00e5l (cm):<br \/>\nl\u00e6ngde: 149,3<br \/>\nbredde: 78,4<br \/>\nh\u00f8jde: 96,9 <\/p>\n<p>Yderligere oplysninger :<br \/>\n&#8211; madras med f\u00f8lgende m\u00e5l passer til sengen: 140 cm x 70 cm<br \/>\n&#8211; levetid: op til ca. 6 \u00e5r. <\/p>\n<p>Design og finish:<br \/>\n&#8211; MDF lakeret plade,<br \/>\n&#8211; h\u00f8j kvalitet laminatplade modstandsdygtig over for skader og fugt, let at holde ren,<br \/>\n&#8211; b\u00f8getr\u00e6 lakeret.<br \/>\n&#8211; b\u00f8ge krydsfiner<br \/>\n&#8211; Blum skinner med et system til at bremse lukningen af skuffer, <\/p>\n<p>De lakker, der bruges i produktionsprocessen, er sikre for b\u00f8rn og certificeret i henhold til EN71\/3 <\/p>\n<p>Farve:<br \/>\n&#8211; hvid (NCS S 0505-R70B) <\/p>\n<p>Brugsanvisning:<br \/>\nM\u00f8blerne skal t\u00f8rres af med en bl\u00f8d bomuldsklud fugtet med vand eller et m\u00f8belplejeprodukt. <\/p>\n<p>Samling:<br \/>\nM\u00f8blerne leveres i pakker til selvmontering. Detaljerede samlevejledninger findes i pakkerne sammen med udstyret.<\/p>\n","protected":false},"excerpt":{"rendered":"<p>Luksus, fantasi, stil Kollektion til en rigtig prinsesse og en rigtig prins. Interi\u00f8ret, som hersker over fantastiske former, \u00e6dle finishes og stilfulde dekorationer. M\u00f8blerne til de mest kr\u00e6vende smag. For b\u00e5de sm\u00e5 og store elskere af designklassikere. Hovedfordele: &#8211; tre aftagelige st\u00e6nger som en del af rammen p\u00e5 sengen enabling dit barn at komme ind [&hellip;]<\/p>\n","protected":false},"featured_media":0,"comment_status":"open","ping_status":"closed","template":"","meta":[],"product_brand":[],"product_cat":[31],"product_tag":[],"class_list":{"0":"post-28530","1":"product","2":"type-product","3":"status-publish","5":"product_cat-uncategorized-da","7":"first","8":"instock","9":"shipping-taxable","10":"purchasable","11":"product-type-simple"},"_links":{"self":[{"href":"https:\/\/nordicmart.andreevmaster.com\/da\/wp-json\/wp\/v2\/product\/28530","targetHints":{"allow":["GET"]}}],"collection":[{"href":"https:\/\/nordicmart.andreevmaster.com\/da\/wp-json\/wp\/v2\/product"}],"about":[{"href":"https:\/\/nordicmart.andreevmaster.com\/da\/wp-json\/wp\/v2\/types\/product"}],"replies":[{"embeddable":true,"href":"https:\/\/nordicmart.andreevmaster.com\/da\/wp-json\/wp\/v2\/comments?post=28530"}],"wp:attachment":[{"href":"https:\/\/nordicmart.andreevmaster.com\/da\/wp-json\/wp\/v2\/media?parent=28530"}],"wp:term":[{"taxonomy":"product_brand","embeddable":true,"href":"https:\/\/nordicmart.andreevmaster.com\/da\/wp-json\/wp\/v2\/product_brand?post=28530"},{"taxonomy":"product_cat","embeddable":true,"href":"https:\/\/nordicmart.andreevmaster.com\/da\/wp-json\/wp\/v2\/product_cat?post=28530"},{"taxonomy":"product_tag","embeddable":true,"href":"https:\/\/nordicmart.andreevmaster.com\/da\/wp-json\/wp\/v2\/product_tag?post=28530"}],"curies":[{"name":"wp","href":"https:\/\/api.w.org\/{rel}","templated":true}]}}