{"id":28529,"date":"2026-02-27T00:42:22","date_gmt":"2026-02-27T00:42:22","guid":{"rendered":"https:\/\/nordicmart.andreevmaster.com\/product\/royal-tidlos-hvid-4-skuffers-kommode\/"},"modified":"2026-02-27T09:19:41","modified_gmt":"2026-02-27T09:19:41","slug":"royal-tidlos-hvid-4-skuffers-kommode","status":"publish","type":"product","link":"https:\/\/nordicmart.andreevmaster.com\/da\/vare\/royal-tidlos-hvid-4-skuffers-kommode\/","title":{"rendered":"Royal tidl\u00f8s hvid 4-skuffers kommode"},"content":{"rendered":"<p>Royal 4-skuffers kommode kombinerer klassisk design med funktionalitet og opfylder behovene hos b\u00e5de b\u00f8rn og voksne. Med sine elegante detaljer og praktiske funktioner passer den perfekt ind i forskellige interi\u00f8rer og skaber en stilfuld og komfortabel opbevaringsl\u00f8sning. Den er perfekt til et b\u00f8rnev\u00e6relse, s\u00f8skendes f\u00e6lles rum eller endda et sovev\u00e6relse <\/p>\n<p>N\u00f8gleegenskaber:<br \/>\n\u2022 Rummelig opbevaring: Fire rummelige skuffer, hvor den \u00f8verste er opdelt i to rum, muligg\u00f8r nem organisering.<br \/>\n\u2022 Elegance og ergonomi: Subtile dekorationer og praktiske, komfortable greb giver kommoden en unik karakter, ideel til b\u00f8rnev\u00e6relser eller sovev\u00e6relser.<br \/>\n\u2022 Alsidighed: Matcher andre elementer i Royal-kollektionen og passer s\u00f8ml\u00f8st ind i ethvert rum \u2013 fra et b\u00f8rnev\u00e6relse til f\u00e6lles opholdsomr\u00e5der.<br \/>\n\u2022 Sikre materialer: Fremstillet af certificerede materialer i overensstemmelse med sikkerhedsstandarder, hvilket g\u00f8r den sikker og b\u00f8rnevenlig.<\/p>\n<p>Materialer og finish:<br \/>\n\u2022 Skuffefronter, top, base: Hvid lakeret MDF-plade.<br \/>\n\u2022 Krop og sider: H\u00f8j kvalitet laminatplade, modstandsdygtig over for skader og fugt.<br \/>\n\u2022 Skuffeskinner: Blum skinner med et soft-close system sikrer stille og glat betjening.  <\/p>\n<p>Vandbaserede maling, certificeret i henhold til EN71\/3 standarder for b\u00f8rnem\u00f8blers sikkerhed, bruges i produktionsprocessen. <\/p>\n<p> M\u00e5l (cm): <\/p>\n<p>     \u2022 H\u00f8jde: 89,6<br \/>\n     \u2022 Dybde: 51<br \/>\n     \u2022 Bredde: 120 <\/p>\n<p>Indvendige m\u00e5l p\u00e5 skuffer: <\/p>\n<p>   \u00f8verste skuffe &#8211; 2 rum<br \/>\n       &#8211; h\u00f8jde: 14,5<br \/>\n       &#8211; dybde: 41,4<br \/>\n       &#8211; bredde: 53,8 <\/p>\n<p>   mellemste og nederste skuffe<br \/>\n       &#8211; h\u00f8jde 14,5<br \/>\n       &#8211; dybde 41.4<br \/>\n       &#8211; bredde 109.3 <\/p>\n<p> Tilg\u00e6ngelige farver: <\/p>\n<p>    \u2022 Tidl\u00f8s hvid <\/p>\n<p>Plejeinstruktioner:   <\/p>\n<p>T\u00f8r kommoden af med en bl\u00f8d bomuldsklud fugtet med vand eller en mild m\u00f8belrens for at bevare dens sk\u00f8nhed i \u00e5revis. <\/p>\n<p> Yderligere oplysninger: <\/p>\n<p>Kommoden leveres i fladpakker til selvmontering. Pakken indeholder detaljerede instruktioner og alle n\u00f8dvendige monteringskomponenter. <\/p>\n<p>Royal 4-skuffers kommode \u2013 Elegance, der skiller sig ud i ethvert interi\u00f8r!<\/p>\n","protected":false},"excerpt":{"rendered":"<p>Royal 4-skuffers kommode kombinerer klassisk design med funktionalitet og opfylder behovene hos b\u00e5de b\u00f8rn og voksne. Med sine elegante detaljer og praktiske funktioner passer den perfekt ind i forskellige interi\u00f8rer og skaber en stilfuld og komfortabel opbevaringsl\u00f8sning. Den er perfekt til et b\u00f8rnev\u00e6relse, s\u00f8skendes f\u00e6lles rum eller endda et sovev\u00e6relse N\u00f8gleegenskaber: \u2022 Rummelig opbevaring: Fire [&hellip;]<\/p>\n","protected":false},"featured_media":0,"comment_status":"open","ping_status":"closed","template":"","meta":[],"product_brand":[],"product_cat":[31],"product_tag":[],"class_list":{"0":"post-28529","1":"product","2":"type-product","3":"status-publish","5":"product_cat-uncategorized-da","7":"first","8":"instock","9":"shipping-taxable","10":"purchasable","11":"product-type-simple"},"_links":{"self":[{"href":"https:\/\/nordicmart.andreevmaster.com\/da\/wp-json\/wp\/v2\/product\/28529","targetHints":{"allow":["GET"]}}],"collection":[{"href":"https:\/\/nordicmart.andreevmaster.com\/da\/wp-json\/wp\/v2\/product"}],"about":[{"href":"https:\/\/nordicmart.andreevmaster.com\/da\/wp-json\/wp\/v2\/types\/product"}],"replies":[{"embeddable":true,"href":"https:\/\/nordicmart.andreevmaster.com\/da\/wp-json\/wp\/v2\/comments?post=28529"}],"wp:attachment":[{"href":"https:\/\/nordicmart.andreevmaster.com\/da\/wp-json\/wp\/v2\/media?parent=28529"}],"wp:term":[{"taxonomy":"product_brand","embeddable":true,"href":"https:\/\/nordicmart.andreevmaster.com\/da\/wp-json\/wp\/v2\/product_brand?post=28529"},{"taxonomy":"product_cat","embeddable":true,"href":"https:\/\/nordicmart.andreevmaster.com\/da\/wp-json\/wp\/v2\/product_cat?post=28529"},{"taxonomy":"product_tag","embeddable":true,"href":"https:\/\/nordicmart.andreevmaster.com\/da\/wp-json\/wp\/v2\/product_tag?post=28529"}],"curies":[{"name":"wp","href":"https:\/\/api.w.org\/{rel}","templated":true}]}}