{"id":28333,"date":"2026-02-27T00:41:26","date_gmt":"2026-02-27T00:41:26","guid":{"rendered":"https:\/\/nordicmart.andreevmaster.com\/product\/romantisk-toiletbord-2\/"},"modified":"2026-02-27T09:18:56","modified_gmt":"2026-02-27T09:18:56","slug":"romantisk-toiletbord-2","status":"publish","type":"product","link":"https:\/\/nordicmart.andreevmaster.com\/da\/vare\/romantisk-toiletbord-2\/","title":{"rendered":"Romantisk toiletbord"},"content":{"rendered":"<p>Vi pr\u00e6senterer dig for et &#8220;Queen Rose&#8221; toiletbord af h\u00f8j kvalitet i hvid til en uovertruffen pris! Den hvide lakfinish giver toiletbordet et ekstra moderne og elegant look!  Produktdetaljer:- M\u00e5l: 90 x 145 x 40 cm (B x H x D)- Farve: hvid- M\u00e5l p\u00e5 bordplade: 90 x 40 cm- Spejlm\u00e5l: 54 x 38 cm (B x H)- Skammel m\u00e5l: 37 x 45 x 28 cm (B x H x D)- M\u00e5l p\u00e5 lille skuffe: 16 x 6 x 7 cm (B x H x D)- Medium skuffe m\u00e5l: 25 x 6,2 x 25 cm (B x H x D)- M\u00e5l p\u00e5 den store skuffe: 25 x 6,2 x 14 cm (B x H x D)- Materiale: tr\u00e6fiberplade (MDF klasse E1) + tr\u00e6Bem\u00e6rkning: &#8211; For at undg\u00e5 at taburetten v\u00e6lter, m\u00e5 du ikke sidde p\u00e5 kanten af stolen. Og lad v\u00e6re med at ryste skamlen eller bare lade dig falde ned p\u00e5 den. N\u00e5r du sidder, skal hele s\u00e6det v\u00e6re optaget, og alle 4 ben skal altid v\u00e6re p\u00e5 gulvet.- Brug ikke en batteridrevet skruetr\u00e6kker til montering, men den medf\u00f8lgende unbrakon\u00f8gle.- Undg\u00e5 generelt enhver kontakt af overfladen med skarpe eller spidse genstande for at forhindre ridser. &#8211; F\u00f8lg vedligeholdelsesinstruktionerne, f\u00f8r du udf\u00f8rer service p\u00e5 bordet.  &#8211; For at undg\u00e5, at de forborede gevind i benene bliver beskadiget, og at skruerne sidder sk\u00e6vt, m\u00e5 du kun skrue skruerne i, n\u00e5r du samler benene, efter at alle borehullerne er justeret. &#8211; Fors\u00f8g ikke at samle bordet med magt. Det vil beskadige produktet.  Hvis du har problemer, bedes du kontakte vores kundeservice.  Leveringsomfang:- 1 x sminkebord &#8211; 1 x skammel- 1 x hardwarepose (i den lille skuffe p\u00e5 bordpladen)- 1 x brugsanvisning (DE, EN, FR, IT, ES)<\/p>\n","protected":false},"excerpt":{"rendered":"<p>Vi pr\u00e6senterer dig for et &#8220;Queen Rose&#8221; toiletbord af h\u00f8j kvalitet i hvid til en uovertruffen pris! Den hvide lakfinish giver toiletbordet et ekstra moderne og elegant look! Produktdetaljer:- M\u00e5l: 90 x 145 x 40 cm (B x H x D)- Farve: hvid- M\u00e5l p\u00e5 bordplade: 90 x 40 cm- Spejlm\u00e5l: 54 x 38 cm [&hellip;]<\/p>\n","protected":false},"featured_media":0,"comment_status":"open","ping_status":"closed","template":"","meta":[],"product_brand":[],"product_cat":[31],"product_tag":[],"class_list":{"0":"post-28333","1":"product","2":"type-product","3":"status-publish","5":"product_cat-uncategorized-da","7":"first","8":"instock","9":"shipping-taxable","10":"purchasable","11":"product-type-simple"},"_links":{"self":[{"href":"https:\/\/nordicmart.andreevmaster.com\/da\/wp-json\/wp\/v2\/product\/28333","targetHints":{"allow":["GET"]}}],"collection":[{"href":"https:\/\/nordicmart.andreevmaster.com\/da\/wp-json\/wp\/v2\/product"}],"about":[{"href":"https:\/\/nordicmart.andreevmaster.com\/da\/wp-json\/wp\/v2\/types\/product"}],"replies":[{"embeddable":true,"href":"https:\/\/nordicmart.andreevmaster.com\/da\/wp-json\/wp\/v2\/comments?post=28333"}],"wp:attachment":[{"href":"https:\/\/nordicmart.andreevmaster.com\/da\/wp-json\/wp\/v2\/media?parent=28333"}],"wp:term":[{"taxonomy":"product_brand","embeddable":true,"href":"https:\/\/nordicmart.andreevmaster.com\/da\/wp-json\/wp\/v2\/product_brand?post=28333"},{"taxonomy":"product_cat","embeddable":true,"href":"https:\/\/nordicmart.andreevmaster.com\/da\/wp-json\/wp\/v2\/product_cat?post=28333"},{"taxonomy":"product_tag","embeddable":true,"href":"https:\/\/nordicmart.andreevmaster.com\/da\/wp-json\/wp\/v2\/product_tag?post=28333"}],"curies":[{"name":"wp","href":"https:\/\/api.w.org\/{rel}","templated":true}]}}