{"id":28270,"date":"2026-02-27T00:41:08","date_gmt":"2026-02-27T00:41:08","guid":{"rendered":"https:\/\/nordicmart.andreevmaster.com\/product\/frakkestativ-fritstaende-frakkestativ-halltrae-med-2-hylder-til-toj-hatte-tasker-industriel-stil-rustik-brun-og-sort-rcr16bx-2\/"},"modified":"2026-02-27T09:18:42","modified_gmt":"2026-02-27T09:18:42","slug":"frakkestativ-fritstaende-frakkestativ-halltrae-med-2-hylder-til-toj-hatte-tasker-industriel-stil-rustik-brun-og-sort-rcr16bx-2","status":"publish","type":"product","link":"https:\/\/nordicmart.andreevmaster.com\/da\/vare\/frakkestativ-fritstaende-frakkestativ-halltrae-med-2-hylder-til-toj-hatte-tasker-industriel-stil-rustik-brun-og-sort-rcr16bx-2\/","title":{"rendered":"Frakkestativ fritst\u00e5ende, frakkestativ, halltr\u00e6 med 2 hylder, til t\u00f8j, hatte, tasker, industriel stil, rustik brun og sort RCR16BX"},"content":{"rendered":"<p>Du vil elske det! Har du ingen steder at organisere dit rodede t\u00f8j, der ligger p\u00e5 sofaen? Dette hall-tr\u00e6 vil hj\u00e6lpe dig med at komme ud af rodet! Stativet har en enkel trekantet silhuet og kan prale af 6 elegante kroge og to robuste hylder &#8211; hold styr p\u00e5 tingene.<\/p>\n<p>Stabilitet f\u00f8rst: Knager\u00e6kken er fremstillet af en st\u00e5lramme og en tyk sp\u00e5nplade og har en overlegen holdbarhed og stabilitet; den trekantede base giver ekstra stabilitet; hver krog kan b\u00e6re op til 11 lb, hver hylde 22 lb<\/p>\n<p>Design til ekstra opbevaring: To trekantede hylder med en i\u00f8jnefaldende rustik brun overflade er prikken over i&#8217;et p\u00e5 stativet og giver ekstra opbevaringsplads; du kan tilf\u00f8je en potteplante for at give det hele liv.<\/p>\n<p>Minimalistisk stil: Denne minimalistiske knager\u00e6kke skaber et roligt og organiseret rum med plads til at tr\u00e6kke vejret i dit hjem; \u00e5bn d\u00f8ren og tag den tunge frakke af, slap af og slap af sidst p\u00e5 dagen.<\/p>\n<p>Hvad du f\u00e5r med: En knager\u00e6kke i industriel stil med 6 glatte kroge og to trekantede opbevaringshylder, en tilbeh\u00f8rspose og en vejledning, der er nem at f\u00f8lge &#8211; giv dit hjem et organiseret og stilfuldt look.<\/p>\n<p>Dit hjem b\u00f8r v\u00e6re et fristed, hvor du kan slappe af fra omverdenens stress. Men dit hjem er altid et rod, hvor t\u00f8j, tasker osv. flyver rundt og \u00f8del\u00e6gger din hygge? Hvordan kan du slippe af med rodet? K\u00f8b SONGMICS knager\u00e6kke, og tag det f\u00f8rste skridt mod at eliminere kaos. Et h\u00f8jdepunkt i hj\u00f8rnet af dit v\u00e6relse Kombinationen af sort st\u00e5l og vintagehylder g\u00f8r denne enkle knager\u00e6kke til et h\u00f8jdepunkt i dit hjem. Mere end bare et dekorativt element Ud over sit attraktive udseende er knager\u00e6kken ogs\u00e5 meget praktisk, s\u00e5 du kan h\u00e6nge alle dine hverdagsting p\u00e6nt op. Der er 6 kroge og 2 ekstra hylder til dine jakker, tasker osv. Denne knager\u00e6kke skaber overskuelighed i din entr\u00e9, s\u00e5 der opst\u00e5r en f\u00f8lelse af hygge, s\u00e5 snart du tr\u00e6der ind i dit hjem.produktdetaljer: &#8211; Farve: Vintage brun-sort &#8211; Materiale: St\u00e5l, MDF-plader &#8211; M\u00e5l: 49 x 179 x 49 cm (B x H x D) &#8211; V\u00e6gt: 4,46 kg &#8211; Maks. Belastningskapacitet pr. krog: 5 kg &#8211; Max. Maks. belastningskapacitet pr. hylde: 10 kg Leveringsomfang: &#8211; 1 x knager\u00e6kke &#8211; 1 x brugsanvisning (DE, EN, FR, ES, IT)<\/p>\n","protected":false},"excerpt":{"rendered":"<p>Du vil elske det! Har du ingen steder at organisere dit rodede t\u00f8j, der ligger p\u00e5 sofaen? Dette hall-tr\u00e6 vil hj\u00e6lpe dig med at komme ud af rodet! Stativet har en enkel trekantet silhuet og kan prale af 6 elegante kroge og to robuste hylder &#8211; hold styr p\u00e5 tingene. Stabilitet f\u00f8rst: Knager\u00e6kken er fremstillet [&hellip;]<\/p>\n","protected":false},"featured_media":0,"comment_status":"open","ping_status":"closed","template":"","meta":[],"product_brand":[],"product_cat":[31],"product_tag":[],"class_list":{"0":"post-28270","1":"product","2":"type-product","3":"status-publish","5":"product_cat-uncategorized-da","7":"first","8":"instock","9":"shipping-taxable","10":"product-type-simple"},"_links":{"self":[{"href":"https:\/\/nordicmart.andreevmaster.com\/da\/wp-json\/wp\/v2\/product\/28270","targetHints":{"allow":["GET"]}}],"collection":[{"href":"https:\/\/nordicmart.andreevmaster.com\/da\/wp-json\/wp\/v2\/product"}],"about":[{"href":"https:\/\/nordicmart.andreevmaster.com\/da\/wp-json\/wp\/v2\/types\/product"}],"replies":[{"embeddable":true,"href":"https:\/\/nordicmart.andreevmaster.com\/da\/wp-json\/wp\/v2\/comments?post=28270"}],"wp:attachment":[{"href":"https:\/\/nordicmart.andreevmaster.com\/da\/wp-json\/wp\/v2\/media?parent=28270"}],"wp:term":[{"taxonomy":"product_brand","embeddable":true,"href":"https:\/\/nordicmart.andreevmaster.com\/da\/wp-json\/wp\/v2\/product_brand?post=28270"},{"taxonomy":"product_cat","embeddable":true,"href":"https:\/\/nordicmart.andreevmaster.com\/da\/wp-json\/wp\/v2\/product_cat?post=28270"},{"taxonomy":"product_tag","embeddable":true,"href":"https:\/\/nordicmart.andreevmaster.com\/da\/wp-json\/wp\/v2\/product_tag?post=28270"}],"curies":[{"name":"wp","href":"https:\/\/api.w.org\/{rel}","templated":true}]}}