{"id":28240,"date":"2026-02-27T00:41:00","date_gmt":"2026-02-27T00:41:00","guid":{"rendered":"https:\/\/nordicmart.andreevmaster.com\/product\/knageraekke-i-industriel-stil-vintage-brun-sort-2\/"},"modified":"2026-02-27T09:18:36","modified_gmt":"2026-02-27T09:18:36","slug":"knageraekke-i-industriel-stil-vintage-brun-sort-2","status":"publish","type":"product","link":"https:\/\/nordicmart.andreevmaster.com\/da\/vare\/knageraekke-i-industriel-stil-vintage-brun-sort-2\/","title":{"rendered":"Knager\u00e6kke i industriel stil vintage brun-sort"},"content":{"rendered":"<p>Detaljer om produktet: &#8211; Farve: vintage brun-sort &#8211; Materiale: sp\u00e5nplade, st\u00e5l &#8211; St\u00f8rrelse: 38 x 38 x 171 cm (L x B x H) &#8211; V\u00e6gt: 3,7 kg &#8211; Maks. statisk belastningskapacitet pr. krog: 3 kg &#8211; Maks. statisk belastningskapacitet p\u00e5 hylden: 5 kg Leveringsomfang:- 1 x knager\u00e6kke- 1 x tilbeh\u00f8rspakke- 1 x brugsanvisning (DE, FR, EN, ES, IT)VASAGLE Bem\u00e6rkninger:- Af sikkerhedsm\u00e6ssige \u00e5rsager m\u00e5 b\u00f8rn ikke klatre p\u00e5 eller lege med produktet. H\u00e6ng venligst genstande j\u00e6vnt fordelt p\u00e5 stativet for at forhindre, at det v\u00e6lter.<\/p>\n","protected":false},"excerpt":{"rendered":"<p>Detaljer om produktet: &#8211; Farve: vintage brun-sort &#8211; Materiale: sp\u00e5nplade, st\u00e5l &#8211; St\u00f8rrelse: 38 x 38 x 171 cm (L x B x H) &#8211; V\u00e6gt: 3,7 kg &#8211; Maks. statisk belastningskapacitet pr. krog: 3 kg &#8211; Maks. statisk belastningskapacitet p\u00e5 hylden: 5 kg Leveringsomfang:- 1 x knager\u00e6kke- 1 x tilbeh\u00f8rspakke- 1 x brugsanvisning (DE, [&hellip;]<\/p>\n","protected":false},"featured_media":0,"comment_status":"open","ping_status":"closed","template":"","meta":[],"product_brand":[],"product_cat":[31],"product_tag":[],"class_list":{"0":"post-28240","1":"product","2":"type-product","3":"status-publish","5":"product_cat-uncategorized-da","7":"first","8":"instock","9":"shipping-taxable","10":"product-type-simple"},"_links":{"self":[{"href":"https:\/\/nordicmart.andreevmaster.com\/da\/wp-json\/wp\/v2\/product\/28240","targetHints":{"allow":["GET"]}}],"collection":[{"href":"https:\/\/nordicmart.andreevmaster.com\/da\/wp-json\/wp\/v2\/product"}],"about":[{"href":"https:\/\/nordicmart.andreevmaster.com\/da\/wp-json\/wp\/v2\/types\/product"}],"replies":[{"embeddable":true,"href":"https:\/\/nordicmart.andreevmaster.com\/da\/wp-json\/wp\/v2\/comments?post=28240"}],"wp:attachment":[{"href":"https:\/\/nordicmart.andreevmaster.com\/da\/wp-json\/wp\/v2\/media?parent=28240"}],"wp:term":[{"taxonomy":"product_brand","embeddable":true,"href":"https:\/\/nordicmart.andreevmaster.com\/da\/wp-json\/wp\/v2\/product_brand?post=28240"},{"taxonomy":"product_cat","embeddable":true,"href":"https:\/\/nordicmart.andreevmaster.com\/da\/wp-json\/wp\/v2\/product_cat?post=28240"},{"taxonomy":"product_tag","embeddable":true,"href":"https:\/\/nordicmart.andreevmaster.com\/da\/wp-json\/wp\/v2\/product_tag?post=28240"}],"curies":[{"name":"wp","href":"https:\/\/api.w.org\/{rel}","templated":true}]}}