{"id":28211,"date":"2026-02-27T00:40:51","date_gmt":"2026-02-27T00:40:51","guid":{"rendered":"https:\/\/nordicmart.andreevmaster.com\/product\/gaming-stol-med-fodstotte-2\/"},"modified":"2026-02-27T09:18:30","modified_gmt":"2026-02-27T09:18:30","slug":"gaming-stol-med-fodstotte-2","status":"publish","type":"product","link":"https:\/\/nordicmart.andreevmaster.com\/da\/vare\/gaming-stol-med-fodstotte-2\/","title":{"rendered":"Gaming-stol med fodst\u00f8tte"},"content":{"rendered":"<p>Rollespil, first-person shooters, tower defence eller online poker &#8211; hvilken computerspilsgenre er du til? Uanset om du er en tryllekunstner, der forbander dine modstandere eller venter sp\u00e6ndt p\u00e5 en royal flush, vil vores gamingstol hj\u00e6lpe dig p\u00e5 vej til sejr.H\u00f8j kvalitet, komfortabel, multifunktionel: Det ergonomiske design og s\u00e6det med det formstabile skum sikrer maksimal komfort, selv hvis din modstander er v\u00e6k i lang tid. Hvis du vil tage en lur eller streame en video indimellem, skal du bare folde den praktiske fodst\u00f8tte ud, og computerstolen har ogs\u00e5 mange funktioner. Arml\u00e6nene kan bev\u00e6ges fleksibelt op, ned, til venstre og til h\u00f8jre. Stolen kan ogs\u00e5 vippes bagud i op til 135 grader. Denne gamerstol er ogs\u00e5 et slidst\u00e6rkt produkt med en st\u00e5lramme. Vores stjernebase har best\u00e5et SGS-st\u00f8dtesten og den statiske tryktest (certifikat nr. AJHL1811002706FT; indehaver: producent af stjernebasen). Testet kvalitet!Produktdetaljer:Farve: Sort camouflageMateriale: Refleksskum med h\u00f8j densitet, s\u00e6deramme og base af st\u00e5l, betr\u00e6k af milj\u00f8venligt PU- og netstof, nylonhjulSt\u00f8rrelse: 69 x 70,5 x 128-138 cm (L x B x H)V\u00e6gt: 22 kgMaksimal belastningskapacitet: 150 kgLeveringsomfang:1 x gamingstol1 x unbrakon\u00f8gle1 x tilbeh\u00f8rstaske1 x brugsanvisning (DE, EN, ES, FR, IT)SONGMICS Bem\u00e6rkninger:V\u00e6r opm\u00e6rksom p\u00e5 pilen i bunden af s\u00e6det, og saml stolen i overensstemmelse hermed.Sid ikke p\u00e5 stolens forkant. Det forhindrer, at du kommer til skade, hvis stolen v\u00e6lter.<\/p>\n","protected":false},"excerpt":{"rendered":"<p>Rollespil, first-person shooters, tower defence eller online poker &#8211; hvilken computerspilsgenre er du til? Uanset om du er en tryllekunstner, der forbander dine modstandere eller venter sp\u00e6ndt p\u00e5 en royal flush, vil vores gamingstol hj\u00e6lpe dig p\u00e5 vej til sejr.H\u00f8j kvalitet, komfortabel, multifunktionel: Det ergonomiske design og s\u00e6det med det formstabile skum sikrer maksimal komfort, [&hellip;]<\/p>\n","protected":false},"featured_media":0,"comment_status":"open","ping_status":"closed","template":"","meta":[],"product_brand":[],"product_cat":[31],"product_tag":[],"class_list":{"0":"post-28211","1":"product","2":"type-product","3":"status-publish","5":"product_cat-uncategorized-da","7":"first","8":"instock","9":"shipping-taxable","10":"product-type-simple"},"_links":{"self":[{"href":"https:\/\/nordicmart.andreevmaster.com\/da\/wp-json\/wp\/v2\/product\/28211","targetHints":{"allow":["GET"]}}],"collection":[{"href":"https:\/\/nordicmart.andreevmaster.com\/da\/wp-json\/wp\/v2\/product"}],"about":[{"href":"https:\/\/nordicmart.andreevmaster.com\/da\/wp-json\/wp\/v2\/types\/product"}],"replies":[{"embeddable":true,"href":"https:\/\/nordicmart.andreevmaster.com\/da\/wp-json\/wp\/v2\/comments?post=28211"}],"wp:attachment":[{"href":"https:\/\/nordicmart.andreevmaster.com\/da\/wp-json\/wp\/v2\/media?parent=28211"}],"wp:term":[{"taxonomy":"product_brand","embeddable":true,"href":"https:\/\/nordicmart.andreevmaster.com\/da\/wp-json\/wp\/v2\/product_brand?post=28211"},{"taxonomy":"product_cat","embeddable":true,"href":"https:\/\/nordicmart.andreevmaster.com\/da\/wp-json\/wp\/v2\/product_cat?post=28211"},{"taxonomy":"product_tag","embeddable":true,"href":"https:\/\/nordicmart.andreevmaster.com\/da\/wp-json\/wp\/v2\/product_tag?post=28211"}],"curies":[{"name":"wp","href":"https:\/\/api.w.org\/{rel}","templated":true}]}}