{"id":28183,"date":"2026-02-27T00:40:43","date_gmt":"2026-02-27T00:40:43","guid":{"rendered":"https:\/\/nordicmart.andreevmaster.com\/product\/rainbow-sunset-vaeghylde\/"},"modified":"2026-02-27T09:18:24","modified_gmt":"2026-02-27T09:18:24","slug":"rainbow-sunset-vaeghylde","status":"publish","type":"product","link":"https:\/\/nordicmart.andreevmaster.com\/da\/vare\/rainbow-sunset-vaeghylde\/","title":{"rendered":"Rainbow sunset v\u00e6ghylde"},"content":{"rendered":"<p>Rainbow hylde <\/p>\n<p>Hylden fra Rainbow-kollektionen er ideelt egnet til behovene hos b\u00e5de de mindste og \u00e6ldre b\u00f8rn. Den er udstyret med et skab og tre hylder, hvilket g\u00f8r den meget funktionel og rummelig. Den kan monteres over skrivebordet, sengen og lavt til gulvet, hvilket giver nem adgang til b\u00f8ger, leget\u00f8j og andre nipsting. To hylder er afsluttet med et tr\u00e6stop, hvilket yderligere beskytter b\u00f8gerne mod at falde ud. <\/p>\n<p>Produktegenskaber: <\/p>\n<p>&#8211; 4 rummelige hylder, <\/p>\n<p>&#8211; 1 \u00e5bnbart skab, <\/p>\n<p>&#8211; 2 tr\u00e6stop for at forhindre genstande placeret p\u00e5 hylden i at falde ud, <\/p>\n<p>&#8211; kan h\u00e6nges h\u00f8jt p\u00e5 v\u00e6ggen eller ved siden af gulvet, hvilket giver barnet nem adgang til hylden, <\/p>\n<p>&#8211; masser af plads til b\u00f8ger, tilbeh\u00f8r eller leget\u00f8j, <\/p>\n<p>&#8211; organiserer rummet, <\/p>\n<p>&#8211; et tidl\u00f8st design, <\/p>\n<p>&#8211; fremstillet i henhold til europ\u00e6iske standarder og sikkerhedsnormer. <\/p>\n<p>M\u00e5l (cm):<br \/>\n h\u00f8jde: 105,3<br \/>\n dybde: 23,3<br \/>\n bredde: 56,6 <\/p>\n<p>Materialer og finish:<br \/>\n -h\u00f8j kvalitet laminatplade modstandsdygtig over for skader og fugt, let at holde ren<br \/>\n -lakeret b\u00f8getr\u00e6<br \/>\n De lakker, der bruges som en del af produktionen, er sikre for b\u00f8rn og certificeret i overensstemmelse med EN71\/3 <\/p>\n<p>Farve: <\/p>\n<p>&#8211; pink <\/p>\n<p>Brugsanvisning:<br \/>\n M\u00f8blerne skal t\u00f8rres af med en bl\u00f8d bomuldsklud fugtet med vand eller et m\u00f8belplejeprodukt. <\/p>\n<p>Samling:<br \/>\n M\u00f8blerne leveres i pakker til selvmontering. Detaljerede samlevejledninger findes i pakkerne sammen med udstyret.<\/p>\n","protected":false},"excerpt":{"rendered":"<p>Rainbow hylde Hylden fra Rainbow-kollektionen er ideelt egnet til behovene hos b\u00e5de de mindste og \u00e6ldre b\u00f8rn. Den er udstyret med et skab og tre hylder, hvilket g\u00f8r den meget funktionel og rummelig. Den kan monteres over skrivebordet, sengen og lavt til gulvet, hvilket giver nem adgang til b\u00f8ger, leget\u00f8j og andre nipsting. To hylder [&hellip;]<\/p>\n","protected":false},"featured_media":0,"comment_status":"open","ping_status":"closed","template":"","meta":[],"product_brand":[],"product_cat":[31],"product_tag":[],"class_list":{"0":"post-28183","1":"product","2":"type-product","3":"status-publish","5":"product_cat-uncategorized-da","7":"first","8":"instock","9":"shipping-taxable","10":"purchasable","11":"product-type-simple"},"_links":{"self":[{"href":"https:\/\/nordicmart.andreevmaster.com\/da\/wp-json\/wp\/v2\/product\/28183","targetHints":{"allow":["GET"]}}],"collection":[{"href":"https:\/\/nordicmart.andreevmaster.com\/da\/wp-json\/wp\/v2\/product"}],"about":[{"href":"https:\/\/nordicmart.andreevmaster.com\/da\/wp-json\/wp\/v2\/types\/product"}],"replies":[{"embeddable":true,"href":"https:\/\/nordicmart.andreevmaster.com\/da\/wp-json\/wp\/v2\/comments?post=28183"}],"wp:attachment":[{"href":"https:\/\/nordicmart.andreevmaster.com\/da\/wp-json\/wp\/v2\/media?parent=28183"}],"wp:term":[{"taxonomy":"product_brand","embeddable":true,"href":"https:\/\/nordicmart.andreevmaster.com\/da\/wp-json\/wp\/v2\/product_brand?post=28183"},{"taxonomy":"product_cat","embeddable":true,"href":"https:\/\/nordicmart.andreevmaster.com\/da\/wp-json\/wp\/v2\/product_cat?post=28183"},{"taxonomy":"product_tag","embeddable":true,"href":"https:\/\/nordicmart.andreevmaster.com\/da\/wp-json\/wp\/v2\/product_tag?post=28183"}],"curies":[{"name":"wp","href":"https:\/\/api.w.org\/{rel}","templated":true}]}}