{"id":28179,"date":"2026-02-27T00:40:42","date_gmt":"2026-02-27T00:40:42","guid":{"rendered":"https:\/\/nordicmart.andreevmaster.com\/product\/ratata-2-dors-garderobe\/"},"modified":"2026-02-27T09:18:23","modified_gmt":"2026-02-27T09:18:23","slug":"ratata-2-dors-garderobe","status":"publish","type":"product","link":"https:\/\/nordicmart.andreevmaster.com\/da\/vare\/ratata-2-dors-garderobe\/","title":{"rendered":"Ratata 2-d\u00f8rs garderobe"},"content":{"rendered":"<p>Lethed, plasticitet, eksotisme<br \/>\nEn kollektion af lette moderne m\u00f8bler med touch af kolonial stil. En subtil kombination af tr\u00e6, buede former med den eksotiske og gennembrudte tekstur af rotting. Den naturlige karakter, h\u00f8je kvalitet og holdbarhed af materialet og muligheden for at \u00f8ge st\u00f8rrelsen p\u00e5 sofaen g\u00f8r det muligt at skabe et unikt rumarrangement, som b\u00f8rn vil nyde i mange \u00e5r. <\/p>\n<p>Hovedfordele:<br \/>\n&#8211; h\u00f8jre side af garderoben med 5 hylder inklusive 3 justerbare hylder,<br \/>\n&#8211; venstre side af garderoben med 2 st\u00e6nger og en justerbar hylde,<br \/>\n&#8211; rummelige to skuffer,<br \/>\n&#8211; Hafele l\u00f8beskinner med et system til at bremse lukningen af skuffer,<br \/>\n&#8211; kan monteres p\u00e5 v\u00e6ggen<br \/>\n\u2013 anbefales,<br \/>\n&#8211; fremstillet i henhold til europ\u00e6iske standarder og sikkerhedsnormer. <\/p>\n<p>M\u00e5l (cm):<br \/>\nh\u00f8jde: 195<br \/>\ndybde: 50<br \/>\nbredde: 89,5 <\/p>\n<p>Design og finish:<br \/>\n&#8211; MDF lakeret plade,<br \/>\n&#8211; h\u00f8j kvalitet laminatplade modstandsdygtig over for skader og fugt, let at holde ren,<br \/>\n&#8211; b\u00f8getr\u00e6 lakeret.<br \/>\n&#8211; rotting fletning. <\/p>\n<p>De lakker, der bruges i produktionsprocessen, er sikre for b\u00f8rn og certificeret i henhold til EN71\/3 <\/p>\n<p>Farve:<br \/>\n-hvid\/ b\u00f8ge \/ rotting <\/p>\n<p>Brugsanvisning:<br \/>\nM\u00f8blerne skal t\u00f8rres af med en bl\u00f8d bomuldsklud fugtet med vand eller et m\u00f8belplejeprodukt. <\/p>\n<p>Samling:<br \/>\nM\u00f8blerne leveres i pakker til selvmontering. Detaljerede samlevejledninger findes i pakkerne sammen med udstyret.<\/p>\n","protected":false},"excerpt":{"rendered":"<p>Lethed, plasticitet, eksotisme En kollektion af lette moderne m\u00f8bler med touch af kolonial stil. En subtil kombination af tr\u00e6, buede former med den eksotiske og gennembrudte tekstur af rotting. Den naturlige karakter, h\u00f8je kvalitet og holdbarhed af materialet og muligheden for at \u00f8ge st\u00f8rrelsen p\u00e5 sofaen g\u00f8r det muligt at skabe et unikt rumarrangement, som [&hellip;]<\/p>\n","protected":false},"featured_media":0,"comment_status":"open","ping_status":"closed","template":"","meta":[],"product_brand":[],"product_cat":[31],"product_tag":[],"class_list":{"0":"post-28179","1":"product","2":"type-product","3":"status-publish","5":"product_cat-uncategorized-da","7":"first","8":"instock","9":"shipping-taxable","10":"purchasable","11":"product-type-simple"},"_links":{"self":[{"href":"https:\/\/nordicmart.andreevmaster.com\/da\/wp-json\/wp\/v2\/product\/28179","targetHints":{"allow":["GET"]}}],"collection":[{"href":"https:\/\/nordicmart.andreevmaster.com\/da\/wp-json\/wp\/v2\/product"}],"about":[{"href":"https:\/\/nordicmart.andreevmaster.com\/da\/wp-json\/wp\/v2\/types\/product"}],"replies":[{"embeddable":true,"href":"https:\/\/nordicmart.andreevmaster.com\/da\/wp-json\/wp\/v2\/comments?post=28179"}],"wp:attachment":[{"href":"https:\/\/nordicmart.andreevmaster.com\/da\/wp-json\/wp\/v2\/media?parent=28179"}],"wp:term":[{"taxonomy":"product_brand","embeddable":true,"href":"https:\/\/nordicmart.andreevmaster.com\/da\/wp-json\/wp\/v2\/product_brand?post=28179"},{"taxonomy":"product_cat","embeddable":true,"href":"https:\/\/nordicmart.andreevmaster.com\/da\/wp-json\/wp\/v2\/product_cat?post=28179"},{"taxonomy":"product_tag","embeddable":true,"href":"https:\/\/nordicmart.andreevmaster.com\/da\/wp-json\/wp\/v2\/product_tag?post=28179"}],"curies":[{"name":"wp","href":"https:\/\/api.w.org\/{rel}","templated":true}]}}