{"id":28178,"date":"2026-02-27T00:40:42","date_gmt":"2026-02-27T00:40:42","guid":{"rendered":"https:\/\/nordicmart.andreevmaster.com\/product\/ratata-skuffe-60x120\/"},"modified":"2026-02-27T09:18:23","modified_gmt":"2026-02-27T09:18:23","slug":"ratata-skuffe-60x120","status":"publish","type":"product","link":"https:\/\/nordicmart.andreevmaster.com\/da\/vare\/ratata-skuffe-60x120\/","title":{"rendered":"Ratata skuffe 60&#215;120"},"content":{"rendered":"<p>Lethed, plasticitet, eksotisme<br \/>\nEn kollektion af lette, moderne m\u00f8bler med et strejf af kolonistil. En subtil kombination af tr\u00e6, buede former og den eksotiske og \u00e5bne struktur af rattan. Materialets naturlige karakter, h\u00f8je kvalitet og holdbarhed samt muligheden for at \u00f8ge sofaens st\u00f8rrelse g\u00f8r det muligt at skabe en unik rumindretning, som b\u00f8rnene vil have gl\u00e6de af i mange \u00e5r.<br \/>\nVigtigste fordele:<br \/>\n&#8211; en skuffe p\u00e5 hjul, udstyret med praktiske gummib\u00e5nd for at forhindre ridser i overfladen,<br \/>\n&#8211; fremstillet i henhold til europ\u00e6iske standarder og sikkerhedsstandarder <\/p>\n<p>M\u00e5l (cm):<br \/>\nh\u00f8jde: 15,3<br \/>\ndybde: 64<br \/>\nbredde: 109,2 <\/p>\n<p>Design og finish:<br \/>\n&#8211; Lakeret MDF-plade,<br \/>\n&#8211; Lamineret plade af h\u00f8j kvalitet, der er modstandsdygtig over for skader og fugt og nem at holde ren <\/p>\n<p>Farve:<br \/>\n&#8211; Hvid <\/p>\n<p>Brugsanvisning:<br \/>\nM\u00f8blerne skal t\u00f8rres af med en bl\u00f8d bomuldsklud fugtet med vand eller et m\u00f8belplejemiddel. <\/p>\n<p>Samling:<br \/>\nM\u00f8blerne leveres i pakker til selvmontering. Pakkerne indeholder detaljerede monteringsvejledninger samt tilbeh\u00f8r (skruer osv.).<\/p>\n","protected":false},"excerpt":{"rendered":"<p>Lethed, plasticitet, eksotisme En kollektion af lette, moderne m\u00f8bler med et strejf af kolonistil. En subtil kombination af tr\u00e6, buede former og den eksotiske og \u00e5bne struktur af rattan. Materialets naturlige karakter, h\u00f8je kvalitet og holdbarhed samt muligheden for at \u00f8ge sofaens st\u00f8rrelse g\u00f8r det muligt at skabe en unik rumindretning, som b\u00f8rnene vil have [&hellip;]<\/p>\n","protected":false},"featured_media":0,"comment_status":"open","ping_status":"closed","template":"","meta":[],"product_brand":[],"product_cat":[31],"product_tag":[],"class_list":{"0":"post-28178","1":"product","2":"type-product","3":"status-publish","5":"product_cat-uncategorized-da","7":"first","8":"instock","9":"shipping-taxable","10":"purchasable","11":"product-type-simple"},"_links":{"self":[{"href":"https:\/\/nordicmart.andreevmaster.com\/da\/wp-json\/wp\/v2\/product\/28178","targetHints":{"allow":["GET"]}}],"collection":[{"href":"https:\/\/nordicmart.andreevmaster.com\/da\/wp-json\/wp\/v2\/product"}],"about":[{"href":"https:\/\/nordicmart.andreevmaster.com\/da\/wp-json\/wp\/v2\/types\/product"}],"replies":[{"embeddable":true,"href":"https:\/\/nordicmart.andreevmaster.com\/da\/wp-json\/wp\/v2\/comments?post=28178"}],"wp:attachment":[{"href":"https:\/\/nordicmart.andreevmaster.com\/da\/wp-json\/wp\/v2\/media?parent=28178"}],"wp:term":[{"taxonomy":"product_brand","embeddable":true,"href":"https:\/\/nordicmart.andreevmaster.com\/da\/wp-json\/wp\/v2\/product_brand?post=28178"},{"taxonomy":"product_cat","embeddable":true,"href":"https:\/\/nordicmart.andreevmaster.com\/da\/wp-json\/wp\/v2\/product_cat?post=28178"},{"taxonomy":"product_tag","embeddable":true,"href":"https:\/\/nordicmart.andreevmaster.com\/da\/wp-json\/wp\/v2\/product_tag?post=28178"}],"curies":[{"name":"wp","href":"https:\/\/api.w.org\/{rel}","templated":true}]}}