{"id":28177,"date":"2026-02-27T00:40:42","date_gmt":"2026-02-27T00:40:42","guid":{"rendered":"https:\/\/nordicmart.andreevmaster.com\/product\/ratata-bogreol\/"},"modified":"2026-02-27T09:18:22","modified_gmt":"2026-02-27T09:18:22","slug":"ratata-bogreol","status":"publish","type":"product","link":"https:\/\/nordicmart.andreevmaster.com\/da\/vare\/ratata-bogreol\/","title":{"rendered":"Ratata bogreol"},"content":{"rendered":"<p>Lethed, plasticitet, eksotisme<br \/>\nEn kollektion af lette, moderne m\u00f8bler med et strejf af kolonistil. En subtil kombination af tr\u00e6, buede former og den eksotiske og \u00e5bne struktur af rattan. Materialets naturlige karakter, h\u00f8je kvalitet og holdbarhed samt muligheden for at \u00f8ge sofaens st\u00f8rrelse g\u00f8r det muligt at skabe en unik rumindretning, som b\u00f8rnene vil have gl\u00e6de af i mange \u00e5r.<br \/>\nVigtigste fordele:<br \/>\n&#8211; rummelige skuffer.<br \/>\n&#8211; Hafele-skinner med et system, der bremser lukningen af skufferne,<br \/>\n&#8211; skab med d\u00f8re med selvlukkende system, to justerbare hylder indeni<br \/>\n-5 hylder,<br \/>\n&#8211; kan monteres p\u00e5 v\u00e6ggen \u2013 anbefales,<br \/>\n&#8211; overholder europ\u00e6iske sikkerhedsstandarder og normer. \u00a0 <\/p>\n<p>M\u00e5l (cm):<br \/>\nh\u00f8jde: 150<br \/>\ndybde: 32,5<br \/>\nbredde: 90   <\/p>\n<p>Design  og finish:<br \/>\n&#8211; Lakeret MDF-plade,<br \/>\n&#8211;  lamineret plade af h\u00f8j kvalitet, der er modstandsdygtig over for skader og fugt og nem at holde ren,<br \/>\n&#8211; lakeret b\u00f8getr\u00e6.- flettet rattan. <\/p>\n<p>De lakker, der anvendes i produktionsprocessen, er sikre for b\u00f8rn og certificeret i henhold til EN71\/3   <\/p>\n<p>Farve:<br \/>\n-hvid\/b\u00f8g\/rattan <\/p>\n<p>Brugsanvisning:<br \/>\nM\u00f8blerne skal t\u00f8rres af med en bl\u00f8d bomuldsklud fugtet med vand eller et m\u00f8belplejemiddel. <\/p>\n<p>Samling: M\u00f8blerne leveres i pakker til selvmontering. Der medf\u00f8lger detaljerede monteringsvejledninger i pakkerne sammen med udstyret.<\/p>\n","protected":false},"excerpt":{"rendered":"<p>Lethed, plasticitet, eksotisme En kollektion af lette, moderne m\u00f8bler med et strejf af kolonistil. En subtil kombination af tr\u00e6, buede former og den eksotiske og \u00e5bne struktur af rattan. Materialets naturlige karakter, h\u00f8je kvalitet og holdbarhed samt muligheden for at \u00f8ge sofaens st\u00f8rrelse g\u00f8r det muligt at skabe en unik rumindretning, som b\u00f8rnene vil have [&hellip;]<\/p>\n","protected":false},"featured_media":0,"comment_status":"open","ping_status":"closed","template":"","meta":[],"product_brand":[],"product_cat":[31],"product_tag":[],"class_list":{"0":"post-28177","1":"product","2":"type-product","3":"status-publish","5":"product_cat-uncategorized-da","7":"first","8":"instock","9":"shipping-taxable","10":"purchasable","11":"product-type-simple"},"_links":{"self":[{"href":"https:\/\/nordicmart.andreevmaster.com\/da\/wp-json\/wp\/v2\/product\/28177","targetHints":{"allow":["GET"]}}],"collection":[{"href":"https:\/\/nordicmart.andreevmaster.com\/da\/wp-json\/wp\/v2\/product"}],"about":[{"href":"https:\/\/nordicmart.andreevmaster.com\/da\/wp-json\/wp\/v2\/types\/product"}],"replies":[{"embeddable":true,"href":"https:\/\/nordicmart.andreevmaster.com\/da\/wp-json\/wp\/v2\/comments?post=28177"}],"wp:attachment":[{"href":"https:\/\/nordicmart.andreevmaster.com\/da\/wp-json\/wp\/v2\/media?parent=28177"}],"wp:term":[{"taxonomy":"product_brand","embeddable":true,"href":"https:\/\/nordicmart.andreevmaster.com\/da\/wp-json\/wp\/v2\/product_brand?post=28177"},{"taxonomy":"product_cat","embeddable":true,"href":"https:\/\/nordicmart.andreevmaster.com\/da\/wp-json\/wp\/v2\/product_cat?post=28177"},{"taxonomy":"product_tag","embeddable":true,"href":"https:\/\/nordicmart.andreevmaster.com\/da\/wp-json\/wp\/v2\/product_tag?post=28177"}],"curies":[{"name":"wp","href":"https:\/\/api.w.org\/{rel}","templated":true}]}}