{"id":28176,"date":"2026-02-27T00:40:41","date_gmt":"2026-02-27T00:40:41","guid":{"rendered":"https:\/\/nordicmart.andreevmaster.com\/product\/ratata-barneseng-60x120\/"},"modified":"2026-02-27T09:18:22","modified_gmt":"2026-02-27T09:18:22","slug":"ratata-barneseng-60x120","status":"publish","type":"product","link":"https:\/\/nordicmart.andreevmaster.com\/da\/vare\/ratata-barneseng-60x120\/","title":{"rendered":"Ratata barneseng 60&#215;120"},"content":{"rendered":"<p>Lethed, plasticitet, eksotisme<br \/>\nEn kollektion af lette, moderne m\u00f8bler med et strejf af kolonistil. En subtil kombination af tr\u00e6, buede former og den eksotiske og \u00e5bne struktur af rattan. Materialets naturlige karakter, h\u00f8je kvalitet og holdbarhed samt muligheden for at for\u00f8ge sengens st\u00f8rrelse g\u00f8r det muligt at skabe et unikt rumindretning, som b\u00f8rnene vil have gl\u00e6de af i mange \u00e5r. <\/p>\n<p>Vigtigste fordele:<br \/>\n&#8211; overholder europ\u00e6iske sikkerhedsstandarder og normer<br \/>\n&#8211; fire aftagelige st\u00e6nger i en af sengens rammer giver dit barn mulighed for at komme ind og ud af sengen frit,<br \/>\n&#8211;  tre niveauer for madrasbundens position, der kan tilpasses barnets udvikling<br \/>\n&#8211; kan omdannes til en sofa,<br \/>\n&#8211; barrierer, der beskytter mod fald, er lavet af afstivninger<br \/>\n-rummelig, praktisk skuffe p\u00e5 hjul med d\u00e6k (skuffen er et tilvalg \u2013 den kan k\u00f8bes separat)   <\/p>\n<p>M\u00e5l (cm):<br \/>\nl\u00e6ngde: 123,6<br \/>\nbredde: 64,2<br \/>\nh\u00f8jde: 90 <\/p>\n<p>sofaens h\u00f8jde: 60 <\/p>\n<p>Yderligere oplysninger:<br \/>\n-sengen kan udstyres med en madras &#8211; m\u00e5l: 120 cm x 60 cm<br \/>\n-brugsperiode: op til ca. 5 \u00e5r. <\/p>\n<p>Design og finish:<br \/>\n&#8211;  Lakeret MDF-plade,<br \/>\n&#8211;  lamineret plade af h\u00f8j kvalitet, der er modstandsdygtig over for skader og fugt og nem at holde ren,<br \/>\n&#8211; lakeret b\u00f8getr\u00e6. <\/p>\n<p>De lakker, der anvendes i produktionsprocessen, er sikre for b\u00f8rn og certificeret i henhold til EN71\/3 <\/p>\n<p>Farve:<br \/>\n-hvid\/b\u00f8g<\/p>\n<p>Brugsanvisning:<br \/>\nM\u00f8blerne skal t\u00f8rres af med en bl\u00f8d bomuldsklud fugtet med vand eller et m\u00f8belplejemiddel. <\/p>\n<p>Samling:<br \/>\nM\u00f8blerne leveres i pakker til selvmontering. Detaljerede monteringsvejledninger findes i pakkerne sammen med udstyret.<\/p>\n","protected":false},"excerpt":{"rendered":"<p>Lethed, plasticitet, eksotisme En kollektion af lette, moderne m\u00f8bler med et strejf af kolonistil. En subtil kombination af tr\u00e6, buede former og den eksotiske og \u00e5bne struktur af rattan. Materialets naturlige karakter, h\u00f8je kvalitet og holdbarhed samt muligheden for at for\u00f8ge sengens st\u00f8rrelse g\u00f8r det muligt at skabe et unikt rumindretning, som b\u00f8rnene vil have [&hellip;]<\/p>\n","protected":false},"featured_media":0,"comment_status":"open","ping_status":"closed","template":"","meta":[],"product_brand":[],"product_cat":[31],"product_tag":[],"class_list":{"0":"post-28176","1":"product","2":"type-product","3":"status-publish","5":"product_cat-uncategorized-da","7":"first","8":"instock","9":"shipping-taxable","10":"purchasable","11":"product-type-simple"},"_links":{"self":[{"href":"https:\/\/nordicmart.andreevmaster.com\/da\/wp-json\/wp\/v2\/product\/28176","targetHints":{"allow":["GET"]}}],"collection":[{"href":"https:\/\/nordicmart.andreevmaster.com\/da\/wp-json\/wp\/v2\/product"}],"about":[{"href":"https:\/\/nordicmart.andreevmaster.com\/da\/wp-json\/wp\/v2\/types\/product"}],"replies":[{"embeddable":true,"href":"https:\/\/nordicmart.andreevmaster.com\/da\/wp-json\/wp\/v2\/comments?post=28176"}],"wp:attachment":[{"href":"https:\/\/nordicmart.andreevmaster.com\/da\/wp-json\/wp\/v2\/media?parent=28176"}],"wp:term":[{"taxonomy":"product_brand","embeddable":true,"href":"https:\/\/nordicmart.andreevmaster.com\/da\/wp-json\/wp\/v2\/product_brand?post=28176"},{"taxonomy":"product_cat","embeddable":true,"href":"https:\/\/nordicmart.andreevmaster.com\/da\/wp-json\/wp\/v2\/product_cat?post=28176"},{"taxonomy":"product_tag","embeddable":true,"href":"https:\/\/nordicmart.andreevmaster.com\/da\/wp-json\/wp\/v2\/product_tag?post=28176"}],"curies":[{"name":"wp","href":"https:\/\/api.w.org\/{rel}","templated":true}]}}