{"id":28174,"date":"2026-02-27T00:40:41","date_gmt":"2026-02-27T00:40:41","guid":{"rendered":"https:\/\/nordicmart.andreevmaster.com\/product\/rondi-mesh-kontorstol-m-1-sort-mesh\/"},"modified":"2026-02-27T09:18:22","modified_gmt":"2026-02-27T09:18:22","slug":"rondi-mesh-kontorstol-m-1-sort-mesh","status":"publish","type":"product","link":"https:\/\/nordicmart.andreevmaster.com\/da\/vare\/rondi-mesh-kontorstol-m-1-sort-mesh\/","title":{"rendered":"Rondi Mesh kontorstol M-1 sort mesh"},"content":{"rendered":"<p>RONDI Integro kontorstol tiltr\u00e6kker med sit stilfulde design og fremragende funktionalitet. Betr\u00e6kket i netstof giver et fremragende mikroklima, selv i varmt vejr, hvilket g\u00f8r den til et ideelt valg til lange arbejdsdage.<br \/>\nDenne l\u00e6nestol er udf\u00f8rt i sort og uden kromelementer, hvilket g\u00f8r den velegnet til dem, der foretr\u00e6kker enkle og afd\u00e6mpede l\u00f8sninger i indretningen.Stolen er udstyret med en bl\u00f8d nakkest\u00f8tte, der kan justeres i h\u00f8jde og h\u00e6ldningsvinkel, s\u00e5 du kan finde den mest behagelige position til at st\u00f8tte nakken. Den justerbare l\u00e6ndest\u00f8tte i rygl\u00e6net giver ekstra rygst\u00f8tte, hvilket reducerer belastningen af rygs\u00f8jlen ved langvarig siddende stilling. Stolen har arml\u00e6n med l\u00f8ftefunktion, hvilket er praktisk, n\u00e5r man ofte rejser sig fra stolen. Bl\u00f8de puder p\u00e5 arml\u00e6nene \u00f8ger komforten ved langvarig brug. S\u00e6det har en ergonomisk form og medium stivhed, hvilket bidrager til korrekt st\u00f8tte og reducerer tr\u00e6thed. Stolens mekanisme giver dig mulighed for at justere s\u00e6dets h\u00f8jde og gyngens stivhed, s\u00e5 du kan tilpasse den til dine behov. Stolens gaslift har en \u00f8get belastningsindeks, hvilket garanterer dens holdbarhed og modstandsdygtighed over for intensiv brug. Krydset har en stilfuld sort mat finish, der tilf\u00f8jer et moderne look og elegance til denne kontorstol. Integro-kontorstolen er en perfekt kombination af komfort, funktionalitet og \u00e6stetik, som vil v\u00e6re en fremragende tilf\u00f8jelse til ethvert arbejdsrum. Bem\u00e6rk, at stolen leveres adskilt. Leveringss\u00e6ttet indeholder alt, hvad du beh\u00f8ver til samling, hvilket ikke tager lang tid. For nemheds skyld tilf\u00f8jer vi en enkel videoinstruktion.<\/p>\n","protected":false},"excerpt":{"rendered":"<p>Model: Integro<br \/>\nH\u00e6ldningsmekanisme: M-1 (h\u00e6ldning)<br \/>\nPolstringsmateriale: Stof, mesh<br \/>\nPolstringsmaterialets farve: Sort<br \/>\nNakkest\u00f8tte: Bl\u00f8d, h\u00f8jde- og vinkeljustering<br \/>\nArml\u00e6n: Bl\u00f8de, l\u00f8ftefunktion, forst\u00e6rket plast (solidt st\u00f8bt polyamid)<br \/>\nStolens understel: Metal, sort<br \/>\nHjul: Gummibelagte<br \/>\nMinimumsh\u00f8jde: 1170 mm<br \/>\nMaksimumsh\u00f8jde (s\u00e6deh\u00f8jde udvidet til maksimum &#8211; nakkest\u00f8tte udvidet til maksimum): 1265 &#8211; 1295 mm<br \/>\nMinimumss\u00e6deh\u00f8jde: 475 mm<br \/>\nMaksimal s\u00e6deh\u00f8jde: 580 mm<br \/>\nRygl\u00e6nsh\u00f8jde: 570 mm<br \/>\nNakkest\u00f8ttebredde: 275 mm<br \/>\nNakkest\u00f8tteh\u00f8jde: 160 mm<br \/>\nH\u00f8jde fra gulv til arml\u00e6n: 665 &#8211; 770 mm<br \/>\nArml\u00e6nsh\u00f8jde: 300 mm<br \/>\nArml\u00e6nsl\u00e6ngde: 365 mm<br \/>\nAfstand mellem arml\u00e6n: 435 mm<br \/>\nS\u00e6debredde: 425 mm<br \/>\nS\u00e6dedybde: 450 mm<br \/>\nProduktbredde: 570 mm<br \/>\nProduktdybde: 650 mm<br \/>\nProduktv\u00e6gt: 12 kg<br \/>\nPakkevolumen: 0,08 m\u00b3<\/p>\n","protected":false},"featured_media":0,"comment_status":"open","ping_status":"closed","template":"","meta":[],"product_brand":[],"product_cat":[31],"product_tag":[],"class_list":{"0":"post-28174","1":"product","2":"type-product","3":"status-publish","5":"product_cat-uncategorized-da","7":"first","8":"instock","9":"shipping-taxable","10":"purchasable","11":"product-type-simple"},"_links":{"self":[{"href":"https:\/\/nordicmart.andreevmaster.com\/da\/wp-json\/wp\/v2\/product\/28174","targetHints":{"allow":["GET"]}}],"collection":[{"href":"https:\/\/nordicmart.andreevmaster.com\/da\/wp-json\/wp\/v2\/product"}],"about":[{"href":"https:\/\/nordicmart.andreevmaster.com\/da\/wp-json\/wp\/v2\/types\/product"}],"replies":[{"embeddable":true,"href":"https:\/\/nordicmart.andreevmaster.com\/da\/wp-json\/wp\/v2\/comments?post=28174"}],"wp:attachment":[{"href":"https:\/\/nordicmart.andreevmaster.com\/da\/wp-json\/wp\/v2\/media?parent=28174"}],"wp:term":[{"taxonomy":"product_brand","embeddable":true,"href":"https:\/\/nordicmart.andreevmaster.com\/da\/wp-json\/wp\/v2\/product_brand?post=28174"},{"taxonomy":"product_cat","embeddable":true,"href":"https:\/\/nordicmart.andreevmaster.com\/da\/wp-json\/wp\/v2\/product_cat?post=28174"},{"taxonomy":"product_tag","embeddable":true,"href":"https:\/\/nordicmart.andreevmaster.com\/da\/wp-json\/wp\/v2\/product_tag?post=28174"}],"curies":[{"name":"wp","href":"https:\/\/api.w.org\/{rel}","templated":true}]}}