{"id":28172,"date":"2026-02-27T00:40:40","date_gmt":"2026-02-27T00:40:40","guid":{"rendered":"https:\/\/nordicmart.andreevmaster.com\/product\/falk-super-dumper-trailer-3-7-ar\/"},"modified":"2026-02-27T09:18:21","modified_gmt":"2026-02-27T09:18:21","slug":"falk-super-dumper-trailer-3-7-ar","status":"publish","type":"product","link":"https:\/\/nordicmart.andreevmaster.com\/da\/vare\/falk-super-dumper-trailer-3-7-ar\/","title":{"rendered":"FALK Super Dumper Trailer 3-7 \u00e5r"},"content":{"rendered":"<p>Super Dumper Super Dumper er kompatibel med hele Falk-serien af traktorer til b\u00f8rn i alderen 3-7 \u00e5r. Den er fremstillet af materialer af h\u00f8jeste kvalitet, hvilket garanterer holdbarhed og mange \u00e5rs sjov, s\u00e5 hvert eventyr i haven bliver endnu mere sp\u00e6ndende!<\/p>\n<p>Egenskaber:<\/p>\n<p>* &#8211; Til b\u00f8rn i alderen 3 til 7 \u00e5r<br \/>\n* &#8211; Leget\u00f8jets m\u00e5l: 87 x 49 x 48 cm<br \/>\n* &#8211; Kompatibel med alle FALK-traktorer til b\u00f8rn i alderen 3-7 \u00e5r<br \/>\n* &#8211; Sikkerhedsl\u00e5s for at forhindre, at tipperen v\u00e6lter<\/p>\n","protected":false},"excerpt":{"rendered":"<p>Super Dumper Super Dumper er kompatibel med hele Falk-serien af traktorer til b\u00f8rn i alderen 3-7 \u00e5r. Den er fremstillet af materialer af h\u00f8jeste kvalitet, hvilket garanterer holdbarhed og mange \u00e5rs sjov, s\u00e5 hvert eventyr i haven bliver endnu mere sp\u00e6ndende! Egenskaber: * &#8211; Til b\u00f8rn i alderen 3 til 7 \u00e5r * &#8211; Leget\u00f8jets [&hellip;]<\/p>\n","protected":false},"featured_media":0,"comment_status":"open","ping_status":"closed","template":"","meta":[],"product_brand":[],"product_cat":[31],"product_tag":[],"class_list":{"0":"post-28172","1":"product","2":"type-product","3":"status-publish","5":"product_cat-uncategorized-da","7":"first","8":"instock","9":"shipping-taxable","10":"purchasable","11":"product-type-simple"},"_links":{"self":[{"href":"https:\/\/nordicmart.andreevmaster.com\/da\/wp-json\/wp\/v2\/product\/28172","targetHints":{"allow":["GET"]}}],"collection":[{"href":"https:\/\/nordicmart.andreevmaster.com\/da\/wp-json\/wp\/v2\/product"}],"about":[{"href":"https:\/\/nordicmart.andreevmaster.com\/da\/wp-json\/wp\/v2\/types\/product"}],"replies":[{"embeddable":true,"href":"https:\/\/nordicmart.andreevmaster.com\/da\/wp-json\/wp\/v2\/comments?post=28172"}],"wp:attachment":[{"href":"https:\/\/nordicmart.andreevmaster.com\/da\/wp-json\/wp\/v2\/media?parent=28172"}],"wp:term":[{"taxonomy":"product_brand","embeddable":true,"href":"https:\/\/nordicmart.andreevmaster.com\/da\/wp-json\/wp\/v2\/product_brand?post=28172"},{"taxonomy":"product_cat","embeddable":true,"href":"https:\/\/nordicmart.andreevmaster.com\/da\/wp-json\/wp\/v2\/product_cat?post=28172"},{"taxonomy":"product_tag","embeddable":true,"href":"https:\/\/nordicmart.andreevmaster.com\/da\/wp-json\/wp\/v2\/product_tag?post=28172"}],"curies":[{"name":"wp","href":"https:\/\/api.w.org\/{rel}","templated":true}]}}