{"id":28068,"date":"2026-02-27T00:40:12","date_gmt":"2026-02-27T00:40:12","guid":{"rendered":"https:\/\/nordicmart.andreevmaster.com\/product\/piggy-lagen-til-moses-kurven\/"},"modified":"2026-02-27T09:17:58","modified_gmt":"2026-02-27T09:17:58","slug":"piggy-lagen-til-moses-kurven","status":"publish","type":"product","link":"https:\/\/nordicmart.andreevmaster.com\/da\/vare\/piggy-lagen-til-moses-kurven\/","title":{"rendered":"Piggy-lagen til Moses-kurven"},"content":{"rendered":"<p>Detaljer:<br \/>\n&#8211; lagen af bomuld med Oeko-TEX Standard 100-certifikat,<br \/>\n&#8211; luftigt og bl\u00f8dt at r\u00f8re ved,<br \/>\n&#8211; afsluttet med et elastikb\u00e5nd, takket v\u00e6re hvilket det ikke glider af madrassen,<br \/>\n&#8211; farven falmer ikke, selv efter gentagen vask,<br \/>\n&#8211; ideelt egnet til en moseskurv, krybbe og barnevogn<\/p>\n<p>Stof:<br \/>\n&#8211; bomuld med Oeko-TEX Standard 100-certifikat<\/p>\n<p>M\u00e5l (cm):<br \/>\n&#8211; passer til madrasser p\u00e5 72&#215;25 og 65&#215;31<\/p>\n<p>Vask:<br \/>\n&#8211; maskinvaskbar (ved 30 grader),<br \/>\n&#8211; m\u00e5 ikke t\u00f8rretumbles,<br \/>\n&#8211; kan stryges fugtigt ved h\u00f8j temperatur,<br \/>\n&#8211; m\u00e5 ikke bleges.<\/p>\n<p>Variationer:<br \/>\n&#8211; Piggy,<br \/>\n&#8211; Oh Hippo,<br \/>\n&#8211; In the woods,<br \/>\n&#8211; I love,<br \/>\n&#8211; Fly<\/p>\n","protected":false},"excerpt":{"rendered":"<p>Detaljer: &#8211; lagen af bomuld med Oeko-TEX Standard 100-certifikat, &#8211; luftigt og bl\u00f8dt at r\u00f8re ved, &#8211; afsluttet med et elastikb\u00e5nd, takket v\u00e6re hvilket det ikke glider af madrassen, &#8211; farven falmer ikke, selv efter gentagen vask, &#8211; ideelt egnet til en moseskurv, krybbe og barnevogn Stof: &#8211; bomuld med Oeko-TEX Standard 100-certifikat M\u00e5l (cm): [&hellip;]<\/p>\n","protected":false},"featured_media":0,"comment_status":"open","ping_status":"closed","template":"","meta":[],"product_brand":[],"product_cat":[31],"product_tag":[],"class_list":{"0":"post-28068","1":"product","2":"type-product","3":"status-publish","5":"product_cat-uncategorized-da","7":"first","8":"instock","9":"shipping-taxable","10":"purchasable","11":"product-type-simple"},"_links":{"self":[{"href":"https:\/\/nordicmart.andreevmaster.com\/da\/wp-json\/wp\/v2\/product\/28068","targetHints":{"allow":["GET"]}}],"collection":[{"href":"https:\/\/nordicmart.andreevmaster.com\/da\/wp-json\/wp\/v2\/product"}],"about":[{"href":"https:\/\/nordicmart.andreevmaster.com\/da\/wp-json\/wp\/v2\/types\/product"}],"replies":[{"embeddable":true,"href":"https:\/\/nordicmart.andreevmaster.com\/da\/wp-json\/wp\/v2\/comments?post=28068"}],"wp:attachment":[{"href":"https:\/\/nordicmart.andreevmaster.com\/da\/wp-json\/wp\/v2\/media?parent=28068"}],"wp:term":[{"taxonomy":"product_brand","embeddable":true,"href":"https:\/\/nordicmart.andreevmaster.com\/da\/wp-json\/wp\/v2\/product_brand?post=28068"},{"taxonomy":"product_cat","embeddable":true,"href":"https:\/\/nordicmart.andreevmaster.com\/da\/wp-json\/wp\/v2\/product_cat?post=28068"},{"taxonomy":"product_tag","embeddable":true,"href":"https:\/\/nordicmart.andreevmaster.com\/da\/wp-json\/wp\/v2\/product_tag?post=28068"}],"curies":[{"name":"wp","href":"https:\/\/api.w.org\/{rel}","templated":true}]}}