{"id":28065,"date":"2026-02-27T00:40:11","date_gmt":"2026-02-27T00:40:11","guid":{"rendered":"https:\/\/nordicmart.andreevmaster.com\/product\/pinette-bogreol\/"},"modified":"2026-02-27T09:17:58","modified_gmt":"2026-02-27T09:17:58","slug":"pinette-bogreol","status":"publish","type":"product","link":"https:\/\/nordicmart.andreevmaster.com\/da\/vare\/pinette-bogreol\/","title":{"rendered":"Pinette bogreol"},"content":{"rendered":"<p>Moderne reol med en \u00e5ben struktur er udstyret med en skuffe og to kubiske beholdere, som kan arrangeres p\u00e5 hylden efter behov. Afstanden mellem hylderne er stor, s\u00e5 du kan placere h\u00f8je b\u00f8ger eller store leget\u00f8j p\u00e5 den. De kan ogs\u00e5 \u00e6ndres, da to af hylderne er h\u00f8jdejusterbare. <\/p>\n<p>**De vigtigste fordele:**<br \/>\n&#8211; hylder beskyttet mod at falde ned<br \/>\n&#8211; to hylder med h\u00f8jdejustering, to faste hylder<br \/>\n&#8211; kan monteres p\u00e5 v\u00e6ggen \u2013 anbefales<br \/>\n&#8211; en skuffe, to skabe<br \/>\n&#8211; overholder europ\u00e6iske standarder og sikkerhedsnormer<\/p>\n<p>**M\u00e5l (cm):**<br \/>\nh\u00f8jde: 190,3<br \/>\ndybde: 44<br \/>\nbredde: 100<\/p>\n<p>**M\u00f8beldesign og finish:**<br \/>\n&#8211; m\u00f8blerne er fremstillet af lamineret plade af h\u00f8j kvalitet, som er modstandsdygtig over for skader og fugt og nem at holde ren<br \/>\n&#8211; tr\u00e6konstruktionen er fremstillet af limet fyrretr\u00e6, som kan have nogle uregelm\u00e6ssigheder, f.eks. knaster, mikrorevner, uregelm\u00e6ssige farver osv., som er typiske for naturlige r\u00e5materialer. Tr\u00e6et er lakeret med klar lak, der er sikker for b\u00f8rn.<br \/>\n&#8211; Skuffen \u00e5bnes med &#8220;push to open&#8221;-systemet. <\/p>\n<p>Farver:<br \/>\n&#8211; Snehvid, neutral gr\u00e5, lys fyrretr\u00e6, alt i mat finish. <\/p>\n<p>Brugsanvisning:<br \/>\nM\u00f8blerne skal t\u00f8rres af med en bl\u00f8d bomuldsklud fugtet med vand eller m\u00f8belpolish.<br \/>\nYderligere oplysninger:<br \/>\nM\u00f8blerne leveres i kasser til selvmontering. Kasserne indeholder en detaljeret monteringsvejledning samt tilbeh\u00f8r (skruer osv.).<\/p>\n","protected":false},"excerpt":{"rendered":"<p>Moderne reol med en \u00e5ben struktur er udstyret med en skuffe og to kubiske beholdere, som kan arrangeres p\u00e5 hylden efter behov. Afstanden mellem hylderne er stor, s\u00e5 du kan placere h\u00f8je b\u00f8ger eller store leget\u00f8j p\u00e5 den. De kan ogs\u00e5 \u00e6ndres, da to af hylderne er h\u00f8jdejusterbare. **De vigtigste fordele:** &#8211; hylder beskyttet mod [&hellip;]<\/p>\n","protected":false},"featured_media":0,"comment_status":"open","ping_status":"closed","template":"","meta":[],"product_brand":[],"product_cat":[31],"product_tag":[],"class_list":{"0":"post-28065","1":"product","2":"type-product","3":"status-publish","5":"product_cat-uncategorized-da","7":"first","8":"instock","9":"shipping-taxable","10":"purchasable","11":"product-type-simple"},"_links":{"self":[{"href":"https:\/\/nordicmart.andreevmaster.com\/da\/wp-json\/wp\/v2\/product\/28065","targetHints":{"allow":["GET"]}}],"collection":[{"href":"https:\/\/nordicmart.andreevmaster.com\/da\/wp-json\/wp\/v2\/product"}],"about":[{"href":"https:\/\/nordicmart.andreevmaster.com\/da\/wp-json\/wp\/v2\/types\/product"}],"replies":[{"embeddable":true,"href":"https:\/\/nordicmart.andreevmaster.com\/da\/wp-json\/wp\/v2\/comments?post=28065"}],"wp:attachment":[{"href":"https:\/\/nordicmart.andreevmaster.com\/da\/wp-json\/wp\/v2\/media?parent=28065"}],"wp:term":[{"taxonomy":"product_brand","embeddable":true,"href":"https:\/\/nordicmart.andreevmaster.com\/da\/wp-json\/wp\/v2\/product_brand?post=28065"},{"taxonomy":"product_cat","embeddable":true,"href":"https:\/\/nordicmart.andreevmaster.com\/da\/wp-json\/wp\/v2\/product_cat?post=28065"},{"taxonomy":"product_tag","embeddable":true,"href":"https:\/\/nordicmart.andreevmaster.com\/da\/wp-json\/wp\/v2\/product_tag?post=28065"}],"curies":[{"name":"wp","href":"https:\/\/api.w.org\/{rel}","templated":true}]}}