{"id":28064,"date":"2026-02-27T00:40:11","date_gmt":"2026-02-27T00:40:11","guid":{"rendered":"https:\/\/nordicmart.andreevmaster.com\/product\/pinette-barneseng-junior-seng-70x140\/"},"modified":"2026-02-27T09:17:57","modified_gmt":"2026-02-27T09:17:57","slug":"pinette-barneseng-junior-seng-70x140","status":"publish","type":"product","link":"https:\/\/nordicmart.andreevmaster.com\/da\/vare\/pinette-barneseng-junior-seng-70x140\/","title":{"rendered":"Pinette barneseng\/junior seng 70&#215;140"},"content":{"rendered":"<p>Et centralt punkt i ethvert b\u00f8rnev\u00e6relse er en barneseng, som ikke kun er et sted at sove og hvile, men ogs\u00e5 at lege.Takket v\u00e6re praktiske l\u00f8sninger er Pinette-sengen sikker og underst\u00f8tter barnets udvikling. En tr\u00e6konstruktion i form af et hus udg\u00f8r et tidl\u00f8st og naturligt element. Den kan bruges til at h\u00e6nge mobiler, lamper eller andre elementer, der underst\u00f8tter barnets udvikling, til at h\u00e6nge et myggenet, der beskytter mod insekter, eller en baldakin, der skaber et hyggeligt sted at sove.Takket v\u00e6re anvendelsen af en tv\u00e6rg\u00e5ende plade, der forbinder sengens hovedender, er det sikkert at bruge sengen b\u00e5de for for\u00e6ldre, der udf\u00f8rer daglige plejeaktiviteter, babyer, der tester deres styrke, og aktive sm\u00e5b\u00f8rn. Madrasrammen kan indstilles i tre h\u00f8jder. Den h\u00f8jeste indstilling er beregnet til sp\u00e6db\u00f8rn, den mellemste indstilling til b\u00f8rn, der kan sidde og kravle, og den laveste indstilling til sm\u00e5b\u00f8rn, der kan klatre. Den laveste position af rammen giver en praktisk h\u00f8jde fra gulvet, s\u00e5 babyer frit kan komme ind og ud af sengen, hvilket er s\u00e6rligt vigtigt for at opbygge deres uafh\u00e6ngighed og selvst\u00e6ndighed. En rummelig skuffe til forskellige tilbeh\u00f8r og skatte kan tr\u00e6kkes ud af alle sm\u00e5b\u00f8rn (ingen fare for, at gulvet bliver ridset \uf04a). Et \u00e6ldre barn kan bruge sengen lidt l\u00e6ngere, da den kan tr\u00e6kkes ud til 160 cm.<br \/>\nEn seng med et tr\u00e6hus giver ogs\u00e5 mange indretningsmuligheder, ikke kun i form af sjov. Den kan v\u00e6re en god fe&#8217;s hytte, et piratskib, et hospital for s\u00e5rede i en kamp mellem bamser eller bare et godt skjulested, som er ethvert barns dr\u00f8m.<br \/>\n**De vigtigste fordele:**<br \/>\n&#8211; overholder europ\u00e6iske standarder og sikkerhedsnormer<br \/>\n&#8211; **to aftagelige st\u00e6nger** i den ene ramme, som g\u00f8r det muligt at komme ind og ud af sengen<br \/>\n&#8211; **tre niveauer for madrasrammens position**, der kan justeres efter barnets udviklingsniveau (55,6\/42,8\/25,2 cm fra gulvet)<br \/>\n&#8211; **kan omdannes til en sofa** ved at afmontere den ene ramme<br \/>\n&#8211; **kan omdannes til en divan** ved at afmontere to rammer og den \u00f8verste del af hoved- og fodg\u00e6rdet<br \/>\n&#8211; **sengen kan tr\u00e6kkes ud til 160 cm** og bruges l\u00e6ngere, indtil barnet er ca. 10 \u00e5r<br \/>\n&#8211; rummelig skuffe med ruller med gummihjul, der er sikre for gulvet<br \/>\n&#8211; ekstra beskyttelse mod fald ud af sengen f\u00e5s (valgfrit)<\/p>\n<p>**M\u00e5l (cm):**<br \/>\nl\u00e6ngde: 144 \u2013 163,6<br \/>\nbredde: 79,5<br \/>\nh\u00f8jde p\u00e5 hovedg\u00e6rde og fodg\u00e6rde: 86,5<br \/>\nh\u00f8jde p\u00e5 huset: 176<\/p>\n<p>**Yderligere oplysninger:**<br \/>\n&#8211; madras, der passer til barnesengen: 140 cm x 70 cm<br \/>\n&#8211; madras, der passer til divanen: 70 cm x 160 cm<br \/>\n&#8211; levetid: til ca. 10 \u00e5r.<\/p>\n<p>**M\u00f8beldesign og finish:**<br \/>\n&#8211; Hovedg\u00e6rdet og fodg\u00e6rdet p\u00e5 barnesengen, skuffen og br\u00e6ttet p\u00e5 divanen er fremstillet af lamineret plade af h\u00f8j kvalitet, som er modstandsdygtig over for skader og fugt og nem at holde ren.<br \/>\n&#8211; Tr\u00e6konstruktionen er fremstillet af limet fyrretr\u00e6, som kan have nogle uregelm\u00e6ssigheder, f.eks. knaster, mikrorevner, uregelm\u00e6ssige farver osv., som er typiske for naturlige r\u00e5materialer. Tr\u00e6et er lakeret med klar lak, som er sikker for b\u00f8rn. &#8211; Skuffer og garderobed\u00f8re \u00e5bnes med et &#8220;push to open&#8221;-system. &#8211; En skuffe i barnesengen er udstyret med ruller med gummid\u00e6k (sikre for gulvet). &#8211; M\u00f8blerne kan monteres p\u00e5 v\u00e6ggen \u2013 anbefales. &#8211; Stigerne er lavet af b\u00f8getr\u00e6, lakeret med hvid maling, der er sikker for b\u00f8rn, certificeret i henhold til standarden EN71\/3.- madrasramme lavet af b\u00f8gefiner <\/p>\n<p>**Farver:**<br \/>\n&#8211; snehvid, neutral gr\u00e5, lys fyrretr\u00e6, alt med mat finish<br \/>\nBrugsanvisning:<br \/>\nM\u00f8blerne skal t\u00f8rres af med en bl\u00f8d bomuldsklud fugtet med vand eller m\u00f8belpolish.<br \/>\nYderligere oplysninger:<br \/>\nM\u00f8blerne leveres i kasser til selvmontering. Kasserne indeholder en detaljeret samlevejledning samt tilbeh\u00f8r (skruer osv.).<\/p>\n","protected":false},"excerpt":{"rendered":"<p>Et centralt punkt i ethvert b\u00f8rnev\u00e6relse er en barneseng, som ikke kun er et sted at sove og hvile, men ogs\u00e5 at lege.Takket v\u00e6re praktiske l\u00f8sninger er Pinette-sengen sikker og underst\u00f8tter barnets udvikling. En tr\u00e6konstruktion i form af et hus udg\u00f8r et tidl\u00f8st og naturligt element. Den kan bruges til at h\u00e6nge mobiler, lamper eller [&hellip;]<\/p>\n","protected":false},"featured_media":0,"comment_status":"open","ping_status":"closed","template":"","meta":[],"product_brand":[],"product_cat":[31],"product_tag":[],"class_list":{"0":"post-28064","1":"product","2":"type-product","3":"status-publish","5":"product_cat-uncategorized-da","7":"first","8":"instock","9":"shipping-taxable","10":"purchasable","11":"product-type-simple"},"_links":{"self":[{"href":"https:\/\/nordicmart.andreevmaster.com\/da\/wp-json\/wp\/v2\/product\/28064","targetHints":{"allow":["GET"]}}],"collection":[{"href":"https:\/\/nordicmart.andreevmaster.com\/da\/wp-json\/wp\/v2\/product"}],"about":[{"href":"https:\/\/nordicmart.andreevmaster.com\/da\/wp-json\/wp\/v2\/types\/product"}],"replies":[{"embeddable":true,"href":"https:\/\/nordicmart.andreevmaster.com\/da\/wp-json\/wp\/v2\/comments?post=28064"}],"wp:attachment":[{"href":"https:\/\/nordicmart.andreevmaster.com\/da\/wp-json\/wp\/v2\/media?parent=28064"}],"wp:term":[{"taxonomy":"product_brand","embeddable":true,"href":"https:\/\/nordicmart.andreevmaster.com\/da\/wp-json\/wp\/v2\/product_brand?post=28064"},{"taxonomy":"product_cat","embeddable":true,"href":"https:\/\/nordicmart.andreevmaster.com\/da\/wp-json\/wp\/v2\/product_cat?post=28064"},{"taxonomy":"product_tag","embeddable":true,"href":"https:\/\/nordicmart.andreevmaster.com\/da\/wp-json\/wp\/v2\/product_tag?post=28064"}],"curies":[{"name":"wp","href":"https:\/\/api.w.org\/{rel}","templated":true}]}}