{"id":28063,"date":"2026-02-27T00:40:10","date_gmt":"2026-02-27T00:40:10","guid":{"rendered":"https:\/\/nordicmart.andreevmaster.com\/product\/pinette-seng-90x200\/"},"modified":"2026-02-27T09:17:57","modified_gmt":"2026-02-27T09:17:57","slug":"pinette-seng-90x200","status":"publish","type":"product","link":"https:\/\/nordicmart.andreevmaster.com\/da\/vare\/pinette-seng-90x200\/","title":{"rendered":"Pinette-seng 90&#215;200"},"content":{"rendered":"<p>Et barn i v\u00e6kst har voksende behov. Med disse behov in mente har vi designet den store Pinette-seng.<br \/>\nDen er perfekt til et \u00e6ldre barn eller en teenager p\u00e5 grund af sine standardm\u00e5l (200 cm x 90 cm), hvilket betyder, at det ikke er noget problem at v\u00e6lge den rigtige madras eller senget\u00f8j. Sengen har en udtr\u00e6kkelig skuffe, der er perfekt til opbevaring af senget\u00f8j, eller du kan l\u00e6gge en madras i den, s\u00e5 den kan fungere som en ekstra seng \u2013 en fantastisk l\u00f8sning til s\u00f8skende eller overnattende g\u00e6ster. Skuffen er nem at tr\u00e6kke ud, selv for b\u00f8rn. Skuffen f\u00e5s i to farver: snehvid og neutral gr\u00e5.<br \/>\nVigtigste fordele:<br \/>\n&#8211; fremstillet i overensstemmelse med europ\u00e6iske sikkerhedsstandarder,<br \/>\n&#8211; skandinavisk design,<br \/>\n&#8211; skuffe med forst\u00e6rket bund, der kan bruges til opbevaring eller som en ekstra seng (valgfrit)<br \/>\n&#8211; skuffe udstyret med hjul med gummibel\u00e6gning, der er sikker for dit gulv,<br \/>\n&#8211; sengen kan udstyres med en beskyttende barriere (valgfrit).<\/p>\n<p>Sengens m\u00e5l (cm):<br \/>\nl\u00e6ngde: 208<br \/>\nbredde: 98<br \/>\nh\u00f8jde: 72<\/p>\n<p>Skuffens m\u00e5l (cm):<br \/>\nl\u00e6ngde: 198<br \/>\nbredde: 92<br \/>\nh\u00f8jde: 20<\/p>\n<p>Yderligere oplysninger:<br \/>\n&#8211; den \u00f8verste seng er egnet til en madras: 90 cm x 200 cm, h\u00f8jde: min. 12 cm<br \/>\n&#8211; skuffen kan udstyres med en madras: 90 x 185. Med en 8 cm h\u00f8j madras kan skuffen med madras og senget\u00f8j let skubbes ind under sengen<br \/>\n&#8211; sengens maksimale belastning 120 kg<br \/>\n&#8211; skuffens maksimale belastning 100 kg<br \/>\n&#8211; beregnet til b\u00f8rn fra ca. 5\/6 \u00e5r<\/p>\n<p>M\u00f8blernes design og finish:<br \/>\n&#8211; m\u00f8blerne er fremstillet af lamineret plade af h\u00f8j kvalitet, som er modstandsdygtig over for skader og fugt, let at holde ren,<br \/>\n&#8211; tr\u00e6konstruktionen er fremstillet af tykt limet fyrretr\u00e6, som kan have nogle uregelm\u00e6ssigheder, f.eks. knaster, mikrorevner, uregelm\u00e6ssige farver osv., som er typiske for naturlige r\u00e5materialer. Tr\u00e6et er lakeret med klar lak, som er sikker for b\u00f8rn,<br \/>\n&#8211; madrasrammen er fremstillet af b\u00f8gefiner.Farver: &#8211; snehvid, neutral gr\u00e5, lys fyrretr\u00e6, alt med mat finish. Brugsanvisning: M\u00f8blerne skal t\u00f8rres af med en bl\u00f8d bomuldsklud fugtet med vand eller m\u00f8belpolish. Yderligere oplysninger: M\u00f8blerne leveres i kasser til selvmontering. Kasserne indeholder en detaljeret monteringsvejledning samt udstyr (skruer osv.)<\/p>\n","protected":false},"excerpt":{"rendered":"<p>Et barn i v\u00e6kst har voksende behov. Med disse behov in mente har vi designet den store Pinette-seng. Den er perfekt til et \u00e6ldre barn eller en teenager p\u00e5 grund af sine standardm\u00e5l (200 cm x 90 cm), hvilket betyder, at det ikke er noget problem at v\u00e6lge den rigtige madras eller senget\u00f8j. Sengen har [&hellip;]<\/p>\n","protected":false},"featured_media":0,"comment_status":"open","ping_status":"closed","template":"","meta":[],"product_brand":[],"product_cat":[31],"product_tag":[],"class_list":{"0":"post-28063","1":"product","2":"type-product","3":"status-publish","5":"product_cat-uncategorized-da","7":"first","8":"instock","9":"shipping-taxable","10":"purchasable","11":"product-type-simple"},"_links":{"self":[{"href":"https:\/\/nordicmart.andreevmaster.com\/da\/wp-json\/wp\/v2\/product\/28063","targetHints":{"allow":["GET"]}}],"collection":[{"href":"https:\/\/nordicmart.andreevmaster.com\/da\/wp-json\/wp\/v2\/product"}],"about":[{"href":"https:\/\/nordicmart.andreevmaster.com\/da\/wp-json\/wp\/v2\/types\/product"}],"replies":[{"embeddable":true,"href":"https:\/\/nordicmart.andreevmaster.com\/da\/wp-json\/wp\/v2\/comments?post=28063"}],"wp:attachment":[{"href":"https:\/\/nordicmart.andreevmaster.com\/da\/wp-json\/wp\/v2\/media?parent=28063"}],"wp:term":[{"taxonomy":"product_brand","embeddable":true,"href":"https:\/\/nordicmart.andreevmaster.com\/da\/wp-json\/wp\/v2\/product_brand?post=28063"},{"taxonomy":"product_cat","embeddable":true,"href":"https:\/\/nordicmart.andreevmaster.com\/da\/wp-json\/wp\/v2\/product_cat?post=28063"},{"taxonomy":"product_tag","embeddable":true,"href":"https:\/\/nordicmart.andreevmaster.com\/da\/wp-json\/wp\/v2\/product_tag?post=28063"}],"curies":[{"name":"wp","href":"https:\/\/api.w.org\/{rel}","templated":true}]}}