{"id":27980,"date":"2026-02-27T00:39:48","date_gmt":"2026-02-27T00:39:48","guid":{"rendered":"https:\/\/nordicmart.andreevmaster.com\/product\/ortopaedisk-hundeseng-90-x-75-x-25-cm\/"},"modified":"2026-02-27T09:17:38","modified_gmt":"2026-02-27T09:17:38","slug":"ortopaedisk-hundeseng-90-x-75-x-25-cm","status":"publish","type":"product","link":"https:\/\/nordicmart.andreevmaster.com\/da\/vare\/ortopaedisk-hundeseng-90-x-75-x-25-cm\/","title":{"rendered":"Ortop\u00e6disk hundeseng 90 x 75 x 25 cm"},"content":{"rendered":"<p>Store hunde og is\u00e6r bulldogs lider ofte af ledproblemer, s\u00e5som hofteleddysplasi, p\u00e5 grund af deres v\u00e6gt og knoglestruktur. Ogs\u00e5 \u00e6ldre firbenede venner lider ofte af ledbet\u00e6ndelse eller lignende sygdomme. De b\u00f8r derfor ikke sove p\u00e5 en for h\u00e5rd eller ustabil hundeseng. FEANDREAs designere har derfor skabt en hundesofa med et 8 cm tykt lag hukommelseskum, der tilpasser sig dit k\u00e6ledyrs krop og lindrer trykket p\u00e5 dets led. Andre fordele ved den ortop\u00e6diske hundeseng:- Vendbart pude, der er fremstillet af slidst\u00e6rkt imiteret mokkanahk og bl\u00f8dt PV-fleece &#8211; Aftageligt pude- og senget\u00e6ppe; let at reng\u00f8re &#8211; Masser af plads til store hunde op til 30 kg &#8211; Udstyret med skridsikre ben Produktoplysninger:- Farve: gr\u00e5 &#8211; Materiale: imiteret mokkanahka, PV-fleece (polyester), hukommelseskum &#8211; Samlet st\u00f8rrelse: 90 x 75 x 25 cm (L x B x H) &#8211; Soveposens st\u00f8rrelse: 60 x 50 cm (L x B) &#8211; V\u00e6gt: 2,8 kg. V\u00e6gt: 1,5 kg.8 kg- Maks. statisk belastbarhed: 30 kg. statisk belastbarhed: 30 kg Leveringsomfang:- 1 x hundeseng- 1 x brugsanvisning (DE, EN, FR, ES, IT)FEANDREA Bem\u00e6rkninger:- Beskyt produktet mod fugt og direkte sollys. Hold produktet v\u00e6k fra skarpe og spidse genstande. &#8211; Hunde m\u00e5 aldrig tygge p\u00e5 sengen. &#8211; Hundesofaen leveres sammenpresset. Vent 1-2 dage, indtil den har genvundet sin normale st\u00f8rrelse. &#8211; Brug ikke dette produkt i n\u00e6rheden af varmekilder over 40 \u00b0C. Hvis du har gulvvarme, skal du bruge en ekstra underlagsm\u00e5tte.<\/p>\n","protected":false},"excerpt":{"rendered":"<p>Store hunde og is\u00e6r bulldogs lider ofte af ledproblemer, s\u00e5som hofteleddysplasi, p\u00e5 grund af deres v\u00e6gt og knoglestruktur. Ogs\u00e5 \u00e6ldre firbenede venner lider ofte af ledbet\u00e6ndelse eller lignende sygdomme. De b\u00f8r derfor ikke sove p\u00e5 en for h\u00e5rd eller ustabil hundeseng. FEANDREAs designere har derfor skabt en hundesofa med et 8 cm tykt lag hukommelseskum, [&hellip;]<\/p>\n","protected":false},"featured_media":0,"comment_status":"open","ping_status":"closed","template":"","meta":[],"product_brand":[],"product_cat":[31],"product_tag":[],"class_list":{"0":"post-27980","1":"product","2":"type-product","3":"status-publish","5":"product_cat-uncategorized-da","7":"first","8":"instock","9":"shipping-taxable","10":"product-type-simple"},"_links":{"self":[{"href":"https:\/\/nordicmart.andreevmaster.com\/da\/wp-json\/wp\/v2\/product\/27980","targetHints":{"allow":["GET"]}}],"collection":[{"href":"https:\/\/nordicmart.andreevmaster.com\/da\/wp-json\/wp\/v2\/product"}],"about":[{"href":"https:\/\/nordicmart.andreevmaster.com\/da\/wp-json\/wp\/v2\/types\/product"}],"replies":[{"embeddable":true,"href":"https:\/\/nordicmart.andreevmaster.com\/da\/wp-json\/wp\/v2\/comments?post=27980"}],"wp:attachment":[{"href":"https:\/\/nordicmart.andreevmaster.com\/da\/wp-json\/wp\/v2\/media?parent=27980"}],"wp:term":[{"taxonomy":"product_brand","embeddable":true,"href":"https:\/\/nordicmart.andreevmaster.com\/da\/wp-json\/wp\/v2\/product_brand?post=27980"},{"taxonomy":"product_cat","embeddable":true,"href":"https:\/\/nordicmart.andreevmaster.com\/da\/wp-json\/wp\/v2\/product_cat?post=27980"},{"taxonomy":"product_tag","embeddable":true,"href":"https:\/\/nordicmart.andreevmaster.com\/da\/wp-json\/wp\/v2\/product_tag?post=27980"}],"curies":[{"name":"wp","href":"https:\/\/api.w.org\/{rel}","templated":true}]}}