{"id":27935,"date":"2026-02-27T00:39:33","date_gmt":"2026-02-27T00:39:33","guid":{"rendered":"https:\/\/nordicmart.andreevmaster.com\/product\/hundeseng-85-x-65-x-21-cm-2\/"},"modified":"2026-02-27T09:17:27","modified_gmt":"2026-02-27T09:17:27","slug":"hundeseng-85-x-65-x-21-cm-2","status":"publish","type":"product","link":"https:\/\/nordicmart.andreevmaster.com\/da\/vare\/hundeseng-85-x-65-x-21-cm-2\/","title":{"rendered":"Hundeseng 85 x 65 x 21 cm"},"content":{"rendered":"<p>Med denne hundeseng er det ikke et sp\u00f8rgsm\u00e5l om kvalitet eller stil, for den kombinerer begge dele. Det robuste Oxford-stof p\u00e5 ydersiden kan modst\u00e5 selv de h\u00e5rdeste poter, men det elegante sorte stof g\u00f8r ogs\u00e5 hundesofaen til et stilfuldt m\u00f8bel. Et sted med sikkerhedDe h\u00e6vede kanter p\u00e5 denne hundekurv sikrer, at din firbenede ven f\u00f8ler sig godt beskyttet hele vejen rundt. Frem for alt holdes tr\u00e6k eller kolde gulve ude takket v\u00e6re de h\u00f8je v\u00e6gge og den fremragende polstring. Mangler din hund stadig en hyggelig seng? &#8211; S\u00e5 giv den denne hundekurv til dyr, der vejer op til 30 kg, i gave. Produktdetaljer:- Farve: sort- Materiale: 150D Oxford-stof, fleece, polypropylenfyld- St\u00f8rrelse: 80 x 65 x 20 cm (L x B x H)- V\u00e6gt: 1,7 kg Leveringsomfang:- 1 x FEANDREA hundeseng Bem\u00e6rkninger:- Uds\u00e6t ikke produktet for direkte sollys, og placer det ikke i et fugtigt milj\u00f8. Produktet m\u00e5 ikke komme i kontakt med skarpe genstande.- Det anbefales at vaske dette produkt i h\u00e5nden.- Hundesengen er ikke et tyggeleget\u00f8j til dine firbenede venner; undg\u00e5 venligst, at din hund bider i sengen.- Vores hundeseng er foldet af hensyn til indpakningen. Det er derfor muligt, at den f\u00f8rst vender tilbage til sin normale form efter 2-3 dage. P\u00e5 grund af s\u00f8mrummet kan produkter af denne type afvige med op til 3 cm fra de m\u00e5l, vi har angivet &#8211; Brug venligst ikke dette produkt i n\u00e6rheden af varmekilder over 40\u00baC. Hvis du har gulvvarme, skal du ogs\u00e5 bruge et underlag.<\/p>\n","protected":false},"excerpt":{"rendered":"<p>Med denne hundeseng er det ikke et sp\u00f8rgsm\u00e5l om kvalitet eller stil, for den kombinerer begge dele. Det robuste Oxford-stof p\u00e5 ydersiden kan modst\u00e5 selv de h\u00e5rdeste poter, men det elegante sorte stof g\u00f8r ogs\u00e5 hundesofaen til et stilfuldt m\u00f8bel. Et sted med sikkerhedDe h\u00e6vede kanter p\u00e5 denne hundekurv sikrer, at din firbenede ven f\u00f8ler [&hellip;]<\/p>\n","protected":false},"featured_media":0,"comment_status":"open","ping_status":"closed","template":"","meta":[],"product_brand":[],"product_cat":[31],"product_tag":[],"class_list":{"0":"post-27935","1":"product","2":"type-product","3":"status-publish","5":"product_cat-uncategorized-da","7":"first","8":"instock","9":"shipping-taxable","10":"product-type-simple"},"_links":{"self":[{"href":"https:\/\/nordicmart.andreevmaster.com\/da\/wp-json\/wp\/v2\/product\/27935","targetHints":{"allow":["GET"]}}],"collection":[{"href":"https:\/\/nordicmart.andreevmaster.com\/da\/wp-json\/wp\/v2\/product"}],"about":[{"href":"https:\/\/nordicmart.andreevmaster.com\/da\/wp-json\/wp\/v2\/types\/product"}],"replies":[{"embeddable":true,"href":"https:\/\/nordicmart.andreevmaster.com\/da\/wp-json\/wp\/v2\/comments?post=27935"}],"wp:attachment":[{"href":"https:\/\/nordicmart.andreevmaster.com\/da\/wp-json\/wp\/v2\/media?parent=27935"}],"wp:term":[{"taxonomy":"product_brand","embeddable":true,"href":"https:\/\/nordicmart.andreevmaster.com\/da\/wp-json\/wp\/v2\/product_brand?post=27935"},{"taxonomy":"product_cat","embeddable":true,"href":"https:\/\/nordicmart.andreevmaster.com\/da\/wp-json\/wp\/v2\/product_cat?post=27935"},{"taxonomy":"product_tag","embeddable":true,"href":"https:\/\/nordicmart.andreevmaster.com\/da\/wp-json\/wp\/v2\/product_tag?post=27935"}],"curies":[{"name":"wp","href":"https:\/\/api.w.org\/{rel}","templated":true}]}}