{"id":27863,"date":"2026-02-27T00:39:08","date_gmt":"2026-02-27T00:39:08","guid":{"rendered":"https:\/\/nordicmart.andreevmaster.com\/product\/kokoontaitettava-koira-allas-120-x-30-cm-o-x-h-2\/"},"modified":"2026-02-27T09:17:07","modified_gmt":"2026-02-27T09:17:07","slug":"kokoontaitettava-koira-allas-120-x-30-cm-o-x-h-2","status":"publish","type":"product","link":"https:\/\/nordicmart.andreevmaster.com\/da\/vare\/kokoontaitettava-koira-allas-120-x-30-cm-o-x-h-2\/","title":{"rendered":"Kokoontaitettava koira-allas 120 x 30 cm (\u00d8 x H)"},"content":{"rendered":"<p>Tuotetiedot: &#8211; V\u00e4ri: Sininen: Materiaali: PVC, polyesteri &#8211; Koko: 120 x 30 cm (\u00f8 x K) &#8211; V\u00e6gt: 2,3 kg Leveringsindhold: &#8211; 1 x hundebassin &#8211; 1 x tilbeh\u00f8rspakke &#8211; 1 x brugsanvisning FEANDREA Bem\u00e6rkninger: &#8211; Produktet kan lugte &#8220;nyt&#8221;, n\u00e5r du pakker det ud. I s\u00e5 fald kan du placere det i et godt ventileret rum, hvor lugten forsvinder efter kort tid.<\/p>\n","protected":false},"excerpt":{"rendered":"<p>Tuotetiedot: &#8211; V\u00e4ri: Sininen: Materiaali: PVC, polyesteri &#8211; Koko: 120 x 30 cm (\u00f8 x K) &#8211; V\u00e6gt: 2,3 kg Leveringsindhold: &#8211; 1 x hundebassin &#8211; 1 x tilbeh\u00f8rspakke &#8211; 1 x brugsanvisning FEANDREA Bem\u00e6rkninger: &#8211; Produktet kan lugte &#8220;nyt&#8221;, n\u00e5r du pakker det ud. I s\u00e5 fald kan du placere det i et godt [&hellip;]<\/p>\n","protected":false},"featured_media":0,"comment_status":"open","ping_status":"closed","template":"","meta":[],"product_brand":[],"product_cat":[31],"product_tag":[],"class_list":{"0":"post-27863","1":"product","2":"type-product","3":"status-publish","5":"product_cat-uncategorized-da","7":"first","8":"instock","9":"shipping-taxable","10":"purchasable","11":"product-type-simple"},"_links":{"self":[{"href":"https:\/\/nordicmart.andreevmaster.com\/da\/wp-json\/wp\/v2\/product\/27863","targetHints":{"allow":["GET"]}}],"collection":[{"href":"https:\/\/nordicmart.andreevmaster.com\/da\/wp-json\/wp\/v2\/product"}],"about":[{"href":"https:\/\/nordicmart.andreevmaster.com\/da\/wp-json\/wp\/v2\/types\/product"}],"replies":[{"embeddable":true,"href":"https:\/\/nordicmart.andreevmaster.com\/da\/wp-json\/wp\/v2\/comments?post=27863"}],"wp:attachment":[{"href":"https:\/\/nordicmart.andreevmaster.com\/da\/wp-json\/wp\/v2\/media?parent=27863"}],"wp:term":[{"taxonomy":"product_brand","embeddable":true,"href":"https:\/\/nordicmart.andreevmaster.com\/da\/wp-json\/wp\/v2\/product_brand?post=27863"},{"taxonomy":"product_cat","embeddable":true,"href":"https:\/\/nordicmart.andreevmaster.com\/da\/wp-json\/wp\/v2\/product_cat?post=27863"},{"taxonomy":"product_tag","embeddable":true,"href":"https:\/\/nordicmart.andreevmaster.com\/da\/wp-json\/wp\/v2\/product_tag?post=27863"}],"curies":[{"name":"wp","href":"https:\/\/api.w.org\/{rel}","templated":true}]}}