{"id":27814,"date":"2026-02-27T00:38:52","date_gmt":"2026-02-27T00:38:52","guid":{"rendered":"https:\/\/nordicmart.andreevmaster.com\/product\/paso-doble-barneseng-60x120-snow-bliss\/"},"modified":"2026-02-27T09:16:55","modified_gmt":"2026-02-27T09:16:55","slug":"paso-doble-barneseng-60x120-snow-bliss","status":"publish","type":"product","link":"https:\/\/nordicmart.andreevmaster.com\/da\/vare\/paso-doble-barneseng-60x120-snow-bliss\/","title":{"rendered":"Paso Doble barneseng 60&#215;120 snow bliss"},"content":{"rendered":"<p>Paso Doble er resultatet af en smart kombination af en kommode, et skab og en puslebord med en barneseng. Takket v\u00e6re dette har du alt, hvad du har brug for til at passe dit barn, lige ved h\u00e5nden. Kommoden har fire skuffer, bagved er der et skab med en hylde og en stang til at h\u00e6nge sm\u00e5 t\u00f8j p\u00e5. Derudover er der en rummelig skuffe p\u00e5 hjul under sengen. <\/p>\n<p>Vigtigste fordele:<br \/>\n&#8211; 3 niveauer af sengens h\u00f8jdejustering,<br \/>\n&#8211; 3 aftagelige lameller i barnesengens forreste ramme,<br \/>\n&#8211; mulighed for at adskille siderammen,<br \/>\n&#8211; mulighed for at installere et ekstra lille gel\u00e6nder efter fjernelse af siderammen (ekstraudstyr)<br \/>\n&#8211; en skuffe p\u00e5 hjul,<br \/>\n&#8211; et puslebord indbygget i bordpladen,<br \/>\n&#8211; universel samling,<br \/>\n&#8211; mulighed for at placere en kommode og et skab p\u00e5 venstre eller h\u00f8jre side af barnesengen, <\/p>\n<p>Barnesengen passer til en madras med m\u00e5lene 60&#215;120 [cm] <\/p>\n<p>M\u00e5l (cm):<br \/>\nl\u00e6ngde: 166,3 cm<br \/>\nbredde: 70,6 cm<br \/>\nh\u00f8jde: 104 cm <\/p>\n<p>Materiale og finish:<br \/>\n-Paso Doble er lavet af sp\u00e5nplade, lakeret MDF og massivt tr\u00e6. Det hele er holdt i hvidt. Farve:<br \/>\n&#8211; hvid Brugsanvisning:<br \/>\nM\u00f8blerne skal t\u00f8rres af med en bl\u00f8d bomuldsklud fugtet med vand eller et m\u00f8belplejemiddel.<\/p>\n","protected":false},"excerpt":{"rendered":"<p>Paso Doble er resultatet af en smart kombination af en kommode, et skab og en puslebord med en barneseng. Takket v\u00e6re dette har du alt, hvad du har brug for til at passe dit barn, lige ved h\u00e5nden. Kommoden har fire skuffer, bagved er der et skab med en hylde og en stang til at [&hellip;]<\/p>\n","protected":false},"featured_media":0,"comment_status":"open","ping_status":"closed","template":"","meta":[],"product_brand":[],"product_cat":[31],"product_tag":[],"class_list":{"0":"post-27814","1":"product","2":"type-product","3":"status-publish","5":"product_cat-uncategorized-da","7":"first","8":"instock","9":"shipping-taxable","10":"purchasable","11":"product-type-simple"},"_links":{"self":[{"href":"https:\/\/nordicmart.andreevmaster.com\/da\/wp-json\/wp\/v2\/product\/27814","targetHints":{"allow":["GET"]}}],"collection":[{"href":"https:\/\/nordicmart.andreevmaster.com\/da\/wp-json\/wp\/v2\/product"}],"about":[{"href":"https:\/\/nordicmart.andreevmaster.com\/da\/wp-json\/wp\/v2\/types\/product"}],"replies":[{"embeddable":true,"href":"https:\/\/nordicmart.andreevmaster.com\/da\/wp-json\/wp\/v2\/comments?post=27814"}],"wp:attachment":[{"href":"https:\/\/nordicmart.andreevmaster.com\/da\/wp-json\/wp\/v2\/media?parent=27814"}],"wp:term":[{"taxonomy":"product_brand","embeddable":true,"href":"https:\/\/nordicmart.andreevmaster.com\/da\/wp-json\/wp\/v2\/product_brand?post=27814"},{"taxonomy":"product_cat","embeddable":true,"href":"https:\/\/nordicmart.andreevmaster.com\/da\/wp-json\/wp\/v2\/product_cat?post=27814"},{"taxonomy":"product_tag","embeddable":true,"href":"https:\/\/nordicmart.andreevmaster.com\/da\/wp-json\/wp\/v2\/product_tag?post=27814"}],"curies":[{"name":"wp","href":"https:\/\/api.w.org\/{rel}","templated":true}]}}