{"id":27688,"date":"2026-02-27T00:38:13","date_gmt":"2026-02-27T00:38:13","guid":{"rendered":"https:\/\/nordicmart.andreevmaster.com\/product\/pct196w01-kattetrae-tyndt-kattetrae-store-katte-fastmonteret-pladsbesparende-let-at-klatre-i-stor-haengematte-fjerner-mangel-pa-motion-flere-hoveder-786-tommer-199-cm-hojde\/"},"modified":"2026-02-27T09:16:27","modified_gmt":"2026-02-27T09:16:27","slug":"pct196w01-kattetrae-tyndt-kattetrae-store-katte-fastmonteret-pladsbesparende-let-at-klatre-i-stor-haengematte-fjerner-mangel-pa-motion-flere-hoveder-786-tommer-199-cm-hojde","status":"publish","type":"product","link":"https:\/\/nordicmart.andreevmaster.com\/da\/vare\/pct196w01-kattetrae-tyndt-kattetrae-store-katte-fastmonteret-pladsbesparende-let-at-klatre-i-stor-haengematte-fjerner-mangel-pa-motion-flere-hoveder-786-tommer-199-cm-hojde\/","title":{"rendered":"PCT196W01 Kattetr\u00e6, tyndt kattetr\u00e6, store katte, fastmonteret, pladsbesparende, let at klatre i, stor h\u00e6ngem\u00e5tte, fjerner mangel p\u00e5 motion, flere hoveder 78,6 tommer (199 cm) h\u00f8jde"},"content":{"rendered":"","protected":false},"excerpt":{"rendered":"","protected":false},"featured_media":0,"comment_status":"open","ping_status":"closed","template":"","meta":[],"product_brand":[],"product_cat":[31],"product_tag":[],"class_list":{"0":"post-27688","1":"product","2":"type-product","3":"status-publish","5":"product_cat-uncategorized-da","7":"first","8":"instock","9":"shipping-taxable","10":"product-type-simple"},"_links":{"self":[{"href":"https:\/\/nordicmart.andreevmaster.com\/da\/wp-json\/wp\/v2\/product\/27688","targetHints":{"allow":["GET"]}}],"collection":[{"href":"https:\/\/nordicmart.andreevmaster.com\/da\/wp-json\/wp\/v2\/product"}],"about":[{"href":"https:\/\/nordicmart.andreevmaster.com\/da\/wp-json\/wp\/v2\/types\/product"}],"replies":[{"embeddable":true,"href":"https:\/\/nordicmart.andreevmaster.com\/da\/wp-json\/wp\/v2\/comments?post=27688"}],"wp:attachment":[{"href":"https:\/\/nordicmart.andreevmaster.com\/da\/wp-json\/wp\/v2\/media?parent=27688"}],"wp:term":[{"taxonomy":"product_brand","embeddable":true,"href":"https:\/\/nordicmart.andreevmaster.com\/da\/wp-json\/wp\/v2\/product_brand?post=27688"},{"taxonomy":"product_cat","embeddable":true,"href":"https:\/\/nordicmart.andreevmaster.com\/da\/wp-json\/wp\/v2\/product_cat?post=27688"},{"taxonomy":"product_tag","embeddable":true,"href":"https:\/\/nordicmart.andreevmaster.com\/da\/wp-json\/wp\/v2\/product_tag?post=27688"}],"curies":[{"name":"wp","href":"https:\/\/api.w.org\/{rel}","templated":true}]}}