{"id":27687,"date":"2026-02-27T00:38:12","date_gmt":"2026-02-27T00:38:12","guid":{"rendered":"https:\/\/nordicmart.andreevmaster.com\/product\/drapak-dla-kota-199cm-domek-jaskinia-legowisko-duzy-wysoki-sizal-plusz-2\/"},"modified":"2026-02-27T09:16:26","modified_gmt":"2026-02-27T09:16:26","slug":"drapak-dla-kota-199cm-domek-jaskinia-legowisko-duzy-wysoki-sizal-plusz-2","status":"publish","type":"product","link":"https:\/\/nordicmart.andreevmaster.com\/da\/vare\/drapak-dla-kota-199cm-domek-jaskinia-legowisko-duzy-wysoki-sizal-plusz-2\/","title":{"rendered":"DRAPAK DLA KOTA 199CM DOMEK JASKINIA LEGOWISKO DU\u017bY WYSOKI SIZAL PLUSZ"},"content":{"rendered":"<p>Perfekt til katte, der elsker at klatre og observere. 5 niveauer, afstanden mellem niveauerne er 35-40 cm. Stabil og sikker:<br \/>\nForst\u00e6rket bund sikrer stabilitet.<\/p>\n<p>Anti-tip-beskyttelse for sikkerhed. Alsidig komfort og sjov:<\/p>\n<p>Hele tr\u00e6et er bekl\u00e6dt med bl\u00f8dt plys. 2 observationsplatforme, 2 huler, 1 h\u00e6ngem\u00e5tte, 1 kurv, 2 pompulaer.<\/p>\n<p>Beskyttelse af m\u00f8bler: 7 klatrestativer tilfredsstiller kattens naturlige instinkter og beskytter dine m\u00f8bler.<\/p>\n<p>Let at reng\u00f8re: De to \u00f8verste senge kan tages af for nem reng\u00f8ring. Let at klatre for alle:<\/p>\n<p>Kradsetr\u00e6ets vigtigste egenskaber:<br \/>\nBeige farve<br \/>\nSt\u00f8rrelse: 60 x 50 x 199 cm<br \/>\nV\u00e6gt: 18,4 kg<br \/>\nMaks.: 70 kg<br \/>\nH\u00f8jde 199 cm:<\/p>\n","protected":false},"excerpt":{"rendered":"<p>Perfekt til katte, der elsker at klatre og observere. 5 niveauer, afstanden mellem niveauerne er 35-40 cm. Stabil og sikker: Forst\u00e6rket bund sikrer stabilitet. Anti-tip-beskyttelse for sikkerhed. Alsidig komfort og sjov: Hele tr\u00e6et er bekl\u00e6dt med bl\u00f8dt plys. 2 observationsplatforme, 2 huler, 1 h\u00e6ngem\u00e5tte, 1 kurv, 2 pompulaer. Beskyttelse af m\u00f8bler: 7 klatrestativer tilfredsstiller kattens [&hellip;]<\/p>\n","protected":false},"featured_media":0,"comment_status":"open","ping_status":"closed","template":"","meta":[],"product_brand":[],"product_cat":[31],"product_tag":[],"class_list":{"0":"post-27687","1":"product","2":"type-product","3":"status-publish","5":"product_cat-uncategorized-da","7":"first","8":"instock","9":"shipping-taxable","10":"product-type-simple"},"_links":{"self":[{"href":"https:\/\/nordicmart.andreevmaster.com\/da\/wp-json\/wp\/v2\/product\/27687","targetHints":{"allow":["GET"]}}],"collection":[{"href":"https:\/\/nordicmart.andreevmaster.com\/da\/wp-json\/wp\/v2\/product"}],"about":[{"href":"https:\/\/nordicmart.andreevmaster.com\/da\/wp-json\/wp\/v2\/types\/product"}],"replies":[{"embeddable":true,"href":"https:\/\/nordicmart.andreevmaster.com\/da\/wp-json\/wp\/v2\/comments?post=27687"}],"wp:attachment":[{"href":"https:\/\/nordicmart.andreevmaster.com\/da\/wp-json\/wp\/v2\/media?parent=27687"}],"wp:term":[{"taxonomy":"product_brand","embeddable":true,"href":"https:\/\/nordicmart.andreevmaster.com\/da\/wp-json\/wp\/v2\/product_brand?post=27687"},{"taxonomy":"product_cat","embeddable":true,"href":"https:\/\/nordicmart.andreevmaster.com\/da\/wp-json\/wp\/v2\/product_cat?post=27687"},{"taxonomy":"product_tag","embeddable":true,"href":"https:\/\/nordicmart.andreevmaster.com\/da\/wp-json\/wp\/v2\/product_tag?post=27687"}],"curies":[{"name":"wp","href":"https:\/\/api.w.org\/{rel}","templated":true}]}}