{"id":27488,"date":"2026-02-27T00:37:14","date_gmt":"2026-02-27T00:37:14","guid":{"rendered":"https:\/\/nordicmart.andreevmaster.com\/product\/vejrstation-fischer-6690-22\/"},"modified":"2026-02-27T09:15:42","modified_gmt":"2026-02-27T09:15:42","slug":"vejrstation-fischer-6690-22","status":"publish","type":"product","link":"https:\/\/nordicmart.andreevmaster.com\/da\/vare\/vejrstation-fischer-6690-22\/","title":{"rendered":"Vejrstation  Fischer  6690-22"},"content":{"rendered":"<p>Vejrstation &#8211; Barometer Termometer Hygrometer &#8211; 6690-22&nbsp; Fisher Vejrstation 6690-22 er en kombination af h\u00f8jkvalitets m\u00e5leinstrumenter med et klassisk design. Stationen indeholder et barometer, hygrometer og termometer. Enheden er fremstillet af det kendte tyske firma Fisher, som har udm\u00e6rket sig inden for m\u00e5leinstrumentbranchen i mere end 70 \u00e5r. &nbsp; M\u00e5leinstrumenterne er indsat i en diamantslebet messingramme . Enhedens base er fremstillet af mahogni-farvet tr\u00e6. Den klassiske kombination af mahogni og messingdetaljer giver den et sofistikeret udtryk, der passer perfekt til interi\u00f8rer i kabinet-, klassisk eller kolonistil. Takket v\u00e6re sin \u00e6stetik er den ikke kun en praktisk enhed, men ogs\u00e5 et unikt dekorativt element. &nbsp;&nbsp;&nbsp; Produktinformation: &nbsp; Producent : Fischer Dimensioner : 39 x 11,5 cm Materiale : messing, tr\u00e6 Finish : mahogni Anvendelse : indend\u00f8rs Barometerets m\u00e5len\u00f8jagtighed : &plusmn; 3 hPa Hygrometerets m\u00e5len\u00f8jagtighed : &plusmn; 5 % r.h. (20 &#8230; 100 %), + 1 skala N\u00f8jagtighed af termometerm\u00e5ling: \u00b1 1 K, + 1 skala &nbsp; &nbsp; Skalering af m\u00e5leinstrumenter &nbsp; Skalering af barometer, termometer og hygrometer er udf\u00f8rt p\u00e5 fabrikken. P\u00e5 grund af st\u00e6rke st\u00f8d kan det dog v\u00e6re n\u00f8dvendigt at foretage en ny justering. For at udf\u00f8re dette i tilf\u00e6lde af barometer og hygrometer skal du bruge en skruetr\u00e6kker og justere skruen p\u00e5 bagsiden af enheden i henhold til anbefalingerne i den medf\u00f8lgende manual. I tilf\u00e6lde af termometeret, n\u00e5r kviks\u00f8lvs\u00f8jlen er sprunget, hj\u00e6lper det at ryste det kraftigt et par gange. Takket v\u00e6re vejrstationen kan du kontrollere nogle af vejrforholdene i dit hjem og passe p\u00e5 dit helbred. For at g\u00f8re afl\u00e6sningen af v\u00e6rdierne s\u00e5 n\u00f8jagtig som muligt skal du undg\u00e5 at placere vejrstationen t\u00e6t p\u00e5 komfuret eller radiatoren. S\u00f8rg ogs\u00e5 for, at den ikke uds\u00e6ttes for sollys i for lang tid, da dette kan forstyrre dens funktion. &nbsp;<\/p>\n","protected":false},"excerpt":{"rendered":"<p>Vejrstation &#8211; Barometer Termometer Hygrometer &#8211; 6690-22&nbsp; Fisher Vejrstation 6690-22 er en kombination af h\u00f8jkvalitets m\u00e5leinstrumenter med et klassisk design. Stationen indeholder et barometer, hygrometer og termometer. Enheden er fremstillet af det kendte tyske firma Fisher, som har udm\u00e6rket sig inden for m\u00e5leinstrumentbranchen i mere end 70 \u00e5r. &nbsp; M\u00e5leinstrumenterne er indsat i en diamantslebet [&hellip;]<\/p>\n","protected":false},"featured_media":45032,"comment_status":"open","ping_status":"closed","template":"","meta":[],"product_brand":[],"product_cat":[31],"product_tag":[],"class_list":{"0":"post-27488","1":"product","2":"type-product","3":"status-publish","4":"has-post-thumbnail","6":"product_cat-uncategorized-da","8":"first","9":"instock","10":"shipping-taxable","11":"purchasable","12":"product-type-simple"},"_links":{"self":[{"href":"https:\/\/nordicmart.andreevmaster.com\/da\/wp-json\/wp\/v2\/product\/27488","targetHints":{"allow":["GET"]}}],"collection":[{"href":"https:\/\/nordicmart.andreevmaster.com\/da\/wp-json\/wp\/v2\/product"}],"about":[{"href":"https:\/\/nordicmart.andreevmaster.com\/da\/wp-json\/wp\/v2\/types\/product"}],"replies":[{"embeddable":true,"href":"https:\/\/nordicmart.andreevmaster.com\/da\/wp-json\/wp\/v2\/comments?post=27488"}],"wp:featuredmedia":[{"embeddable":true,"href":"https:\/\/nordicmart.andreevmaster.com\/da\/wp-json\/wp\/v2\/media\/45032"}],"wp:attachment":[{"href":"https:\/\/nordicmart.andreevmaster.com\/da\/wp-json\/wp\/v2\/media?parent=27488"}],"wp:term":[{"taxonomy":"product_brand","embeddable":true,"href":"https:\/\/nordicmart.andreevmaster.com\/da\/wp-json\/wp\/v2\/product_brand?post=27488"},{"taxonomy":"product_cat","embeddable":true,"href":"https:\/\/nordicmart.andreevmaster.com\/da\/wp-json\/wp\/v2\/product_cat?post=27488"},{"taxonomy":"product_tag","embeddable":true,"href":"https:\/\/nordicmart.andreevmaster.com\/da\/wp-json\/wp\/v2\/product_tag?post=27488"}],"curies":[{"name":"wp","href":"https:\/\/api.w.org\/{rel}","templated":true}]}}