{"id":27487,"date":"2026-02-27T00:37:14","date_gmt":"2026-02-27T00:37:14","guid":{"rendered":"https:\/\/nordicmart.andreevmaster.com\/product\/vejrstation-fischer-9103-22-001\/"},"modified":"2026-02-27T09:15:42","modified_gmt":"2026-02-27T09:15:42","slug":"vejrstation-fischer-9103-22-001","status":"publish","type":"product","link":"https:\/\/nordicmart.andreevmaster.com\/da\/vare\/vejrstation-fischer-9103-22-001\/","title":{"rendered":"Vejrstation &#8211; Fischer &#8211; 9103-22-001"},"content":{"rendered":"<p>&nbsp;Vejrstation &#8211; Fischer &#8211; 9103-22-001&nbsp;Vi pr\u00e6senterer en elegant og meget pr\u00e6cis vejrstation produceret af det tyske firma Fischer. S\u00e6ttet indeholder et barometer, hygrometer og termometer. Takket v\u00e6re Fisher-vejrstationen kan du holde styr p\u00e5 mikroklimaet i dit hjem. Barometeret giver dig mulighed for at observere trykfald og -stigninger. Hygrometeret viser luftfugtigheden i dit hjem, og du kan afl\u00e6se temperaturen p\u00e5 termometeret. Alt dette i en meget klassisk, elegant udgave. Instrumenterne i en messingramme er placeret p\u00e5 en m\u00f8rk tr\u00e6base. Instrumenternes hvide, elegante skiver st\u00e5r i kontrast til den m\u00f8rke skrift og tr\u00e6rammerne. Denne vejrstation til hjemmet ser flot ud i engelske, kontor- og kolonistilsrum. Enheden kan h\u00e6nges vandret eller lodret efter at have drejet kantstenene. Det er et produkt af h\u00f8j kvalitet, der er fremstillet af det kendte firma Fisher. Firmaet Fischer blev grundlagt i 1945 i Drebach, Tyskland, og har siden da fremstillet barometre, hygrometre og termometre. Det har over 70 \u00e5rs erfaring i denne branche. I dag er Fischer en velkendt og respekteret leverand\u00f8r af produkter af h\u00f8j kvalitet. Alle produkter er h\u00e5ndlavede og fremstilles udelukkende i Erzgebirge i Tyskland. Dimensioner: L\u00e6ngde 28 cm H\u00f8jde 12 cm Diameter p\u00e5 barometeret 10 cm Diameter p\u00e5 termometeret og hygrometeret 6,5 cm OBS! Skaleringen af barometeret, termometeret og hygrometeret er udf\u00f8rt p\u00e5 fabrikken. P\u00e5 grund af f.eks. kraftige st\u00f8d kan det dog v\u00e6re n\u00f8dvendigt at foretage en ny regulering. For at g\u00f8re dette skal du i tilf\u00e6lde af barometer og hygrometer bruge en skruetr\u00e6kker og justere skruen p\u00e5 bagsiden af enheden i henhold til instruktionerne i den vedlagte manual. I tilf\u00e6lde af et termometer kan det, n\u00e5r kviks\u00f8lvkolonnen er revet fra hinanden, repareres ved at rykke kraftigt i kolonnen flere gange.<\/p>\n","protected":false},"excerpt":{"rendered":"<p>&nbsp;Vejrstation &#8211; Fischer &#8211; 9103-22-001&nbsp;Vi pr\u00e6senterer en elegant og meget pr\u00e6cis vejrstation produceret af det tyske firma Fischer. S\u00e6ttet indeholder et barometer, hygrometer og termometer. Takket v\u00e6re Fisher-vejrstationen kan du holde styr p\u00e5 mikroklimaet i dit hjem. Barometeret giver dig mulighed for at observere trykfald og -stigninger. Hygrometeret viser luftfugtigheden i dit hjem, og du [&hellip;]<\/p>\n","protected":false},"featured_media":45031,"comment_status":"open","ping_status":"closed","template":"","meta":[],"product_brand":[],"product_cat":[31],"product_tag":[],"class_list":{"0":"post-27487","1":"product","2":"type-product","3":"status-publish","4":"has-post-thumbnail","6":"product_cat-uncategorized-da","8":"first","9":"instock","10":"shipping-taxable","11":"purchasable","12":"product-type-simple"},"_links":{"self":[{"href":"https:\/\/nordicmart.andreevmaster.com\/da\/wp-json\/wp\/v2\/product\/27487","targetHints":{"allow":["GET"]}}],"collection":[{"href":"https:\/\/nordicmart.andreevmaster.com\/da\/wp-json\/wp\/v2\/product"}],"about":[{"href":"https:\/\/nordicmart.andreevmaster.com\/da\/wp-json\/wp\/v2\/types\/product"}],"replies":[{"embeddable":true,"href":"https:\/\/nordicmart.andreevmaster.com\/da\/wp-json\/wp\/v2\/comments?post=27487"}],"wp:featuredmedia":[{"embeddable":true,"href":"https:\/\/nordicmart.andreevmaster.com\/da\/wp-json\/wp\/v2\/media\/45031"}],"wp:attachment":[{"href":"https:\/\/nordicmart.andreevmaster.com\/da\/wp-json\/wp\/v2\/media?parent=27487"}],"wp:term":[{"taxonomy":"product_brand","embeddable":true,"href":"https:\/\/nordicmart.andreevmaster.com\/da\/wp-json\/wp\/v2\/product_brand?post=27487"},{"taxonomy":"product_cat","embeddable":true,"href":"https:\/\/nordicmart.andreevmaster.com\/da\/wp-json\/wp\/v2\/product_cat?post=27487"},{"taxonomy":"product_tag","embeddable":true,"href":"https:\/\/nordicmart.andreevmaster.com\/da\/wp-json\/wp\/v2\/product_tag?post=27487"}],"curies":[{"name":"wp","href":"https:\/\/api.w.org\/{rel}","templated":true}]}}