{"id":27486,"date":"2026-02-27T00:37:13","date_gmt":"2026-02-27T00:37:13","guid":{"rendered":"https:\/\/nordicmart.andreevmaster.com\/product\/themis-gave-til-en-advokat-mc-90205\/"},"modified":"2026-02-27T09:15:42","modified_gmt":"2026-02-27T09:15:42","slug":"themis-gave-til-en-advokat-mc-90205","status":"publish","type":"product","link":"https:\/\/nordicmart.andreevmaster.com\/da\/vare\/themis-gave-til-en-advokat-mc-90205\/","title":{"rendered":"Themis &#8211; Gave til en advokat &#8211; MC-90205"},"content":{"rendered":"<p>Themis &#8211; Gave til en advokat &#8211; MC-90205&nbsp;&nbsp;&nbsp;Themis er et af de mest popul\u00e6re symboler i den juridiske verden. Gudindefiguren er perfekt som gave til en advokat eller dommer. Den vil v\u00e6re en flot dekoration i et advokatkontor eller en dommers kontor. Figuren er holdt i hvid farve med gulddetaljer i form af en \u00f8jeklap, en v\u00e6gt og et sv\u00e6rd.&nbsp;Themis &#8211; symbol p\u00e5 lov og retf\u00e6rdighed. If\u00f8lge gr\u00e6sk mytologi var Temida en gudinde og personificering af retf\u00e6rdighed, lov og evig orden. Den karakteristiske blindfold over Themis&#8217; \u00f8jne er et symbol p\u00e5 upartiskhed. Themis er ogs\u00e5 afbildet med tre andre attributter: en v\u00e6gt, hvorp\u00e5 hun vejer de god og onde handlinger hos dem, der d\u00f8mmes, et sv\u00e6rd, der symboliserer \u00f8nsket om at afsk\u00e6re stridigheder og beskytte gudinden selv, og en slange under foden, der afspejler sejren over det onde.&nbsp;&nbsp;Produktinformation:&nbsp;M\u00e5l: 35 x 14 x 12 cmMateriale: polyresin (harpikskonglomerat) H\u00e5ndmalet Farve: hvid, guld&nbsp;Figurinen af Themis er perfekt som:&nbsp;Gave til en advokat Gave til en jurastuderende Gave til en dommer Dekoration til et advokatkontor Dekoration til en dommers kontor&nbsp;<\/p>\n","protected":false},"excerpt":{"rendered":"<p>Themis &#8211; Gave til en advokat &#8211; MC-90205&nbsp;&nbsp;&nbsp;Themis er et af de mest popul\u00e6re symboler i den juridiske verden. Gudindefiguren er perfekt som gave til en advokat eller dommer. Den vil v\u00e6re en flot dekoration i et advokatkontor eller en dommers kontor. Figuren er holdt i hvid farve med gulddetaljer i form af en \u00f8jeklap, [&hellip;]<\/p>\n","protected":false},"featured_media":45030,"comment_status":"open","ping_status":"closed","template":"","meta":[],"product_brand":[],"product_cat":[31],"product_tag":[],"class_list":{"0":"post-27486","1":"product","2":"type-product","3":"status-publish","4":"has-post-thumbnail","6":"product_cat-uncategorized-da","8":"first","9":"instock","10":"shipping-taxable","11":"purchasable","12":"product-type-simple"},"_links":{"self":[{"href":"https:\/\/nordicmart.andreevmaster.com\/da\/wp-json\/wp\/v2\/product\/27486","targetHints":{"allow":["GET"]}}],"collection":[{"href":"https:\/\/nordicmart.andreevmaster.com\/da\/wp-json\/wp\/v2\/product"}],"about":[{"href":"https:\/\/nordicmart.andreevmaster.com\/da\/wp-json\/wp\/v2\/types\/product"}],"replies":[{"embeddable":true,"href":"https:\/\/nordicmart.andreevmaster.com\/da\/wp-json\/wp\/v2\/comments?post=27486"}],"wp:featuredmedia":[{"embeddable":true,"href":"https:\/\/nordicmart.andreevmaster.com\/da\/wp-json\/wp\/v2\/media\/45030"}],"wp:attachment":[{"href":"https:\/\/nordicmart.andreevmaster.com\/da\/wp-json\/wp\/v2\/media?parent=27486"}],"wp:term":[{"taxonomy":"product_brand","embeddable":true,"href":"https:\/\/nordicmart.andreevmaster.com\/da\/wp-json\/wp\/v2\/product_brand?post=27486"},{"taxonomy":"product_cat","embeddable":true,"href":"https:\/\/nordicmart.andreevmaster.com\/da\/wp-json\/wp\/v2\/product_cat?post=27486"},{"taxonomy":"product_tag","embeddable":true,"href":"https:\/\/nordicmart.andreevmaster.com\/da\/wp-json\/wp\/v2\/product_tag?post=27486"}],"curies":[{"name":"wp","href":"https:\/\/api.w.org\/{rel}","templated":true}]}}