{"id":27485,"date":"2026-02-27T00:37:13","date_gmt":"2026-02-27T00:37:13","guid":{"rendered":"https:\/\/nordicmart.andreevmaster.com\/product\/aerkeenglen-michael-dekorativ-figur-mc-90181\/"},"modified":"2026-02-27T09:15:42","modified_gmt":"2026-02-27T09:15:42","slug":"aerkeenglen-michael-dekorativ-figur-mc-90181","status":"publish","type":"product","link":"https:\/\/nordicmart.andreevmaster.com\/da\/vare\/aerkeenglen-michael-dekorativ-figur-mc-90181\/","title":{"rendered":"\u00c6rkeenglen Michael &#8211; dekorativ figur &#8211; MC-90181"},"content":{"rendered":"<p>\u00c6rkeenglen Michael &#8211; dekorativ figur &#8211; MC-90181&nbsp;&nbsp;Denne originale figur viser det afg\u00f8rende \u00f8jeblik i kampen mellem \u00e6rkeenglen Michael og Lucifer. Michael, som symbol p\u00e5 lys og godhed, sejrer over de faldne engle. Den dynamiske komposition og det detaljerede h\u00e5ndv\u00e6rk g\u00f8r denne figur til et fantastisk dekorativt element. Fremstillet af polyresin af h\u00f8j kvalitet.&nbsp;\u00c6rkeenglen Michael er en af de mest genkendelige figurer inden for religion og kunst. Hans image, der ofte afbildes i kamp med d\u00e6moner, b\u00e6rer en dyb symbolik. Michael er indbegrebet af styrke, mod og loyalitet over for Gud. Som leder af en h\u00e6r af engle symboliserer han det godes sejr over det onde. Hans sv\u00e6rd er et symbol p\u00e5 magt og retf\u00e6rdighed, og den v\u00e6gt, han ofte holder, symboliserer den endelige dom og afvejningen af menneskets handlinger.&nbsp;&nbsp;Produktinformation:&nbsp;M\u00e5l: H\u00f8jde 13 cm, bredde 12 cm, dybde 5 cm.V\u00e6gt: 0,72 kgMateriale: polyresinFarve: guld, brune nuancer&nbsp;<\/p>\n","protected":false},"excerpt":{"rendered":"<p>\u00c6rkeenglen Michael &#8211; dekorativ figur &#8211; MC-90181&nbsp;&nbsp;Denne originale figur viser det afg\u00f8rende \u00f8jeblik i kampen mellem \u00e6rkeenglen Michael og Lucifer. Michael, som symbol p\u00e5 lys og godhed, sejrer over de faldne engle. Den dynamiske komposition og det detaljerede h\u00e5ndv\u00e6rk g\u00f8r denne figur til et fantastisk dekorativt element. Fremstillet af polyresin af h\u00f8j kvalitet.&nbsp;\u00c6rkeenglen Michael er [&hellip;]<\/p>\n","protected":false},"featured_media":45029,"comment_status":"open","ping_status":"closed","template":"","meta":[],"product_brand":[],"product_cat":[31],"product_tag":[],"class_list":{"0":"post-27485","1":"product","2":"type-product","3":"status-publish","4":"has-post-thumbnail","6":"product_cat-uncategorized-da","8":"first","9":"instock","10":"shipping-taxable","11":"purchasable","12":"product-type-simple"},"_links":{"self":[{"href":"https:\/\/nordicmart.andreevmaster.com\/da\/wp-json\/wp\/v2\/product\/27485","targetHints":{"allow":["GET"]}}],"collection":[{"href":"https:\/\/nordicmart.andreevmaster.com\/da\/wp-json\/wp\/v2\/product"}],"about":[{"href":"https:\/\/nordicmart.andreevmaster.com\/da\/wp-json\/wp\/v2\/types\/product"}],"replies":[{"embeddable":true,"href":"https:\/\/nordicmart.andreevmaster.com\/da\/wp-json\/wp\/v2\/comments?post=27485"}],"wp:featuredmedia":[{"embeddable":true,"href":"https:\/\/nordicmart.andreevmaster.com\/da\/wp-json\/wp\/v2\/media\/45029"}],"wp:attachment":[{"href":"https:\/\/nordicmart.andreevmaster.com\/da\/wp-json\/wp\/v2\/media?parent=27485"}],"wp:term":[{"taxonomy":"product_brand","embeddable":true,"href":"https:\/\/nordicmart.andreevmaster.com\/da\/wp-json\/wp\/v2\/product_brand?post=27485"},{"taxonomy":"product_cat","embeddable":true,"href":"https:\/\/nordicmart.andreevmaster.com\/da\/wp-json\/wp\/v2\/product_cat?post=27485"},{"taxonomy":"product_tag","embeddable":true,"href":"https:\/\/nordicmart.andreevmaster.com\/da\/wp-json\/wp\/v2\/product_tag?post=27485"}],"curies":[{"name":"wp","href":"https:\/\/api.w.org\/{rel}","templated":true}]}}