{"id":27484,"date":"2026-02-27T00:37:13","date_gmt":"2026-02-27T00:37:13","guid":{"rendered":"https:\/\/nordicmart.andreevmaster.com\/product\/falk-maurice-ride-on-traktor-rod-push-toy-push-toy-opbevaringsrum-fra-1-ar\/"},"modified":"2026-02-27T09:15:41","modified_gmt":"2026-02-27T09:15:41","slug":"falk-maurice-ride-on-traktor-rod-push-toy-push-toy-opbevaringsrum-fra-1-ar","status":"publish","type":"product","link":"https:\/\/nordicmart.andreevmaster.com\/da\/vare\/falk-maurice-ride-on-traktor-rod-push-toy-push-toy-opbevaringsrum-fra-1-ar\/","title":{"rendered":"FALK Maurice Ride-on Traktor R\u00f8d Push Toy Push Toy Opbevaringsrum Fra 1 \u00e5r"},"content":{"rendered":"<p>Maurice er en charmerende traktor fra det franske m\u00e6rke Falk, der vil ledsage dit barns f\u00f8rste skridt. Lysende farver og afrundede former vil gl\u00e6de enhver toddler. At starte traktoren med en lille lydknap og lyden af en horn p\u00e5 rattet er en god f\u00f8rste lektion, der vil stimulere dit barns motoriske f\u00e6rdigheder og h\u00f8relse. Ved at k\u00f8re p\u00e5 leget\u00f8jet, lege med rattet med horn og dreje hjulene, \u00f8ver dit barn sig i koordination og balance. St\u00e5ende bag leget\u00f8jet kan de bruge det ergonomiske rygl\u00e6n til at l\u00e6re at g\u00e5 gennem leg, uden frygt og i fuld sikkerhed. Der er et lille opbevaringsrum under s\u00e6det til opbevaring af skatte.<\/p>\n<p>Egenskaber:<\/p>\n<p>&#8211; Til b\u00f8rn fra 12 m\u00e5neder &#8211; Leget\u00f8jet fungerer som et skubbeleget\u00f8j, der hj\u00e6lper b\u00f8rn med at l\u00e6re at g\u00e5 &#8211; Udstyret med et rat med horn &#8211; Komfortabelt s\u00e6de med opbevaringsplads til sm\u00e5 genstande &#8211; Rygl\u00e6n med et h\u00e5ndtag, som barnet kan styre med &#8211; Specielle tapper foran og bagp\u00e5 for at forhindre v\u00e6ltning &#8211; S\u00e6deh\u00f8jde fra gulvet: 23 cm &#8211; H\u00e5ndtagets h\u00f8jde: 46 cm &#8211; Fremstillet af 80 % genanvendt plast<\/p>\n<p>S\u00e6ttet indeholder:<\/p>\n<p>&#8211; Maurice traktor &#8211; skubbeleget\u00f8j<\/p>\n<p>Leget\u00f8jet udvikler:<\/p>\n<p>&#8211; Motoriske f\u00e6rdigheder &#8211; Balance &#8211; Motorisk koordination &#8211; Uafh\u00e6ngighed<\/p>\n","protected":false},"excerpt":{"rendered":"<p>Maurice er en charmerende traktor fra det franske m\u00e6rke Falk, der vil ledsage dit barns f\u00f8rste skridt. Lysende farver og afrundede former vil gl\u00e6de enhver toddler. At starte traktoren med en lille lydknap og lyden af en horn p\u00e5 rattet er en god f\u00f8rste lektion, der vil stimulere dit barns motoriske f\u00e6rdigheder og h\u00f8relse. Ved [&hellip;]<\/p>\n","protected":false},"featured_media":0,"comment_status":"open","ping_status":"closed","template":"","meta":[],"product_brand":[],"product_cat":[31],"product_tag":[],"class_list":{"0":"post-27484","1":"product","2":"type-product","3":"status-publish","5":"product_cat-uncategorized-da","7":"first","8":"instock","9":"shipping-taxable","10":"purchasable","11":"product-type-simple"},"_links":{"self":[{"href":"https:\/\/nordicmart.andreevmaster.com\/da\/wp-json\/wp\/v2\/product\/27484","targetHints":{"allow":["GET"]}}],"collection":[{"href":"https:\/\/nordicmart.andreevmaster.com\/da\/wp-json\/wp\/v2\/product"}],"about":[{"href":"https:\/\/nordicmart.andreevmaster.com\/da\/wp-json\/wp\/v2\/types\/product"}],"replies":[{"embeddable":true,"href":"https:\/\/nordicmart.andreevmaster.com\/da\/wp-json\/wp\/v2\/comments?post=27484"}],"wp:attachment":[{"href":"https:\/\/nordicmart.andreevmaster.com\/da\/wp-json\/wp\/v2\/media?parent=27484"}],"wp:term":[{"taxonomy":"product_brand","embeddable":true,"href":"https:\/\/nordicmart.andreevmaster.com\/da\/wp-json\/wp\/v2\/product_brand?post=27484"},{"taxonomy":"product_cat","embeddable":true,"href":"https:\/\/nordicmart.andreevmaster.com\/da\/wp-json\/wp\/v2\/product_cat?post=27484"},{"taxonomy":"product_tag","embeddable":true,"href":"https:\/\/nordicmart.andreevmaster.com\/da\/wp-json\/wp\/v2\/product_tag?post=27484"}],"curies":[{"name":"wp","href":"https:\/\/api.w.org\/{rel}","templated":true}]}}