{"id":27483,"date":"2026-02-27T00:37:13","date_gmt":"2026-02-27T00:37:13","guid":{"rendered":"https:\/\/nordicmart.andreevmaster.com\/product\/dinosaur-park-vandbord-step-2-vand-sandkasse-springvand\/"},"modified":"2026-02-27T09:15:41","modified_gmt":"2026-02-27T09:15:41","slug":"dinosaur-park-vandbord-step-2-vand-sandkasse-springvand","status":"publish","type":"product","link":"https:\/\/nordicmart.andreevmaster.com\/da\/vare\/dinosaur-park-vandbord-step-2-vand-sandkasse-springvand\/","title":{"rendered":"Dinosaur Park vandbord Step 2 vand sandkasse springvand"},"content":{"rendered":"<p>Dinosaur Park Adventure til sm\u00e5 opdagelsesrejsende er et eksklusivt Step2-produkt, der giver timevis af sjov udend\u00f8rs. Dette stabile vandbord med to rum til sm\u00e5 elskere af forhistorisk tid er udstyret med en stor sandkasse og en pool.<\/p>\n<p>Funktioner:<\/p>\n<p>* &#8211; 2-i-1 vandbordet og sandkassen er en fantastisk tilf\u00f8jelse til enhver legeplads i haven.<br \/>\n* &#8211; Det stabile vandbord med to rum til sm\u00e5 elskere af forhistorisk tid er udstyret med en stor sandkasse og en pool.<br \/>\n* &#8211; Tilbeh\u00f8r medf\u00f8lger for at g\u00f8re vandlegen mere varieret!<br \/>\n* &#8211; Der er en dr\u00e6nprop i bunden, som g\u00f8r det nemt at t\u00f8mme tanken efter leg.* &#8211; I midten er der en realistisk palme og en vulkan, der ogs\u00e5 fungerer som l\u00e5g til sandkassen. * &#8211; Vandbordet leveres med 7 forskellige tilbeh\u00f8rsdele, herunder flydende dinosaurfigurer, en skovl og vandbeholdere, som forbedrer dit barns motoriske f\u00e6rdigheder og stimulerer dets fantasi. Step2 \u2013 kvalitet f\u00f8rst, fantastisk leget\u00f8j bagefter! Hvis du g\u00e5r efter kvalitet og sikkerhed, n\u00e5r du v\u00e6lger leget\u00f8j til dit barn, vil hele sortimentet af fantastisk leget\u00f8j fra det amerikanske firma Step2 helt sikkert leve op til forventningerne hos b\u00f8rn, for\u00e6ldre, vuggestuer, b\u00f8rnehaver og andre uddannelsesinstitutioner. Step2 har produceret det bedste leget\u00f8j i USA i \u00e5rtier! Sortimentet omfatter sandkasser, havehuse, legepladser, v\u00e6rksteder, leget\u00f8j til at k\u00f8re p\u00e5, k\u00f8kkener og b\u00f8rnem\u00f8bler.<\/p>\n","protected":false},"excerpt":{"rendered":"<p>Dinosaur Park Adventure til sm\u00e5 opdagelsesrejsende er et eksklusivt Step2-produkt, der giver timevis af sjov udend\u00f8rs. Dette stabile vandbord med to rum til sm\u00e5 elskere af forhistorisk tid er udstyret med en stor sandkasse og en pool. Funktioner: * &#8211; 2-i-1 vandbordet og sandkassen er en fantastisk tilf\u00f8jelse til enhver legeplads i haven. * &#8211; [&hellip;]<\/p>\n","protected":false},"featured_media":0,"comment_status":"open","ping_status":"closed","template":"","meta":[],"product_brand":[],"product_cat":[31],"product_tag":[],"class_list":{"0":"post-27483","1":"product","2":"type-product","3":"status-publish","5":"product_cat-uncategorized-da","7":"first","8":"instock","9":"shipping-taxable","10":"purchasable","11":"product-type-simple"},"_links":{"self":[{"href":"https:\/\/nordicmart.andreevmaster.com\/da\/wp-json\/wp\/v2\/product\/27483","targetHints":{"allow":["GET"]}}],"collection":[{"href":"https:\/\/nordicmart.andreevmaster.com\/da\/wp-json\/wp\/v2\/product"}],"about":[{"href":"https:\/\/nordicmart.andreevmaster.com\/da\/wp-json\/wp\/v2\/types\/product"}],"replies":[{"embeddable":true,"href":"https:\/\/nordicmart.andreevmaster.com\/da\/wp-json\/wp\/v2\/comments?post=27483"}],"wp:attachment":[{"href":"https:\/\/nordicmart.andreevmaster.com\/da\/wp-json\/wp\/v2\/media?parent=27483"}],"wp:term":[{"taxonomy":"product_brand","embeddable":true,"href":"https:\/\/nordicmart.andreevmaster.com\/da\/wp-json\/wp\/v2\/product_brand?post=27483"},{"taxonomy":"product_cat","embeddable":true,"href":"https:\/\/nordicmart.andreevmaster.com\/da\/wp-json\/wp\/v2\/product_cat?post=27483"},{"taxonomy":"product_tag","embeddable":true,"href":"https:\/\/nordicmart.andreevmaster.com\/da\/wp-json\/wp\/v2\/product_tag?post=27483"}],"curies":[{"name":"wp","href":"https:\/\/api.w.org\/{rel}","templated":true}]}}