{"id":27482,"date":"2026-02-27T00:37:12","date_gmt":"2026-02-27T00:37:12","guid":{"rendered":"https:\/\/nordicmart.andreevmaster.com\/product\/step2-laguna-to-niveau-vandbord-sandkasse\/"},"modified":"2026-02-27T09:15:41","modified_gmt":"2026-02-27T09:15:41","slug":"step2-laguna-to-niveau-vandbord-sandkasse","status":"publish","type":"product","link":"https:\/\/nordicmart.andreevmaster.com\/da\/vare\/step2-laguna-to-niveau-vandbord-sandkasse\/","title":{"rendered":"STEP2 Laguna to-niveau vandbord sandkasse"},"content":{"rendered":"<p>Step2 Laguna vandbord i to niveauer<\/p>\n<p>Egenskaber: \u2022 Mulighed for at skabe et vandfald. \u2022 Med hj\u00e6lp fra havdyr kan vi bes\u00f8ge havfruens lagune eller sv\u00f8mme med delfiner. \u2022 Vandspinner i form af en s\u00f8stjerne. \u2022 Vi kan bruge ris, b\u00f8nner eller t\u00f8r pasta til sensorisk leg. \u2022 Paraply medf\u00f8lger. \u2022 Legetilbeh\u00f8r inkluderet: sigte, springbr\u00e6t, vandbr\u00e6t, 3 kopper, 4 figurer, vandspinner i form af en s\u00f8stjerne. \u2022 Den \u00f8verste tank rummer 7,57 liter vand, den nederste tank rummer 11,30 liter vand. \u2022 Let at samle. M\u00e5l: 43,5 x 110 x 63,5 cm (med paraply) 52,5 x 157,5 x 110 cm. Pakkem\u00e5l: 64,5 x 32,5 x 77 cm. V\u00e6gt: 8,2 kg. Fra 2 \u00e5r.<\/p>\n<p>Step2 \u2013 kvalitet f\u00f8rst, fantastisk leget\u00f8j bagefter! Hvis du g\u00e5r efter kvalitet og sikkerhed, n\u00e5r du v\u00e6lger leget\u00f8j til dit barn, vil det store udvalg af fantastiske leget\u00f8j fra det amerikanske firma Step2 helt sikkert leve op til forventningerne hos b\u00f8rn, for\u00e6ldre, vuggestuer, b\u00f8rnehaver og andre uddannelsesinstitutioner. Step2 har produceret det bedste leget\u00f8j i USA i \u00e5rtier! Sortimentet omfatter sandkasser, havehuse, legepladser, v\u00e6rksteder, leget\u00f8j til at k\u00f8re p\u00e5, k\u00f8kkener og b\u00f8rnem\u00f8bler.<\/p>\n","protected":false},"excerpt":{"rendered":"<p>Step2 Laguna vandbord i to niveauer Egenskaber: \u2022 Mulighed for at skabe et vandfald. \u2022 Med hj\u00e6lp fra havdyr kan vi bes\u00f8ge havfruens lagune eller sv\u00f8mme med delfiner. \u2022 Vandspinner i form af en s\u00f8stjerne. \u2022 Vi kan bruge ris, b\u00f8nner eller t\u00f8r pasta til sensorisk leg. \u2022 Paraply medf\u00f8lger. \u2022 Legetilbeh\u00f8r inkluderet: sigte, springbr\u00e6t, [&hellip;]<\/p>\n","protected":false},"featured_media":0,"comment_status":"open","ping_status":"closed","template":"","meta":[],"product_brand":[],"product_cat":[31],"product_tag":[],"class_list":{"0":"post-27482","1":"product","2":"type-product","3":"status-publish","5":"product_cat-uncategorized-da","7":"first","8":"instock","9":"shipping-taxable","10":"purchasable","11":"product-type-simple"},"_links":{"self":[{"href":"https:\/\/nordicmart.andreevmaster.com\/da\/wp-json\/wp\/v2\/product\/27482","targetHints":{"allow":["GET"]}}],"collection":[{"href":"https:\/\/nordicmart.andreevmaster.com\/da\/wp-json\/wp\/v2\/product"}],"about":[{"href":"https:\/\/nordicmart.andreevmaster.com\/da\/wp-json\/wp\/v2\/types\/product"}],"replies":[{"embeddable":true,"href":"https:\/\/nordicmart.andreevmaster.com\/da\/wp-json\/wp\/v2\/comments?post=27482"}],"wp:attachment":[{"href":"https:\/\/nordicmart.andreevmaster.com\/da\/wp-json\/wp\/v2\/media?parent=27482"}],"wp:term":[{"taxonomy":"product_brand","embeddable":true,"href":"https:\/\/nordicmart.andreevmaster.com\/da\/wp-json\/wp\/v2\/product_brand?post=27482"},{"taxonomy":"product_cat","embeddable":true,"href":"https:\/\/nordicmart.andreevmaster.com\/da\/wp-json\/wp\/v2\/product_cat?post=27482"},{"taxonomy":"product_tag","embeddable":true,"href":"https:\/\/nordicmart.andreevmaster.com\/da\/wp-json\/wp\/v2\/product_tag?post=27482"}],"curies":[{"name":"wp","href":"https:\/\/api.w.org\/{rel}","templated":true}]}}