{"id":27481,"date":"2026-02-27T00:37:12","date_gmt":"2026-02-27T00:37:12","guid":{"rendered":"https:\/\/nordicmart.andreevmaster.com\/product\/step2-rutschebane-med-rodt-legetoj-til-at-kore-pa\/"},"modified":"2026-02-27T09:15:41","modified_gmt":"2026-02-27T09:15:41","slug":"step2-rutschebane-med-rodt-legetoj-til-at-kore-pa","status":"publish","type":"product","link":"https:\/\/nordicmart.andreevmaster.com\/da\/vare\/step2-rutschebane-med-rodt-legetoj-til-at-kore-pa\/","title":{"rendered":"STEP2 Rutschebane med r\u00f8dt leget\u00f8j til at k\u00f8re p\u00e5"},"content":{"rendered":"<p>* &#8211; 2 s\u00e6t skridsikre trin l\u00e5ses sikkert fast i en 3-delt skinne, der giver adgang til platformen fra begge sider.<br \/>\n* &#8211; Fors\u00e6nkede fordybninger holder vognen p\u00e5 plads, indtil b\u00f8rnene er klar til at k\u00f8re.<br \/>\n* &#8211; Coaster-vognen har en h\u00f8j rygl\u00e6n, gel\u00e6nder og fodst\u00f8tter for en sikker k\u00f8rsel.* &#8211; Let at reng\u00f8re: Brug desinficerende klude eller husholdningsreng\u00f8ringsmidler, n\u00e5r du vil!<br \/>\n* &#8211; Minimal samling kr\u00e6ves af en voksen.<br \/>\n* &#8211; Pakken indeholder: 3-delt k\u00f8rebanespor, rutsjebane, platformstrin.<\/p>\n<p>Step2 \u2013 kvalitet f\u00f8rst, fantastisk leget\u00f8j bagefter! Hvis du prioriterer kvalitet og sikkerhed, n\u00e5r du v\u00e6lger leget\u00f8j til dit barn, vil hele sortimentet af fantastisk leget\u00f8j fra det amerikanske firma Step2 helt sikkert opfylde forventningerne hos b\u00f8rn, for\u00e6ldre, vuggestuer, b\u00f8rnehaver og andre uddannelsesinstitutioner. Step2 har produceret det bedste leget\u00f8j i USA i \u00e5rtier! Sortimentet omfatter sandkasser, havehuse, legepladser, v\u00e6rksteder, leget\u00f8j til at k\u00f8re p\u00e5, k\u00f8kkener og b\u00f8rnem\u00f8bler.<\/p>\n","protected":false},"excerpt":{"rendered":"<p>* &#8211; 2 s\u00e6t skridsikre trin l\u00e5ses sikkert fast i en 3-delt skinne, der giver adgang til platformen fra begge sider. * &#8211; Fors\u00e6nkede fordybninger holder vognen p\u00e5 plads, indtil b\u00f8rnene er klar til at k\u00f8re. * &#8211; Coaster-vognen har en h\u00f8j rygl\u00e6n, gel\u00e6nder og fodst\u00f8tter for en sikker k\u00f8rsel.* &#8211; Let at reng\u00f8re: Brug [&hellip;]<\/p>\n","protected":false},"featured_media":0,"comment_status":"open","ping_status":"closed","template":"","meta":[],"product_brand":[],"product_cat":[31],"product_tag":[],"class_list":{"0":"post-27481","1":"product","2":"type-product","3":"status-publish","5":"product_cat-uncategorized-da","7":"first","8":"instock","9":"shipping-taxable","10":"purchasable","11":"product-type-simple"},"_links":{"self":[{"href":"https:\/\/nordicmart.andreevmaster.com\/da\/wp-json\/wp\/v2\/product\/27481","targetHints":{"allow":["GET"]}}],"collection":[{"href":"https:\/\/nordicmart.andreevmaster.com\/da\/wp-json\/wp\/v2\/product"}],"about":[{"href":"https:\/\/nordicmart.andreevmaster.com\/da\/wp-json\/wp\/v2\/types\/product"}],"replies":[{"embeddable":true,"href":"https:\/\/nordicmart.andreevmaster.com\/da\/wp-json\/wp\/v2\/comments?post=27481"}],"wp:attachment":[{"href":"https:\/\/nordicmart.andreevmaster.com\/da\/wp-json\/wp\/v2\/media?parent=27481"}],"wp:term":[{"taxonomy":"product_brand","embeddable":true,"href":"https:\/\/nordicmart.andreevmaster.com\/da\/wp-json\/wp\/v2\/product_brand?post=27481"},{"taxonomy":"product_cat","embeddable":true,"href":"https:\/\/nordicmart.andreevmaster.com\/da\/wp-json\/wp\/v2\/product_cat?post=27481"},{"taxonomy":"product_tag","embeddable":true,"href":"https:\/\/nordicmart.andreevmaster.com\/da\/wp-json\/wp\/v2\/product_tag?post=27481"}],"curies":[{"name":"wp","href":"https:\/\/api.w.org\/{rel}","templated":true}]}}