{"id":27480,"date":"2026-02-27T00:37:12","date_gmt":"2026-02-27T00:37:12","guid":{"rendered":"https:\/\/nordicmart.andreevmaster.com\/product\/step2-waterfall-discovery-wall-little-explorer-2\/"},"modified":"2026-02-27T09:15:41","modified_gmt":"2026-02-27T09:15:41","slug":"step2-waterfall-discovery-wall-little-explorer-2","status":"publish","type":"product","link":"https:\/\/nordicmart.andreevmaster.com\/da\/vare\/step2-waterfall-discovery-wall-little-explorer-2\/","title":{"rendered":"STEP2 Waterfall Discovery Wall\u2122 Little Explorer"},"content":{"rendered":"<p>Waterfall Discovery Wall\u2122 er et fantastisk vandleges\u00e6t og et eksklusivt produkt fra Step2. Det dobbeltsidede bjerg med vandfald leveres med 13 forskellige tilbeh\u00f8rsdele, der sikrer sjov for hele familien. B\u00f8rnene kan nyde fuldst\u00e6ndig frihed, da hvert element i vandlabyrinten kan flyttes til et andet sted for at skabe deres egne designs. Sm\u00e5 opdagelsesrejsende vil v\u00e6re begejstrede for at se vandet str\u00f8mme gennem de forhindringer, det m\u00f8der. Hele s\u00e6ttet er fremstillet i USA af plast af h\u00f8jeste kvalitet. Vandbordet indeholder et 13-delt tilbeh\u00f8rss\u00e6t. V\u00e6gt: 5,4 kg Step2 \u2013 kvalitet f\u00f8rst, fantastisk leget\u00f8j bagefter! Hvis du g\u00e5r efter kvalitet og sikkerhed, n\u00e5r du v\u00e6lger leget\u00f8j til dit barn, vil hele sortimentet af fantastiske leget\u00f8j fra det amerikanske firma Step2 helt sikkert leve op til forventningerne hos b\u00f8rn, for\u00e6ldre, vuggestuer, b\u00f8rnehaver og andre uddannelsesinstitutioner. Step2 har produceret det bedste leget\u00f8j i USA i \u00e5rtier! Sortimentet omfatter sandkasser, havehuse, legepladser, v\u00e6rksteder, leget\u00f8j til at k\u00f8re p\u00e5, k\u00f8kkener og b\u00f8rnem\u00f8bler.<\/p>\n","protected":false},"excerpt":{"rendered":"<p>Waterfall Discovery Wall\u2122 er et fantastisk vandleges\u00e6t og et eksklusivt produkt fra Step2. Det dobbeltsidede bjerg med vandfald leveres med 13 forskellige tilbeh\u00f8rsdele, der sikrer sjov for hele familien. B\u00f8rnene kan nyde fuldst\u00e6ndig frihed, da hvert element i vandlabyrinten kan flyttes til et andet sted for at skabe deres egne designs. Sm\u00e5 opdagelsesrejsende vil v\u00e6re [&hellip;]<\/p>\n","protected":false},"featured_media":0,"comment_status":"open","ping_status":"closed","template":"","meta":[],"product_brand":[],"product_cat":[31],"product_tag":[],"class_list":{"0":"post-27480","1":"product","2":"type-product","3":"status-publish","5":"product_cat-uncategorized-da","7":"first","8":"instock","9":"shipping-taxable","10":"purchasable","11":"product-type-simple"},"_links":{"self":[{"href":"https:\/\/nordicmart.andreevmaster.com\/da\/wp-json\/wp\/v2\/product\/27480","targetHints":{"allow":["GET"]}}],"collection":[{"href":"https:\/\/nordicmart.andreevmaster.com\/da\/wp-json\/wp\/v2\/product"}],"about":[{"href":"https:\/\/nordicmart.andreevmaster.com\/da\/wp-json\/wp\/v2\/types\/product"}],"replies":[{"embeddable":true,"href":"https:\/\/nordicmart.andreevmaster.com\/da\/wp-json\/wp\/v2\/comments?post=27480"}],"wp:attachment":[{"href":"https:\/\/nordicmart.andreevmaster.com\/da\/wp-json\/wp\/v2\/media?parent=27480"}],"wp:term":[{"taxonomy":"product_brand","embeddable":true,"href":"https:\/\/nordicmart.andreevmaster.com\/da\/wp-json\/wp\/v2\/product_brand?post=27480"},{"taxonomy":"product_cat","embeddable":true,"href":"https:\/\/nordicmart.andreevmaster.com\/da\/wp-json\/wp\/v2\/product_cat?post=27480"},{"taxonomy":"product_tag","embeddable":true,"href":"https:\/\/nordicmart.andreevmaster.com\/da\/wp-json\/wp\/v2\/product_tag?post=27480"}],"curies":[{"name":"wp","href":"https:\/\/api.w.org\/{rel}","templated":true}]}}