{"id":27479,"date":"2026-02-27T00:37:12","date_gmt":"2026-02-27T00:37:12","guid":{"rendered":"https:\/\/nordicmart.andreevmaster.com\/product\/step2-tarn-med-gynger-legeplads-rutsjebane\/"},"modified":"2026-02-27T09:15:40","modified_gmt":"2026-02-27T09:15:40","slug":"step2-tarn-med-gynger-legeplads-rutsjebane","status":"publish","type":"product","link":"https:\/\/nordicmart.andreevmaster.com\/da\/vare\/step2-tarn-med-gynger-legeplads-rutsjebane\/","title":{"rendered":"STEP2 T\u00e5rn med gynger Legeplads Rutsjebane"},"content":{"rendered":"<p>Denne klassiske legeplads med et unikt design vil gl\u00e6de alle b\u00f8rn og opmuntre dem til at tilbringe tid udend\u00f8rs. Denne multifunktionelle, stabile og overraskende legeplads giver b\u00f8rnene mulighed for at opleve sp\u00e6ndingen ved sport, giver dem den n\u00f8dvendige m\u00e6ngde motion og udvikler deres fysiske kondition, samtidig med at sikkerhedsreglerne overholdes.<\/p>\n<p>Funktioner:<\/p>\n<p>* &#8211; Legepladsen indeholder: en 130 cm lang stige og rutsjebane, to gynger og et rat.<br \/>\n* &#8211; Maksimal v\u00e6gt pr. gynge: 27 kg.<br \/>\n* &#8211; To gynger af st\u00e6rkt, fleksibelt gummi sikrer sikker gyngning for b\u00e5de mindre og st\u00f8rre b\u00f8rn.<br \/>\n* &#8211; Holdbare, dobbelte plastv\u00e6gge kr\u00e6ver ikke tidskr\u00e6vende og kompliceret vedligeholdelse.<br \/>\n* &#8211; Let at samle.<\/p>\n<p>Step2 \u2013 kvalitet f\u00f8rst, fantastisk leget\u00f8j bagefter! Hvis du g\u00e5r efter kvalitet og sikkerhed, n\u00e5r du v\u00e6lger leget\u00f8j til dit barn, vil hele sortimentet af fantastisk leget\u00f8j fra det amerikanske firma Step2 helt sikkert leve op til forventningerne hos b\u00f8rn, for\u00e6ldre, vuggestuer, b\u00f8rnehaver og andre uddannelsesinstitutioner. Step2 har produceret det bedste leget\u00f8j i USA i \u00e5rtier! Sortimentet omfatter sandkasser, havehuse, legepladser, v\u00e6rksteder, leget\u00f8j til at k\u00f8re p\u00e5, k\u00f8kkener og b\u00f8rnem\u00f8bler.<\/p>\n","protected":false},"excerpt":{"rendered":"<p>Denne klassiske legeplads med et unikt design vil gl\u00e6de alle b\u00f8rn og opmuntre dem til at tilbringe tid udend\u00f8rs. Denne multifunktionelle, stabile og overraskende legeplads giver b\u00f8rnene mulighed for at opleve sp\u00e6ndingen ved sport, giver dem den n\u00f8dvendige m\u00e6ngde motion og udvikler deres fysiske kondition, samtidig med at sikkerhedsreglerne overholdes. Funktioner: * &#8211; Legepladsen indeholder: [&hellip;]<\/p>\n","protected":false},"featured_media":0,"comment_status":"open","ping_status":"closed","template":"","meta":[],"product_brand":[],"product_cat":[31],"product_tag":[],"class_list":{"0":"post-27479","1":"product","2":"type-product","3":"status-publish","5":"product_cat-uncategorized-da","7":"first","8":"instock","9":"shipping-taxable","10":"purchasable","11":"product-type-simple"},"_links":{"self":[{"href":"https:\/\/nordicmart.andreevmaster.com\/da\/wp-json\/wp\/v2\/product\/27479","targetHints":{"allow":["GET"]}}],"collection":[{"href":"https:\/\/nordicmart.andreevmaster.com\/da\/wp-json\/wp\/v2\/product"}],"about":[{"href":"https:\/\/nordicmart.andreevmaster.com\/da\/wp-json\/wp\/v2\/types\/product"}],"replies":[{"embeddable":true,"href":"https:\/\/nordicmart.andreevmaster.com\/da\/wp-json\/wp\/v2\/comments?post=27479"}],"wp:attachment":[{"href":"https:\/\/nordicmart.andreevmaster.com\/da\/wp-json\/wp\/v2\/media?parent=27479"}],"wp:term":[{"taxonomy":"product_brand","embeddable":true,"href":"https:\/\/nordicmart.andreevmaster.com\/da\/wp-json\/wp\/v2\/product_brand?post=27479"},{"taxonomy":"product_cat","embeddable":true,"href":"https:\/\/nordicmart.andreevmaster.com\/da\/wp-json\/wp\/v2\/product_cat?post=27479"},{"taxonomy":"product_tag","embeddable":true,"href":"https:\/\/nordicmart.andreevmaster.com\/da\/wp-json\/wp\/v2\/product_tag?post=27479"}],"curies":[{"name":"wp","href":"https:\/\/api.w.org\/{rel}","templated":true}]}}