{"id":27478,"date":"2026-02-27T00:37:11","date_gmt":"2026-02-27T00:37:11","guid":{"rendered":"https:\/\/nordicmart.andreevmaster.com\/product\/step2-picnic-table-with-umbrella-and-benches-2\/"},"modified":"2026-02-27T09:15:40","modified_gmt":"2026-02-27T09:15:40","slug":"step2-picnic-table-with-umbrella-and-benches-2","status":"publish","type":"product","link":"https:\/\/nordicmart.andreevmaster.com\/da\/vare\/step2-picnic-table-with-umbrella-and-benches-2\/","title":{"rendered":"STEP2 Picnic Table with Umbrella and Benches"},"content":{"rendered":"<p>Picnicbord til seks b\u00f8rn med to b\u00e6nke med specialformede s\u00e6der. Fremstillet af massiv plast med dobbeltv\u00e6gge fyldt med luft. Elementernes betydelige tykkelse, mindst 5-6 cm, muligg\u00f8r langvarig brug af bordet, og den store, over 100 cm lange og 50 cm brede massive bordplade og stabile bordkonstruktion sikrer sikker leg. Den medf\u00f8lgende parasol beskytter mod UV-str\u00e5ling. H\u00f8jden fra jorden til bordpladen er mindst 50 cm, hvilket g\u00f8r det muligt for b\u00f8rn af forskellig h\u00f8jde at bruge bordet.<\/p>\n<p>V\u00e6gt: 16 kg<\/p>\n<p>Maksimalt antal brugere: 6 personer. Maksimal samlet v\u00e6gtgr\u00e6nse: 135 kg. Maksimal b\u00f8rnev\u00e6gt: 22,5 kg.<\/p>\n<p>Step2 \u2013 kvalitet f\u00f8rst, fantastisk leget\u00f8j bagefter! Hvis du prioriterer kvalitet og sikkerhed, n\u00e5r du v\u00e6lger leget\u00f8j til dit barn, vil hele sortimentet af fantastisk leget\u00f8j fra det amerikanske firma Step2 helt sikkert opfylde forventningerne hos b\u00f8rn, for\u00e6ldre, vuggestuer, b\u00f8rnehaver og andre uddannelsesinstitutioner. Step2 har produceret det bedste leget\u00f8j i USA i \u00e5rtier! Sortimentet omfatter sandkasser, havehuse, legepladser, v\u00e6rksteder, leget\u00f8j til at k\u00f8re p\u00e5, k\u00f8kkener og b\u00f8rnem\u00f8bler.<\/p>\n","protected":false},"excerpt":{"rendered":"<p>Picnicbord til seks b\u00f8rn med to b\u00e6nke med specialformede s\u00e6der. Fremstillet af massiv plast med dobbeltv\u00e6gge fyldt med luft. Elementernes betydelige tykkelse, mindst 5-6 cm, muligg\u00f8r langvarig brug af bordet, og den store, over 100 cm lange og 50 cm brede massive bordplade og stabile bordkonstruktion sikrer sikker leg. Den medf\u00f8lgende parasol beskytter mod UV-str\u00e5ling. [&hellip;]<\/p>\n","protected":false},"featured_media":0,"comment_status":"open","ping_status":"closed","template":"","meta":[],"product_brand":[],"product_cat":[31],"product_tag":[],"class_list":{"0":"post-27478","1":"product","2":"type-product","3":"status-publish","5":"product_cat-uncategorized-da","7":"first","8":"instock","9":"shipping-taxable","10":"purchasable","11":"product-type-simple"},"_links":{"self":[{"href":"https:\/\/nordicmart.andreevmaster.com\/da\/wp-json\/wp\/v2\/product\/27478","targetHints":{"allow":["GET"]}}],"collection":[{"href":"https:\/\/nordicmart.andreevmaster.com\/da\/wp-json\/wp\/v2\/product"}],"about":[{"href":"https:\/\/nordicmart.andreevmaster.com\/da\/wp-json\/wp\/v2\/types\/product"}],"replies":[{"embeddable":true,"href":"https:\/\/nordicmart.andreevmaster.com\/da\/wp-json\/wp\/v2\/comments?post=27478"}],"wp:attachment":[{"href":"https:\/\/nordicmart.andreevmaster.com\/da\/wp-json\/wp\/v2\/media?parent=27478"}],"wp:term":[{"taxonomy":"product_brand","embeddable":true,"href":"https:\/\/nordicmart.andreevmaster.com\/da\/wp-json\/wp\/v2\/product_brand?post=27478"},{"taxonomy":"product_cat","embeddable":true,"href":"https:\/\/nordicmart.andreevmaster.com\/da\/wp-json\/wp\/v2\/product_cat?post=27478"},{"taxonomy":"product_tag","embeddable":true,"href":"https:\/\/nordicmart.andreevmaster.com\/da\/wp-json\/wp\/v2\/product_tag?post=27478"}],"curies":[{"name":"wp","href":"https:\/\/api.w.org\/{rel}","templated":true}]}}