{"id":27477,"date":"2026-02-27T00:37:11","date_gmt":"2026-02-27T00:37:11","guid":{"rendered":"https:\/\/nordicmart.andreevmaster.com\/product\/step2-klatrestativ-med-rutsjebane\/"},"modified":"2026-02-27T09:15:40","modified_gmt":"2026-02-27T09:15:40","slug":"step2-klatrestativ-med-rutsjebane","status":"publish","type":"product","link":"https:\/\/nordicmart.andreevmaster.com\/da\/vare\/step2-klatrestativ-med-rutsjebane\/","title":{"rendered":"STEP2 Klatrestativ med rutsjebane"},"content":{"rendered":"<p>Step2 Monkey Grove-klatrestativet er lavet af solid plast, der ligner sten. Fem klatrev\u00e6gge med forskellige sv\u00e6rhedsgrader. V\u00e6ggene har h\u00e5ndtag, huller og trin. Den perfekte l\u00f8sning til en legeplads i b\u00f8rnehaven. Ideel til b\u00e5de st\u00f8rre b\u00f8rn og sm\u00e5b\u00f8rn!<\/p>\n<p>Funktioner:<\/p>\n<p>* &#8211; Fem klatrev\u00e6gge med forskellige sv\u00e6rhedsgrader.<br \/>\n* &#8211; V\u00e6ggene har h\u00e5ndtag, huller og trin, der hj\u00e6lper b\u00f8rnene med at klatre.<br \/>\n* &#8211; Den brede observationsplatform er udstyret med et rat og justerbare kikkerter.<br \/>\n* &#8211; Lang rutsjebane.<br \/>\n* &#8211; Talrige passager, tunneler og gemmesteder.<br \/>\n* &#8211; Det nederste trin kan bruges som siddeplads til hvile eller snacking.<br \/>\n* &#8211; Produktet er lavet af solid plast, der imiterer sten. Plast af h\u00f8j kvalitet g\u00f8r det nemt at opbevare, transportere og reng\u00f8re.<\/p>\n<p>Step2 \u2013 kvalitet f\u00f8rst, fantastisk leget\u00f8j bagefter! Hvis du g\u00e5r efter kvalitet og sikkerhed, n\u00e5r du v\u00e6lger leget\u00f8j til dit barn, vil hele sortimentet af fantastisk leget\u00f8j fra det amerikanske firma Step2 helt sikkert leve op til forventningerne hos b\u00f8rn, for\u00e6ldre, vuggestuer, b\u00f8rnehaver og andre uddannelsesinstitutioner. Step2 har produceret det bedste leget\u00f8j i USA i \u00e5rtier! Sortimentet omfatter sandkasser, havehuse, legepladser, v\u00e6rksteder, leget\u00f8j til at k\u00f8re p\u00e5, k\u00f8kkener og b\u00f8rnem\u00f8bler.<\/p>\n","protected":false},"excerpt":{"rendered":"<p>Step2 Monkey Grove-klatrestativet er lavet af solid plast, der ligner sten. Fem klatrev\u00e6gge med forskellige sv\u00e6rhedsgrader. V\u00e6ggene har h\u00e5ndtag, huller og trin. Den perfekte l\u00f8sning til en legeplads i b\u00f8rnehaven. Ideel til b\u00e5de st\u00f8rre b\u00f8rn og sm\u00e5b\u00f8rn! Funktioner: * &#8211; Fem klatrev\u00e6gge med forskellige sv\u00e6rhedsgrader. * &#8211; V\u00e6ggene har h\u00e5ndtag, huller og trin, der hj\u00e6lper [&hellip;]<\/p>\n","protected":false},"featured_media":0,"comment_status":"open","ping_status":"closed","template":"","meta":[],"product_brand":[],"product_cat":[31],"product_tag":[],"class_list":{"0":"post-27477","1":"product","2":"type-product","3":"status-publish","5":"product_cat-uncategorized-da","7":"first","8":"instock","9":"shipping-taxable","10":"purchasable","11":"product-type-simple"},"_links":{"self":[{"href":"https:\/\/nordicmart.andreevmaster.com\/da\/wp-json\/wp\/v2\/product\/27477","targetHints":{"allow":["GET"]}}],"collection":[{"href":"https:\/\/nordicmart.andreevmaster.com\/da\/wp-json\/wp\/v2\/product"}],"about":[{"href":"https:\/\/nordicmart.andreevmaster.com\/da\/wp-json\/wp\/v2\/types\/product"}],"replies":[{"embeddable":true,"href":"https:\/\/nordicmart.andreevmaster.com\/da\/wp-json\/wp\/v2\/comments?post=27477"}],"wp:attachment":[{"href":"https:\/\/nordicmart.andreevmaster.com\/da\/wp-json\/wp\/v2\/media?parent=27477"}],"wp:term":[{"taxonomy":"product_brand","embeddable":true,"href":"https:\/\/nordicmart.andreevmaster.com\/da\/wp-json\/wp\/v2\/product_brand?post=27477"},{"taxonomy":"product_cat","embeddable":true,"href":"https:\/\/nordicmart.andreevmaster.com\/da\/wp-json\/wp\/v2\/product_cat?post=27477"},{"taxonomy":"product_tag","embeddable":true,"href":"https:\/\/nordicmart.andreevmaster.com\/da\/wp-json\/wp\/v2\/product_tag?post=27477"}],"curies":[{"name":"wp","href":"https:\/\/api.w.org\/{rel}","templated":true}]}}