{"id":27476,"date":"2026-02-27T00:37:11","date_gmt":"2026-02-27T00:37:11","guid":{"rendered":"https:\/\/nordicmart.andreevmaster.com\/product\/replika-af-en-pistol-pa-en-bojle-til-ophaeng-pa-vaeggen-tr-239\/"},"modified":"2026-02-27T09:15:40","modified_gmt":"2026-02-27T09:15:40","slug":"replika-af-en-pistol-pa-en-bojle-til-ophaeng-pa-vaeggen-tr-239","status":"publish","type":"product","link":"https:\/\/nordicmart.andreevmaster.com\/da\/vare\/replika-af-en-pistol-pa-en-bojle-til-ophaeng-pa-vaeggen-tr-239\/","title":{"rendered":"Replika af en pistol p\u00e5 en b\u00f8jle \u2013 til oph\u00e6ng p\u00e5 v\u00e6ggen \u2013 TR-239"},"content":{"rendered":"<p>Replika af en pistol p\u00e5 en b\u00f8jle &#8211; til oph\u00e6ng p\u00e5 v\u00e6ggen &#8211; TR-239&nbsp;&nbsp;&nbsp;Elegant replika af en kapselpistol, der er en tro kopi af det historiske original. Med sin rige ornamentik og pr\u00e6cise tr\u00e6- og metalbearbejdning er den et unikt samlerobjekt og en i\u00f8jnefaldende indretningsdetalje.&nbsp;&nbsp;Produktinformation:&nbsp;Materiale: tr\u00e6, metalDimensioner p\u00e5 b\u00f8jlen: 32 x 13 cmPistoll\u00e6ngde: 31 cmRige dekorationerN\u00f8jagtigt gengivet replikaH\u00f8j kvalitet i udf\u00f8relsen &#8211; autentisk udseende med opm\u00e6rksomhed p\u00e5 alle detaljerPraktisk udstilling &#8211; leveres med en tr\u00e6b\u00f8jle til at h\u00e6nge p\u00e5 v\u00e6ggen&nbsp;&nbsp;Perfekt gave til historieentusiaster&nbsp;&nbsp;Til samlere af historiske v\u00e5ben \u2013 en fantastisk tilf\u00f8jelse til samlingen. Stilfuldt dekorativt element \u2013 perfekt til arbejdsv\u00e6relset, stuen eller biblioteket. Elegant gave \u2013 perfekt til en mand, der v\u00e6rds\u00e6tter us\u00e6dvanlige ornamenter. Dette produkt er en samlerdekoration. Det er ikke et leget\u00f8j. Opbevares utilg\u00e6ngeligt for b\u00f8rn.<\/p>\n","protected":false},"excerpt":{"rendered":"<p>Replika af en pistol p\u00e5 en b\u00f8jle &#8211; til oph\u00e6ng p\u00e5 v\u00e6ggen &#8211; TR-239&nbsp;&nbsp;&nbsp;Elegant replika af en kapselpistol, der er en tro kopi af det historiske original. Med sin rige ornamentik og pr\u00e6cise tr\u00e6- og metalbearbejdning er den et unikt samlerobjekt og en i\u00f8jnefaldende indretningsdetalje.&nbsp;&nbsp;Produktinformation:&nbsp;Materiale: tr\u00e6, metalDimensioner p\u00e5 b\u00f8jlen: 32 x 13 cmPistoll\u00e6ngde: 31 cmRige [&hellip;]<\/p>\n","protected":false},"featured_media":45028,"comment_status":"open","ping_status":"closed","template":"","meta":[],"product_brand":[],"product_cat":[31],"product_tag":[],"class_list":{"0":"post-27476","1":"product","2":"type-product","3":"status-publish","4":"has-post-thumbnail","6":"product_cat-uncategorized-da","8":"first","9":"instock","10":"shipping-taxable","11":"purchasable","12":"product-type-simple"},"_links":{"self":[{"href":"https:\/\/nordicmart.andreevmaster.com\/da\/wp-json\/wp\/v2\/product\/27476","targetHints":{"allow":["GET"]}}],"collection":[{"href":"https:\/\/nordicmart.andreevmaster.com\/da\/wp-json\/wp\/v2\/product"}],"about":[{"href":"https:\/\/nordicmart.andreevmaster.com\/da\/wp-json\/wp\/v2\/types\/product"}],"replies":[{"embeddable":true,"href":"https:\/\/nordicmart.andreevmaster.com\/da\/wp-json\/wp\/v2\/comments?post=27476"}],"wp:featuredmedia":[{"embeddable":true,"href":"https:\/\/nordicmart.andreevmaster.com\/da\/wp-json\/wp\/v2\/media\/45028"}],"wp:attachment":[{"href":"https:\/\/nordicmart.andreevmaster.com\/da\/wp-json\/wp\/v2\/media?parent=27476"}],"wp:term":[{"taxonomy":"product_brand","embeddable":true,"href":"https:\/\/nordicmart.andreevmaster.com\/da\/wp-json\/wp\/v2\/product_brand?post=27476"},{"taxonomy":"product_cat","embeddable":true,"href":"https:\/\/nordicmart.andreevmaster.com\/da\/wp-json\/wp\/v2\/product_cat?post=27476"},{"taxonomy":"product_tag","embeddable":true,"href":"https:\/\/nordicmart.andreevmaster.com\/da\/wp-json\/wp\/v2\/product_tag?post=27476"}],"curies":[{"name":"wp","href":"https:\/\/api.w.org\/{rel}","templated":true}]}}