{"id":27475,"date":"2026-02-27T00:37:10","date_gmt":"2026-02-27T00:37:10","guid":{"rendered":"https:\/\/nordicmart.andreevmaster.com\/product\/smoby-balance-beam-2\/"},"modified":"2026-02-27T09:15:40","modified_gmt":"2026-02-27T09:15:40","slug":"smoby-balance-beam-2","status":"publish","type":"product","link":"https:\/\/nordicmart.andreevmaster.com\/da\/vare\/smoby-balance-beam-2\/","title":{"rendered":"Smoby Balance Beam"},"content":{"rendered":"<p>Smoby Balance Beam er en unik sensorisk balancebane designet til b\u00f8rn fra 2 \u00e5r og opefter. Den hj\u00e6lper de sm\u00e5 med at udvikle motorisk koordination, \u00f8ve balance og opleve en r\u00e6kke sensoriske stimuli. At lege p\u00e5 balancebommen er ikke kun tr\u00e6ning af motoriske f\u00e6rdigheder, men ogs\u00e5 rigtig sjovt, b\u00e5de hjemme og udend\u00f8rs.S\u00e6ttet best\u00e5r af fire lange (70 cm) paneler med forskellige teksturer og fire baser til fastg\u00f8relse af dem. Elementerne kan konfigureres p\u00e5 enhver m\u00e5de, s\u00e5 du kan skabe en rute p\u00e5 op til 3,5 meter, der er tilpasset dit barns evner. Det er en god id\u00e9 at g\u00e5 barfodet p\u00e5 banen, da dette \u00f8ger de sensoriske oplevelser og har en positiv effekt p\u00e5 udviklingen af nervesystemet.Takket v\u00e6re sin vejrbestandige ANTI-UV-bel\u00e6gning er balancebommen velegnet til brug b\u00e5de indend\u00f8rs og udend\u00f8rs. Produktet er bl\u00e6sest\u00f8bt \u2013 panelerne er i \u00e9t stykke, hvilket sikrer deres holdbarhed og lethed og eliminerer behovet for yderligere samling.<\/p>\n<p>### Egenskaber:<\/p>\n<p>* &#8211; Alder: 2 \u00e5r<br \/>\n* &#8211; Maksimal belastning: 50 kg<br \/>\n* &#8211; 4 paneler, 70 cm lange, og 4 monteringsbaser<br \/>\n* &#8211; Overflade med forskellige teksturer for intense sanseoplevelser<br \/>\n* &#8211; Kan konfigureres p\u00e5 enhver m\u00e5de \u2013 maksimal sti-l\u00e6ngde er 3,5 meter<br \/>\n* &#8211; ANTI-UV-bel\u00e6gning \u2013 modstandsdygtig over for sollys, forhindrer farvefading<br \/>\n* &#8211; Fremstillet af holdbart plast \u2013 let at holde rent<br \/>\n* &#8211; Afd\u00e6mpede, naturlige farver<br \/>\n* &#8211; Milj\u00f8venlig Smoby Life-serie \u2013 57 % af materialet er genanvendt<\/p>\n<p>### Leget\u00f8jet udvikler:<\/p>\n<p>* &#8211; Motorisk koordination \u2013 tr\u00e6ner balance, kropskontrol og evnen til at opretholde ligev\u00e6gt<br \/>\n* &#8211; Grovmotorik \u2013 underst\u00f8tter korrekt muskeludvikling og forbedrer kropsholdningens stabilitet<br \/>\n* &#8211; Sensorisk bevidsthed \u2013 forskellige panelstrukturer giver stimuli, der underst\u00f8tter sensorisk udvikling<br \/>\n* &#8211; Selvtillid og mod \u2013 barnet overvinder gradvist sv\u00e6rere banekonfigurationer<br \/>\n* &#8211; Kognitive evner \u2013 eksperimentering med banens layout underst\u00f8tter kreativitet og logisk t\u00e6nkning<\/p>\n","protected":false},"excerpt":{"rendered":"<p>Smoby Balance Beam er en unik sensorisk balancebane designet til b\u00f8rn fra 2 \u00e5r og opefter. Den hj\u00e6lper de sm\u00e5 med at udvikle motorisk koordination, \u00f8ve balance og opleve en r\u00e6kke sensoriske stimuli. At lege p\u00e5 balancebommen er ikke kun tr\u00e6ning af motoriske f\u00e6rdigheder, men ogs\u00e5 rigtig sjovt, b\u00e5de hjemme og udend\u00f8rs.S\u00e6ttet best\u00e5r af fire [&hellip;]<\/p>\n","protected":false},"featured_media":0,"comment_status":"open","ping_status":"closed","template":"","meta":[],"product_brand":[],"product_cat":[31],"product_tag":[],"class_list":{"0":"post-27475","1":"product","2":"type-product","3":"status-publish","5":"product_cat-uncategorized-da","7":"first","8":"instock","9":"shipping-taxable","10":"purchasable","11":"product-type-simple"},"_links":{"self":[{"href":"https:\/\/nordicmart.andreevmaster.com\/da\/wp-json\/wp\/v2\/product\/27475","targetHints":{"allow":["GET"]}}],"collection":[{"href":"https:\/\/nordicmart.andreevmaster.com\/da\/wp-json\/wp\/v2\/product"}],"about":[{"href":"https:\/\/nordicmart.andreevmaster.com\/da\/wp-json\/wp\/v2\/types\/product"}],"replies":[{"embeddable":true,"href":"https:\/\/nordicmart.andreevmaster.com\/da\/wp-json\/wp\/v2\/comments?post=27475"}],"wp:attachment":[{"href":"https:\/\/nordicmart.andreevmaster.com\/da\/wp-json\/wp\/v2\/media?parent=27475"}],"wp:term":[{"taxonomy":"product_brand","embeddable":true,"href":"https:\/\/nordicmart.andreevmaster.com\/da\/wp-json\/wp\/v2\/product_brand?post=27475"},{"taxonomy":"product_cat","embeddable":true,"href":"https:\/\/nordicmart.andreevmaster.com\/da\/wp-json\/wp\/v2\/product_cat?post=27475"},{"taxonomy":"product_tag","embeddable":true,"href":"https:\/\/nordicmart.andreevmaster.com\/da\/wp-json\/wp\/v2\/product_tag?post=27475"}],"curies":[{"name":"wp","href":"https:\/\/api.w.org\/{rel}","templated":true}]}}