{"id":27474,"date":"2026-02-27T00:37:10","date_gmt":"2026-02-27T00:37:10","guid":{"rendered":"https:\/\/nordicmart.andreevmaster.com\/product\/smoby-life-vand-og-sandlegekokken\/"},"modified":"2026-02-27T09:15:39","modified_gmt":"2026-02-27T09:15:39","slug":"smoby-life-vand-og-sandlegekokken","status":"publish","type":"product","link":"https:\/\/nordicmart.andreevmaster.com\/da\/vare\/smoby-life-vand-og-sandlegekokken\/","title":{"rendered":"Smoby Life vand- og sandlegek\u00f8kken"},"content":{"rendered":"<p>Smoby Life vand- og sandlegek\u00f8kken er det f\u00f8rste leget\u00f8j af sin art til haven, der kombinerer gl\u00e6den ved at lege med vand og sand. Det giver b\u00f8rnene mulighed for at skabe deres egne udend\u00f8rs k\u00f8kkenhistorier og eksperimentere med vand, sand og naturmaterialer, som de finder i haven. Det er en fantastisk m\u00e5de at tilbringe tid udend\u00f8rs p\u00e5 og udvikle kreativitet, manuelle f\u00e6rdigheder og sociale kompetencer.<\/p>\n<p>Funktioner:<\/p>\n<p>* &#8211; Alder: 3 \u00e5r<br \/>\n* &#8211; K\u00f8kken til leg med vand og sand.<br \/>\n* &#8211; Aftagelige beholdere til vand og sand.<br \/>\n* &#8211; Vandhane med knap til at m\u00e5le vand med.<br \/>\n* &#8211; 15 tilbeh\u00f8rsdele medf\u00f8lger: sigte, kurv, \u00f8se, rive, skovl.<br \/>\n* &#8211; L\u00e5g til bakken til opbevaring af skatte.<br \/>\n* &#8211; Robust plastkonstruktion.<br \/>\n* &#8211; ANTI-UV-bel\u00e6gning for at beskytte mod falmning.* &#8211; Milj\u00f8venlig \u2013 90 % genanvendte materialer.<br \/>\n* &#8211; Skal samles af en voksen.<\/p>\n<p>Leget\u00f8jet udvikler:<\/p>\n<p>* &#8211; Kreativitet gennem leg med madlavning.<br \/>\n* &#8211; Finmotorik gennem h\u00e5ndtering af tilbeh\u00f8r.<br \/>\n* &#8211; Manuel fingerf\u00e6rdighed gennem brug af havev\u00e6rkt\u00f8j.<br \/>\n* &#8211; Sociale f\u00e6rdigheder gennem leg i gruppen.<\/p>\n","protected":false},"excerpt":{"rendered":"<p>Smoby Life vand- og sandlegek\u00f8kken er det f\u00f8rste leget\u00f8j af sin art til haven, der kombinerer gl\u00e6den ved at lege med vand og sand. Det giver b\u00f8rnene mulighed for at skabe deres egne udend\u00f8rs k\u00f8kkenhistorier og eksperimentere med vand, sand og naturmaterialer, som de finder i haven. Det er en fantastisk m\u00e5de at tilbringe tid [&hellip;]<\/p>\n","protected":false},"featured_media":0,"comment_status":"open","ping_status":"closed","template":"","meta":[],"product_brand":[],"product_cat":[31],"product_tag":[],"class_list":{"0":"post-27474","1":"product","2":"type-product","3":"status-publish","5":"product_cat-uncategorized-da","7":"first","8":"instock","9":"shipping-taxable","10":"purchasable","11":"product-type-simple"},"_links":{"self":[{"href":"https:\/\/nordicmart.andreevmaster.com\/da\/wp-json\/wp\/v2\/product\/27474","targetHints":{"allow":["GET"]}}],"collection":[{"href":"https:\/\/nordicmart.andreevmaster.com\/da\/wp-json\/wp\/v2\/product"}],"about":[{"href":"https:\/\/nordicmart.andreevmaster.com\/da\/wp-json\/wp\/v2\/types\/product"}],"replies":[{"embeddable":true,"href":"https:\/\/nordicmart.andreevmaster.com\/da\/wp-json\/wp\/v2\/comments?post=27474"}],"wp:attachment":[{"href":"https:\/\/nordicmart.andreevmaster.com\/da\/wp-json\/wp\/v2\/media?parent=27474"}],"wp:term":[{"taxonomy":"product_brand","embeddable":true,"href":"https:\/\/nordicmart.andreevmaster.com\/da\/wp-json\/wp\/v2\/product_brand?post=27474"},{"taxonomy":"product_cat","embeddable":true,"href":"https:\/\/nordicmart.andreevmaster.com\/da\/wp-json\/wp\/v2\/product_cat?post=27474"},{"taxonomy":"product_tag","embeddable":true,"href":"https:\/\/nordicmart.andreevmaster.com\/da\/wp-json\/wp\/v2\/product_tag?post=27474"}],"curies":[{"name":"wp","href":"https:\/\/api.w.org\/{rel}","templated":true}]}}