{"id":27473,"date":"2026-02-27T00:37:10","date_gmt":"2026-02-27T00:37:10","guid":{"rendered":"https:\/\/nordicmart.andreevmaster.com\/product\/smoby-play-center-2\/"},"modified":"2026-02-27T09:15:39","modified_gmt":"2026-02-27T09:15:39","slug":"smoby-play-center-2","status":"publish","type":"product","link":"https:\/\/nordicmart.andreevmaster.com\/da\/vare\/smoby-play-center-2\/","title":{"rendered":"Smoby Play Center"},"content":{"rendered":"<p>Smoby Play Center er et fantastisk udend\u00f8rs legeomr\u00e5de, der giver b\u00f8rn timevis af aktiv sjov og udvikling af f\u00e6rdigheder. S\u00e6ttet kombinerer sport, sjov og afslapning og skaber det perfekte sted for de sm\u00e5. Takket v\u00e6re de mange forskellige elementer vil dette kompleks blive alle b\u00f8rns yndlingssted. Smoby Play Center er fantastisk udend\u00f8rs sjov, der kombinerer sport, afslapning og kreativitet. En rutsjebane, basketball, fodbold og en klatrev\u00e6g er blot nogle af de attraktioner, der vil gl\u00e6de alle sm\u00e5b\u00f8rn.<\/p>\n<p>Produktets egenskaber:<\/p>\n<p>* &#8211; Alder: 2 \u00e5r<br \/>\n* &#8211; Bagplade med basketballkurv<br \/>\n* &#8211; Fodboldm\u00e5l med net (bolde medf\u00f8lger ikke)<br \/>\n* &#8211; Klatrev\u00e6g til udvikling af styrke og balance<br \/>\n* &#8211; 150 cm lang rutsjebane<br \/>\n* &#8211; Overd\u00e6kket legehus med d\u00f8r, der kan \u00e5bnes, perfekt til hvile<br \/>\n* &#8211; ANTI-UV-bel\u00e6gning, beskytter mod farvefading i solen<br \/>\n* &#8211; Milj\u00f8venlige materialer, 62 % af materialerne er genanvendte<br \/>\n* &#8211; Holdbart plast, let at reng\u00f8re<\/p>\n<p>Leget\u00f8jet udvikler:<\/p>\n<p>* &#8211; Motorisk koordination og atletiske f\u00e6rdigheder<br \/>\n* &#8211; Kreativitet og fantasi gennem forskellige former for leg<br \/>\n* &#8211; Styrke, balance og selvtillid ved klatring<\/p>\n<p>[img-125951-left-thickbox_default]<\/p>\n<p>[img-125943-left-thickbox_default]<\/p>\n","protected":false},"excerpt":{"rendered":"<p>Smoby Play Center er et fantastisk udend\u00f8rs legeomr\u00e5de, der giver b\u00f8rn timevis af aktiv sjov og udvikling af f\u00e6rdigheder. S\u00e6ttet kombinerer sport, sjov og afslapning og skaber det perfekte sted for de sm\u00e5. Takket v\u00e6re de mange forskellige elementer vil dette kompleks blive alle b\u00f8rns yndlingssted. Smoby Play Center er fantastisk udend\u00f8rs sjov, der kombinerer [&hellip;]<\/p>\n","protected":false},"featured_media":0,"comment_status":"open","ping_status":"closed","template":"","meta":[],"product_brand":[],"product_cat":[31],"product_tag":[],"class_list":{"0":"post-27473","1":"product","2":"type-product","3":"status-publish","5":"product_cat-uncategorized-da","7":"first","8":"instock","9":"shipping-taxable","10":"purchasable","11":"product-type-simple"},"_links":{"self":[{"href":"https:\/\/nordicmart.andreevmaster.com\/da\/wp-json\/wp\/v2\/product\/27473","targetHints":{"allow":["GET"]}}],"collection":[{"href":"https:\/\/nordicmart.andreevmaster.com\/da\/wp-json\/wp\/v2\/product"}],"about":[{"href":"https:\/\/nordicmart.andreevmaster.com\/da\/wp-json\/wp\/v2\/types\/product"}],"replies":[{"embeddable":true,"href":"https:\/\/nordicmart.andreevmaster.com\/da\/wp-json\/wp\/v2\/comments?post=27473"}],"wp:attachment":[{"href":"https:\/\/nordicmart.andreevmaster.com\/da\/wp-json\/wp\/v2\/media?parent=27473"}],"wp:term":[{"taxonomy":"product_brand","embeddable":true,"href":"https:\/\/nordicmart.andreevmaster.com\/da\/wp-json\/wp\/v2\/product_brand?post=27473"},{"taxonomy":"product_cat","embeddable":true,"href":"https:\/\/nordicmart.andreevmaster.com\/da\/wp-json\/wp\/v2\/product_cat?post=27473"},{"taxonomy":"product_tag","embeddable":true,"href":"https:\/\/nordicmart.andreevmaster.com\/da\/wp-json\/wp\/v2\/product_tag?post=27473"}],"curies":[{"name":"wp","href":"https:\/\/api.w.org\/{rel}","templated":true}]}}