{"id":27472,"date":"2026-02-27T00:37:10","date_gmt":"2026-02-27T00:37:10","guid":{"rendered":"https:\/\/nordicmart.andreevmaster.com\/product\/step2-farverigt-2-i-1-vandboldbord\/"},"modified":"2026-02-27T09:15:39","modified_gmt":"2026-02-27T09:15:39","slug":"step2-farverigt-2-i-1-vandboldbord","status":"publish","type":"product","link":"https:\/\/nordicmart.andreevmaster.com\/da\/vare\/step2-farverigt-2-i-1-vandboldbord\/","title":{"rendered":"STEP2 Farverigt 2-i-1 vandboldbord"},"content":{"rendered":"<p>Dette farverige boldbord er super sjovt med vand! Der har aldrig v\u00e6ret et bord som dette f\u00f8r! Fyld det med vand og s\u00e6t boldene i bev\u00e6gelse ved hj\u00e6lp af katapulten. Det farverige design og de mange boldrender giver dit barn mulighed for at udvikle sine motoriske f\u00e6rdigheder fuldt ud. Bordet er perfekt til leg b\u00e5de udend\u00f8rs og indend\u00f8rs. Du kan endda lege uden vand! Bordet kan ogs\u00e5 fyldes med sand. Afl\u00f8bsproppen sikrer hurtig t\u00f8mning af bordet og nem reng\u00f8ring efter leg.<br \/>\nFunktioner:<br \/>\n* &#8211; Tre forskellige baner, som kuglerne kan bev\u00e6ge sig langs<br \/>\n* &#8211; Kuglekarrusel<br \/>\n* &#8211; 10 kugler medf\u00f8lger<br \/>\n* &#8211; To katapulter<br \/>\n* &#8211; Kapacitet 15 L<br \/>\n* &#8211; Samling af en voksen anbefales<br \/>\nStep2 \u2013 kvalitet f\u00f8rst, fantastisk leget\u00f8j bagefter! Hvis du prioriterer kvalitet og sikkerhed, n\u00e5r du v\u00e6lger leget\u00f8j til dit barn, vil hele sortimentet af fantastisk leget\u00f8j fra det amerikanske firma Step2 helt sikkert opfylde forventningerne hos b\u00f8rn, for\u00e6ldre, vuggestuer, b\u00f8rnehaver og andre uddannelsesinstitutioner. Step2 har produceret det bedste leget\u00f8j i USA i \u00e5rtier! Sortimentet omfatter sandkasser, havehuse, legepladser, v\u00e6rksteder, leget\u00f8j til at k\u00f8re p\u00e5, k\u00f8kkener og b\u00f8rnem\u00f8bler.<\/p>\n","protected":false},"excerpt":{"rendered":"<p>Dette farverige boldbord er super sjovt med vand! Der har aldrig v\u00e6ret et bord som dette f\u00f8r! Fyld det med vand og s\u00e6t boldene i bev\u00e6gelse ved hj\u00e6lp af katapulten. Det farverige design og de mange boldrender giver dit barn mulighed for at udvikle sine motoriske f\u00e6rdigheder fuldt ud. Bordet er perfekt til leg b\u00e5de [&hellip;]<\/p>\n","protected":false},"featured_media":0,"comment_status":"open","ping_status":"closed","template":"","meta":[],"product_brand":[],"product_cat":[31],"product_tag":[],"class_list":{"0":"post-27472","1":"product","2":"type-product","3":"status-publish","5":"product_cat-uncategorized-da","7":"first","8":"instock","9":"shipping-taxable","10":"purchasable","11":"product-type-simple"},"_links":{"self":[{"href":"https:\/\/nordicmart.andreevmaster.com\/da\/wp-json\/wp\/v2\/product\/27472","targetHints":{"allow":["GET"]}}],"collection":[{"href":"https:\/\/nordicmart.andreevmaster.com\/da\/wp-json\/wp\/v2\/product"}],"about":[{"href":"https:\/\/nordicmart.andreevmaster.com\/da\/wp-json\/wp\/v2\/types\/product"}],"replies":[{"embeddable":true,"href":"https:\/\/nordicmart.andreevmaster.com\/da\/wp-json\/wp\/v2\/comments?post=27472"}],"wp:attachment":[{"href":"https:\/\/nordicmart.andreevmaster.com\/da\/wp-json\/wp\/v2\/media?parent=27472"}],"wp:term":[{"taxonomy":"product_brand","embeddable":true,"href":"https:\/\/nordicmart.andreevmaster.com\/da\/wp-json\/wp\/v2\/product_brand?post=27472"},{"taxonomy":"product_cat","embeddable":true,"href":"https:\/\/nordicmart.andreevmaster.com\/da\/wp-json\/wp\/v2\/product_cat?post=27472"},{"taxonomy":"product_tag","embeddable":true,"href":"https:\/\/nordicmart.andreevmaster.com\/da\/wp-json\/wp\/v2\/product_tag?post=27472"}],"curies":[{"name":"wp","href":"https:\/\/api.w.org\/{rel}","templated":true}]}}