{"id":27471,"date":"2026-02-27T00:37:09","date_gmt":"2026-02-27T00:37:09","guid":{"rendered":"https:\/\/nordicmart.andreevmaster.com\/product\/step2-dobbeltsidet-staffeli-med-tilbehor\/"},"modified":"2026-02-27T09:15:39","modified_gmt":"2026-02-27T09:15:39","slug":"step2-dobbeltsidet-staffeli-med-tilbehor","status":"publish","type":"product","link":"https:\/\/nordicmart.andreevmaster.com\/da\/vare\/step2-dobbeltsidet-staffeli-med-tilbehor\/","title":{"rendered":"STEP2 dobbeltsidet staffeli med tilbeh\u00f8r"},"content":{"rendered":"<p>Step2 dobbelt tavle til sm\u00e5b\u00f8rn \u2013 traditionel kridttavle p\u00e5 den ene side og whiteboard p\u00e5 den anden, med mulighed for at fastg\u00f8re magnetiske bogstaver, tal og symboler i skum. S\u00e6ttet indeholder i alt 94 elementer. Det bidrager til at skabe b\u00f8rns kunstv\u00e6rker og hj\u00e6lper \u00e6ldre b\u00f8rn med at l\u00e6re. Sm\u00e5 kunstnere kan vise deres kreativitet, mens de forbedrer deres motoriske f\u00e6rdigheder gennem skrivning, tegning og placering af magneter. Staffeliet kr\u00e6ver minimal samling af voksne, kan hurtigt s\u00e6ttes op og ligger fladt for nem opbevaring. Fremstillet i USA med nogle importerede dele.<\/p>\n<p>Funktioner:<\/p>\n<p>* &#8211; Tavlen er fremstillet af materialer af h\u00f8j kvalitet og er perfekt til en lille kunstners v\u00e6relse.<br \/>\n* &#8211; Dobbeltsidet tavle \u2013 den ene side er traditionel til at skrive med kridt p\u00e5, og den anden side er til t\u00f8rsletbare mark\u00f8rer og kan bruges til at fastg\u00f8re magnetiske bogstaver, tal og symboler af skumgummi p\u00e5.<br \/>\n* &#8211; S\u00e6ttet indeholder i alt 94 elementer.* &#8211; Over magnetbr\u00e6ttet er der en klemme til at holde papirark fast. * &#8211; Under tavlen og p\u00e5 siderne er der opbevaringsplads til svampe, mark\u00f8rer eller kridt. (medf\u00f8lger ikke)<br \/>\n* &#8211; Let at reng\u00f8re: Brug desinficerende klude eller husholdningsreng\u00f8ringsprodukter, n\u00e5r du vil!<br \/>\n* &#8211; I kassen: staffeli, dobbeltsidet tegnebr\u00e6t, 2 aftagelige sidebakker, 1 stor bakke, grafikklips, 94-delt s\u00e6t bl\u00f8de skummagneter.<\/p>\n<p>Step2 \u2013 kvalitet f\u00f8rst, fantastisk leget\u00f8j bagefter! Hvis du prioriterer kvalitet og sikkerhed, n\u00e5r du v\u00e6lger leget\u00f8j til dit barn, vil hele sortimentet af fantastisk leget\u00f8j fra det amerikanske firma Step2 helt sikkert opfylde forventningerne hos b\u00f8rn, for\u00e6ldre, vuggestuer, b\u00f8rnehaver og andre uddannelsesinstitutioner. Step2 har produceret det bedste leget\u00f8j i USA i \u00e5rtier! Sortimentet omfatter sandkasser, havehuse, legepladser, v\u00e6rksteder, leget\u00f8j til at k\u00f8re p\u00e5, k\u00f8kkener og b\u00f8rnem\u00f8bler.<\/p>\n","protected":false},"excerpt":{"rendered":"<p>Step2 dobbelt tavle til sm\u00e5b\u00f8rn \u2013 traditionel kridttavle p\u00e5 den ene side og whiteboard p\u00e5 den anden, med mulighed for at fastg\u00f8re magnetiske bogstaver, tal og symboler i skum. S\u00e6ttet indeholder i alt 94 elementer. Det bidrager til at skabe b\u00f8rns kunstv\u00e6rker og hj\u00e6lper \u00e6ldre b\u00f8rn med at l\u00e6re. Sm\u00e5 kunstnere kan vise deres kreativitet, [&hellip;]<\/p>\n","protected":false},"featured_media":0,"comment_status":"open","ping_status":"closed","template":"","meta":[],"product_brand":[],"product_cat":[31],"product_tag":[],"class_list":{"0":"post-27471","1":"product","2":"type-product","3":"status-publish","5":"product_cat-uncategorized-da","7":"first","8":"instock","9":"shipping-taxable","10":"purchasable","11":"product-type-simple"},"_links":{"self":[{"href":"https:\/\/nordicmart.andreevmaster.com\/da\/wp-json\/wp\/v2\/product\/27471","targetHints":{"allow":["GET"]}}],"collection":[{"href":"https:\/\/nordicmart.andreevmaster.com\/da\/wp-json\/wp\/v2\/product"}],"about":[{"href":"https:\/\/nordicmart.andreevmaster.com\/da\/wp-json\/wp\/v2\/types\/product"}],"replies":[{"embeddable":true,"href":"https:\/\/nordicmart.andreevmaster.com\/da\/wp-json\/wp\/v2\/comments?post=27471"}],"wp:attachment":[{"href":"https:\/\/nordicmart.andreevmaster.com\/da\/wp-json\/wp\/v2\/media?parent=27471"}],"wp:term":[{"taxonomy":"product_brand","embeddable":true,"href":"https:\/\/nordicmart.andreevmaster.com\/da\/wp-json\/wp\/v2\/product_brand?post=27471"},{"taxonomy":"product_cat","embeddable":true,"href":"https:\/\/nordicmart.andreevmaster.com\/da\/wp-json\/wp\/v2\/product_cat?post=27471"},{"taxonomy":"product_tag","embeddable":true,"href":"https:\/\/nordicmart.andreevmaster.com\/da\/wp-json\/wp\/v2\/product_tag?post=27471"}],"curies":[{"name":"wp","href":"https:\/\/api.w.org\/{rel}","templated":true}]}}