{"id":27470,"date":"2026-02-27T00:37:09","date_gmt":"2026-02-27T00:37:09","guid":{"rendered":"https:\/\/nordicmart.andreevmaster.com\/product\/step2-whister-ride-ii-buggy-pink-ride-on-car-2\/"},"modified":"2026-02-27T09:15:39","modified_gmt":"2026-02-27T09:15:39","slug":"step2-whister-ride-ii-buggy-pink-ride-on-car-2","status":"publish","type":"product","link":"https:\/\/nordicmart.andreevmaster.com\/da\/vare\/step2-whister-ride-ii-buggy-pink-ride-on-car-2\/","title":{"rendered":"STEP2 Whister Ride II Buggy Pink Ride-On Car"},"content":{"rendered":"<p>Denne charmerende leget\u00f8jsbil fra Step2 tilbyder uforglemmelige \u00f8jeblikke med underholdning, hvor man kan simulere at k\u00f8re i en rigtig superbil. Bilen er udstyret med et bev\u00e6geligt rat og en realistisk horn, der giver dit barn en autentisk k\u00f8reoplevelse. Den medf\u00f8lgende sikkerhedssele, opbevaringsrum under motorhjelmen til snacks og kopholdere p\u00e5 rattet og ved siden af rattet g\u00f8r turen endnu mere behagelig. <\/p>\n<p>Dette charmerende lyser\u00f8de k\u00f8ret\u00f8j har specielle Whisper-hjul, der reducerer st\u00f8j under k\u00f8rsel, og et sammenklappeligt h\u00e5ndtag for nem transport og opbevaring, hvilket sikrer bekvemmelighed under dine n\u00e6ste eventyr.<\/p>\n<p>Funktioner:<\/p>\n<p>* &#8211; leget\u00f8j beregnet til b\u00f8rn fra 18 m\u00e5neder og opefter<br \/>\n* &#8211; elegant, realistisk sportsvognsdesign med simuleret rat og fungerende horn<br \/>\n* &#8211; let sammenklappeligt h\u00e5ndtag for hurtig opbevaring og transport<br \/>\n* &#8211; opbevaringsrum under s\u00e6det og praktiske kopholdere g\u00f8r bilen ideel til l\u00e6ngere ture<\/p>\n","protected":false},"excerpt":{"rendered":"<p>Denne charmerende leget\u00f8jsbil fra Step2 tilbyder uforglemmelige \u00f8jeblikke med underholdning, hvor man kan simulere at k\u00f8re i en rigtig superbil. Bilen er udstyret med et bev\u00e6geligt rat og en realistisk horn, der giver dit barn en autentisk k\u00f8reoplevelse. Den medf\u00f8lgende sikkerhedssele, opbevaringsrum under motorhjelmen til snacks og kopholdere p\u00e5 rattet og ved siden af rattet [&hellip;]<\/p>\n","protected":false},"featured_media":0,"comment_status":"open","ping_status":"closed","template":"","meta":[],"product_brand":[],"product_cat":[31],"product_tag":[],"class_list":{"0":"post-27470","1":"product","2":"type-product","3":"status-publish","5":"product_cat-uncategorized-da","7":"first","8":"instock","9":"shipping-taxable","10":"purchasable","11":"product-type-simple"},"_links":{"self":[{"href":"https:\/\/nordicmart.andreevmaster.com\/da\/wp-json\/wp\/v2\/product\/27470","targetHints":{"allow":["GET"]}}],"collection":[{"href":"https:\/\/nordicmart.andreevmaster.com\/da\/wp-json\/wp\/v2\/product"}],"about":[{"href":"https:\/\/nordicmart.andreevmaster.com\/da\/wp-json\/wp\/v2\/types\/product"}],"replies":[{"embeddable":true,"href":"https:\/\/nordicmart.andreevmaster.com\/da\/wp-json\/wp\/v2\/comments?post=27470"}],"wp:attachment":[{"href":"https:\/\/nordicmart.andreevmaster.com\/da\/wp-json\/wp\/v2\/media?parent=27470"}],"wp:term":[{"taxonomy":"product_brand","embeddable":true,"href":"https:\/\/nordicmart.andreevmaster.com\/da\/wp-json\/wp\/v2\/product_brand?post=27470"},{"taxonomy":"product_cat","embeddable":true,"href":"https:\/\/nordicmart.andreevmaster.com\/da\/wp-json\/wp\/v2\/product_cat?post=27470"},{"taxonomy":"product_tag","embeddable":true,"href":"https:\/\/nordicmart.andreevmaster.com\/da\/wp-json\/wp\/v2\/product_tag?post=27470"}],"curies":[{"name":"wp","href":"https:\/\/api.w.org\/{rel}","templated":true}]}}