{"id":27469,"date":"2026-02-27T00:37:09","date_gmt":"2026-02-27T00:37:09","guid":{"rendered":"https:\/\/nordicmart.andreevmaster.com\/product\/smoby-basketballkurv\/"},"modified":"2026-02-27T09:15:38","modified_gmt":"2026-02-27T09:15:38","slug":"smoby-basketballkurv","status":"publish","type":"product","link":"https:\/\/nordicmart.andreevmaster.com\/da\/vare\/smoby-basketballkurv\/","title":{"rendered":"SMOBY Basketballkurv"},"content":{"rendered":"<p>Smoby Basketball Hoop er et sportsleget\u00f8j til b\u00f8rn over 3 \u00e5r. At skyde kurve er sjovt og god motion. Kurven kan fastg\u00f8res til Megagliss-rutsjebanen (820200) eller Smoby XL-rutsjebanen (820302). Du kan placere den enten p\u00e5 siden af rutsjebanen eller i enden, hvilket g\u00f8r legen mere varieret og interessant. Hvis du ikke har en Smoby-rutsjebane, er det ikke noget problem! Du kan ogs\u00e5 h\u00e6nge kurven op p\u00e5 v\u00e6ggen. S\u00e6ttet indeholder de n\u00f8dvendige monteringsdele til at fastg\u00f8re ringen.<\/p>\n<p>Egenskaber:<\/p>\n<p>* &#8211; leget\u00f8j til b\u00f8rn fra 3 \u00e5r,<br \/>\n* &#8211; basketballkurv &#8211; kan monteres p\u00e5 en rutsjebane eller v\u00e6g,<br \/>\n* &#8211; kompatibel med Smoby-rutsjebaner med f\u00f8lgende koder: 820302, 820303, 820200, 310261, 310260,<br \/>\n* &#8211; ANTI-UV-bel\u00e6gning &#8211; forhindrer farverne i at falme i solen,<br \/>\n* &#8211; net &#8211; lavet af bl\u00f8dt og holdbart materiale,<br \/>\n* &#8211; bold medf\u00f8lger ikke.<\/p>\n","protected":false},"excerpt":{"rendered":"<p>Smoby Basketball Hoop er et sportsleget\u00f8j til b\u00f8rn over 3 \u00e5r. At skyde kurve er sjovt og god motion. Kurven kan fastg\u00f8res til Megagliss-rutsjebanen (820200) eller Smoby XL-rutsjebanen (820302). Du kan placere den enten p\u00e5 siden af rutsjebanen eller i enden, hvilket g\u00f8r legen mere varieret og interessant. Hvis du ikke har en Smoby-rutsjebane, er [&hellip;]<\/p>\n","protected":false},"featured_media":0,"comment_status":"open","ping_status":"closed","template":"","meta":[],"product_brand":[],"product_cat":[31],"product_tag":[],"class_list":{"0":"post-27469","1":"product","2":"type-product","3":"status-publish","5":"product_cat-uncategorized-da","7":"first","8":"instock","9":"shipping-taxable","10":"purchasable","11":"product-type-simple"},"_links":{"self":[{"href":"https:\/\/nordicmart.andreevmaster.com\/da\/wp-json\/wp\/v2\/product\/27469","targetHints":{"allow":["GET"]}}],"collection":[{"href":"https:\/\/nordicmart.andreevmaster.com\/da\/wp-json\/wp\/v2\/product"}],"about":[{"href":"https:\/\/nordicmart.andreevmaster.com\/da\/wp-json\/wp\/v2\/types\/product"}],"replies":[{"embeddable":true,"href":"https:\/\/nordicmart.andreevmaster.com\/da\/wp-json\/wp\/v2\/comments?post=27469"}],"wp:attachment":[{"href":"https:\/\/nordicmart.andreevmaster.com\/da\/wp-json\/wp\/v2\/media?parent=27469"}],"wp:term":[{"taxonomy":"product_brand","embeddable":true,"href":"https:\/\/nordicmart.andreevmaster.com\/da\/wp-json\/wp\/v2\/product_brand?post=27469"},{"taxonomy":"product_cat","embeddable":true,"href":"https:\/\/nordicmart.andreevmaster.com\/da\/wp-json\/wp\/v2\/product_cat?post=27469"},{"taxonomy":"product_tag","embeddable":true,"href":"https:\/\/nordicmart.andreevmaster.com\/da\/wp-json\/wp\/v2\/product_tag?post=27469"}],"curies":[{"name":"wp","href":"https:\/\/api.w.org\/{rel}","templated":true}]}}