{"id":27468,"date":"2026-02-27T00:37:08","date_gmt":"2026-02-27T00:37:08","guid":{"rendered":"https:\/\/nordicmart.andreevmaster.com\/product\/smoby-xs-slide-frozen-water-slide-90cm-2\/"},"modified":"2026-02-27T09:15:38","modified_gmt":"2026-02-27T09:15:38","slug":"smoby-xs-slide-frozen-water-slide-90cm-2","status":"publish","type":"product","link":"https:\/\/nordicmart.andreevmaster.com\/da\/vare\/smoby-xs-slide-frozen-water-slide-90cm-2\/","title":{"rendered":"SMOBY XS Slide Frozen Water Slide 90cm"},"content":{"rendered":"<p>XS-rutsjebanen med licens fra Frozen er en stabil rutsjebane til de yngste b\u00f8rn, som er perfekt til b\u00e5de indend\u00f8rs og udend\u00f8rs brug. Rutsjebanen har en ergonomisk, skridsikker stige. Derudover er det muligt at tilslutte en haveslange for at spr\u00f8jte rutsjebanen, hvilket er perfekt til varme sommerdage. Efter legetiden kan rutsjebanen let foldes sammen for praktisk opbevaring. <\/p>\n<p>Funktioner: <\/p>\n<p>* &#8211; rutsjebane med licens fra eventyret Frozen,<br \/>\n* &#8211; rutsjebane l\u00e6ngde 90 cm,* &#8211; mulighed for at tilslutte en haveslange til rutsjebanen,<br \/>\n* &#8211; skridsikre trin,<br \/>\n* &#8211; billede lavet ved hj\u00e6lp af IML-teknologi (indlejret i rutsjebanens overflade), hvilket g\u00f8r trykket modstandsdygtigt over for slid,<br \/>\n* &#8211; maksimal belastning 50 kg,<br \/>\n* &#8211; ergonomisk og kompakt rutsjebane,<br \/>\n* &#8211; nem at samle og opbevare.<\/p>\n","protected":false},"excerpt":{"rendered":"<p>XS-rutsjebanen med licens fra Frozen er en stabil rutsjebane til de yngste b\u00f8rn, som er perfekt til b\u00e5de indend\u00f8rs og udend\u00f8rs brug. Rutsjebanen har en ergonomisk, skridsikker stige. Derudover er det muligt at tilslutte en haveslange for at spr\u00f8jte rutsjebanen, hvilket er perfekt til varme sommerdage. Efter legetiden kan rutsjebanen let foldes sammen for praktisk [&hellip;]<\/p>\n","protected":false},"featured_media":0,"comment_status":"open","ping_status":"closed","template":"","meta":[],"product_brand":[],"product_cat":[31],"product_tag":[],"class_list":{"0":"post-27468","1":"product","2":"type-product","3":"status-publish","5":"product_cat-uncategorized-da","7":"first","8":"instock","9":"shipping-taxable","10":"purchasable","11":"product-type-simple"},"_links":{"self":[{"href":"https:\/\/nordicmart.andreevmaster.com\/da\/wp-json\/wp\/v2\/product\/27468","targetHints":{"allow":["GET"]}}],"collection":[{"href":"https:\/\/nordicmart.andreevmaster.com\/da\/wp-json\/wp\/v2\/product"}],"about":[{"href":"https:\/\/nordicmart.andreevmaster.com\/da\/wp-json\/wp\/v2\/types\/product"}],"replies":[{"embeddable":true,"href":"https:\/\/nordicmart.andreevmaster.com\/da\/wp-json\/wp\/v2\/comments?post=27468"}],"wp:attachment":[{"href":"https:\/\/nordicmart.andreevmaster.com\/da\/wp-json\/wp\/v2\/media?parent=27468"}],"wp:term":[{"taxonomy":"product_brand","embeddable":true,"href":"https:\/\/nordicmart.andreevmaster.com\/da\/wp-json\/wp\/v2\/product_brand?post=27468"},{"taxonomy":"product_cat","embeddable":true,"href":"https:\/\/nordicmart.andreevmaster.com\/da\/wp-json\/wp\/v2\/product_cat?post=27468"},{"taxonomy":"product_tag","embeddable":true,"href":"https:\/\/nordicmart.andreevmaster.com\/da\/wp-json\/wp\/v2\/product_tag?post=27468"}],"curies":[{"name":"wp","href":"https:\/\/api.w.org\/{rel}","templated":true}]}}