{"id":27467,"date":"2026-02-27T00:37:08","date_gmt":"2026-02-27T00:37:08","guid":{"rendered":"https:\/\/nordicmart.andreevmaster.com\/product\/smoby-megagliss-2-i-1-rutsjebane\/"},"modified":"2026-02-27T09:15:38","modified_gmt":"2026-02-27T09:15:38","slug":"smoby-megagliss-2-i-1-rutsjebane","status":"publish","type":"product","link":"https:\/\/nordicmart.andreevmaster.com\/da\/vare\/smoby-megagliss-2-i-1-rutsjebane\/","title":{"rendered":"Smoby MEGAGLISS 2-i-1 rutsjebane"},"content":{"rendered":"<p>Smoby MEGAGLISS 2-i-1 rutsjebane er et unikt leget\u00f8j til haven, der vokser med dit barn. Med en 150 cm lang rutsjebane er den velegnet til b\u00f8rn helt ned til to \u00e5r, og med ekstra forl\u00e6ngelseselementer kan den omdannes til en mega-rutsjebane med en l\u00e6ngde p\u00e5 op til 360 cm, der er ideel til \u00e6ldre b\u00f8rn.Smoby-rutsjebanen sikrer de yngste b\u00f8rns sikkerhed \u2013 den brede base garanterer stabilitet, og de skridsikre trin og ergonomiske h\u00e5ndtag hj\u00e6lper b\u00f8rnene med at klatre og rutsje sikkert. Den er fremstillet af UV-resistente materialer, er ekstremt holdbar, falmer ikke i solen, og den robuste konstruktion sikrer, at den kan bruges i mange \u00e5r. Ideel til for\u00e6ldre, der s\u00f8ger et funktionelt leget\u00f8j, som vil give deres b\u00f8rn mange \u00e5rs udend\u00f8rs sjov.<\/p>\n<p>Egenskaber:<\/p>\n<p>* &#8211; Alder: 2 \u00e5r<br \/>\n* &#8211; Maks. belastning: 50 kg<br \/>\n* &#8211; Modul\u00e6rt design \u2013 rutsjebanens l\u00e6ngde fra 150 til 360 cm<br \/>\n* &#8211; Komfort og sikkerhed \u2013 store, ergonomiske h\u00e5ndtag og glat rutsjebaneoverflade<br \/>\n* &#8211; ANTI-UV-bel\u00e6gning \u2013 beskytter mod farvefading i solen<br \/>\n* &#8211; Afd\u00e6mpede farver \u2013 farver t\u00e6t p\u00e5 naturen<br \/>\n* &#8211; Skal samles af en ansvarlig voksen<br \/>\n* &#8211; Smoby Life eco-line \u2013 66 % af materialet er genanvendt<\/p>\n<p>Leget\u00f8jet udvikler:<\/p>\n<p>* &#8211; Motoriske f\u00e6rdigheder: At glide ned ad rutsjebanen fremmer udviklingen af balance og motorisk koordination.<br \/>\n* &#8211; Selvtillid: Det hj\u00e6lper b\u00f8rn med at overvinde udfordringer, hvilket udvikler deres mod og selvtillid.<br \/>\n* &#8211; Legegl\u00e6de: Takket v\u00e6re sin udvidelsesmulighed giver rutsjebanen langvarig legegl\u00e6de og vokser med barnet.<\/p>\n<p>[img-125983-left-thickbox_default]<\/p>\n<p>[img-125990-left-thickbox_default]<\/p>\n","protected":false},"excerpt":{"rendered":"<p>Smoby MEGAGLISS 2-i-1 rutsjebane er et unikt leget\u00f8j til haven, der vokser med dit barn. Med en 150 cm lang rutsjebane er den velegnet til b\u00f8rn helt ned til to \u00e5r, og med ekstra forl\u00e6ngelseselementer kan den omdannes til en mega-rutsjebane med en l\u00e6ngde p\u00e5 op til 360 cm, der er ideel til \u00e6ldre b\u00f8rn.Smoby-rutsjebanen [&hellip;]<\/p>\n","protected":false},"featured_media":0,"comment_status":"open","ping_status":"closed","template":"","meta":[],"product_brand":[],"product_cat":[31],"product_tag":[],"class_list":{"0":"post-27467","1":"product","2":"type-product","3":"status-publish","5":"product_cat-uncategorized-da","7":"first","8":"instock","9":"shipping-taxable","10":"purchasable","11":"product-type-simple"},"_links":{"self":[{"href":"https:\/\/nordicmart.andreevmaster.com\/da\/wp-json\/wp\/v2\/product\/27467","targetHints":{"allow":["GET"]}}],"collection":[{"href":"https:\/\/nordicmart.andreevmaster.com\/da\/wp-json\/wp\/v2\/product"}],"about":[{"href":"https:\/\/nordicmart.andreevmaster.com\/da\/wp-json\/wp\/v2\/types\/product"}],"replies":[{"embeddable":true,"href":"https:\/\/nordicmart.andreevmaster.com\/da\/wp-json\/wp\/v2\/comments?post=27467"}],"wp:attachment":[{"href":"https:\/\/nordicmart.andreevmaster.com\/da\/wp-json\/wp\/v2\/media?parent=27467"}],"wp:term":[{"taxonomy":"product_brand","embeddable":true,"href":"https:\/\/nordicmart.andreevmaster.com\/da\/wp-json\/wp\/v2\/product_brand?post=27467"},{"taxonomy":"product_cat","embeddable":true,"href":"https:\/\/nordicmart.andreevmaster.com\/da\/wp-json\/wp\/v2\/product_cat?post=27467"},{"taxonomy":"product_tag","embeddable":true,"href":"https:\/\/nordicmart.andreevmaster.com\/da\/wp-json\/wp\/v2\/product_tag?post=27467"}],"curies":[{"name":"wp","href":"https:\/\/api.w.org\/{rel}","templated":true}]}}